{"id":49563,"date":"2026-04-27T02:11:25","date_gmt":"2026-04-27T05:11:25","guid":{"rendered":"https:\/\/www.hediyepazar.com\/?product=fon-makinesi-2200-watt"},"modified":"2026-04-27T02:11:25","modified_gmt":"2026-04-27T05:11:25","slug":"fon-makinesi-2200-watt","status":"publish","type":"product","link":"https:\/\/www.hediyepazar.com\/?product=fon-makinesi-2200-watt","title":{"rendered":"F\u00f6n Makinesi 2200 Watt"},"content":{"rendered":"","protected":false},"excerpt":{"rendered":"<p>So\u011fuk \u00fcfleme fonksiyonu ile sa\u00e7\u0131n\u0131za verdi\u011finiz \u015fekli sabitleyebilirsiniz. Hava giri\u015fi kapand\u0131\u011f\u0131nda ve \u00fcr\u00fcn a\u015f\u0131r\u0131 \u0131s\u0131nd\u0131\u011f\u0131nda otomatik kapanma sa\u011flayan rezistans\u0131 ile g\u00fcvenle kullanabilirsiniz. Asma halkas\u0131 sayesinde diledi\u011finiz \u015fekilde muhafaza edebilirsiniz. \u00c7\u0131kar\u0131labilir arka kapak sayesinde temizli\u011fini kolayca yapabilirsiniz. Hava ak\u0131\u015f\u0131n\u0131 e\u015fit olarak sa\u00e7\u0131n geni\u015f alan\u0131na yayan hacim dif\u00fcz\u00f6r\u00fc sayesinde sa\u00e7\u0131n\u0131za istedi\u011finiz hacmi kazand\u0131rabilirsiniz. Sa\u00e7\u0131n\u0131za uygun s\u0131cakl\u0131k ve h\u0131z ayar\u0131n\u0131 kontrol butonlar\u0131 ile sa\u011flayabilirsiniz.2 kademeli h\u0131z, 3 kademeli \u0131s\u0131 ayar\u0131 So\u011fuk \u00fcfleme fonksiyonu (Cool Shot) Profesyonel f\u00f6n ba\u015fl\u0131\u011f\u0131 A\u015f\u0131r\u0131 \u0131s\u0131nmaya kar\u015f\u0131 sigorta sistemi ile korunma %100 bak\u0131r DC motor ve rezistans korumas\u0131 2200W Performans Hava \u00fcfleme \u00e7\u0131k\u0131\u015f\u0131n\u0131n ba\u015fl\u0131\u011f\u0131n\u0131n \u00e7ap\u0131 5 cm &#8216;dir<\/p>\n","protected":false},"featured_media":49562,"comment_status":"open","ping_status":"closed","template":"","meta":{"_kad_post_transparent":"","_kad_post_title":"","_kad_post_layout":"","_kad_post_sidebar_id":"","_kad_post_content_style":"","_kad_post_vertical_padding":"","_kad_post_feature":"","_kad_post_feature_position":"","_kad_post_header":false,"_kad_post_footer":false,"_kad_post_classname":""},"product_brand":[],"product_cat":[23],"product_tag":[],"class_list":{"0":"post-49563","1":"product","2":"type-product","3":"status-publish","4":"has-post-thumbnail","6":"product_cat-genel","8":"first","9":"instock","10":"purchasable","11":"product-type-simple","12":"entry","13":"content-bg","14":"loop-entry"},"_links":{"self":[{"href":"https:\/\/www.hediyepazar.com\/index.php?rest_route=\/wp\/v2\/product\/49563","targetHints":{"allow":["GET"]}}],"collection":[{"href":"https:\/\/www.hediyepazar.com\/index.php?rest_route=\/wp\/v2\/product"}],"about":[{"href":"https:\/\/www.hediyepazar.com\/index.php?rest_route=\/wp\/v2\/types\/product"}],"replies":[{"embeddable":true,"href":"https:\/\/www.hediyepazar.com\/index.php?rest_route=%2Fwp%2Fv2%2Fcomments&post=49563"}],"wp:featuredmedia":[{"embeddable":true,"href":"https:\/\/www.hediyepazar.com\/index.php?rest_route=\/wp\/v2\/media\/49562"}],"wp:attachment":[{"href":"https:\/\/www.hediyepazar.com\/index.php?rest_route=%2Fwp%2Fv2%2Fmedia&parent=49563"}],"wp:term":[{"taxonomy":"product_brand","embeddable":true,"href":"https:\/\/www.hediyepazar.com\/index.php?rest_route=%2Fwp%2Fv2%2Fproduct_brand&post=49563"},{"taxonomy":"product_cat","embeddable":true,"href":"https:\/\/www.hediyepazar.com\/index.php?rest_route=%2Fwp%2Fv2%2Fproduct_cat&post=49563"},{"taxonomy":"product_tag","embeddable":true,"href":"https:\/\/www.hediyepazar.com\/index.php?rest_route=%2Fwp%2Fv2%2Fproduct_tag&post=49563"}],"curies":[{"name":"wp","href":"https:\/\/api.w.org\/{rel}","templated":true}]}}