{"id":49565,"date":"2026-04-27T02:11:27","date_gmt":"2026-04-27T05:11:27","guid":{"rendered":"https:\/\/www.hediyepazar.com\/?product=rd-3138"},"modified":"2026-04-27T02:11:27","modified_gmt":"2026-04-27T05:11:27","slug":"rd-3138","status":"publish","type":"product","link":"https:\/\/www.hediyepazar.com\/?product=rd-3138","title":{"rendered":"Rd 3138"},"content":{"rendered":"","protected":false},"excerpt":{"rendered":"<p>Kablolu tasar\u0131m\u0131 sayesinde kesintisiz ve g\u00fc\u00e7l\u00fc performans \u015farj derdi olmadan istedi\u011finiz zaman t\u0131ra\u015f olman\u0131n konforunu ya\u015fay\u0131n &#8211; Sa\u00e7 ve sakal t\u0131ra\u015f ihtiya\u00e7lar\u0131n\u0131z i\u00e7in ideal \u00e7\u00f6z\u00fcm hem sa\u00e7lar\u0131 hem de sakallar\u0131 kolayca \u015fekillendirin &#8211; Kuru kullan\u0131m \u00f6zelli\u011fi ile h\u0131zl\u0131 ve pratik t\u0131ra\u015f deneyimi suya ihtiya\u00e7 duymadan h\u0131zl\u0131ca t\u0131ra\u015f olman\u0131n rahatl\u0131\u011f\u0131n\u0131 hissedin &#8211; Gen\u00e7lerin ihtiya\u00e7lar\u0131na \u00f6zel olarak tasarlanm\u0131\u015f gen\u00e7lerin g\u00fcvenle kullanabilece\u011fi ergonomik ve dayan\u0131kl\u0131 yap\u0131<\/p>\n","protected":false},"featured_media":49564,"comment_status":"open","ping_status":"closed","template":"","meta":{"_kad_post_transparent":"","_kad_post_title":"","_kad_post_layout":"","_kad_post_sidebar_id":"","_kad_post_content_style":"","_kad_post_vertical_padding":"","_kad_post_feature":"","_kad_post_feature_position":"","_kad_post_header":false,"_kad_post_footer":false,"_kad_post_classname":""},"product_brand":[],"product_cat":[23],"product_tag":[],"class_list":{"0":"post-49565","1":"product","2":"type-product","3":"status-publish","4":"has-post-thumbnail","6":"product_cat-genel","8":"first","9":"instock","10":"purchasable","11":"product-type-simple","12":"entry","13":"content-bg","14":"loop-entry"},"_links":{"self":[{"href":"https:\/\/www.hediyepazar.com\/index.php?rest_route=\/wp\/v2\/product\/49565","targetHints":{"allow":["GET"]}}],"collection":[{"href":"https:\/\/www.hediyepazar.com\/index.php?rest_route=\/wp\/v2\/product"}],"about":[{"href":"https:\/\/www.hediyepazar.com\/index.php?rest_route=\/wp\/v2\/types\/product"}],"replies":[{"embeddable":true,"href":"https:\/\/www.hediyepazar.com\/index.php?rest_route=%2Fwp%2Fv2%2Fcomments&post=49565"}],"wp:featuredmedia":[{"embeddable":true,"href":"https:\/\/www.hediyepazar.com\/index.php?rest_route=\/wp\/v2\/media\/49564"}],"wp:attachment":[{"href":"https:\/\/www.hediyepazar.com\/index.php?rest_route=%2Fwp%2Fv2%2Fmedia&parent=49565"}],"wp:term":[{"taxonomy":"product_brand","embeddable":true,"href":"https:\/\/www.hediyepazar.com\/index.php?rest_route=%2Fwp%2Fv2%2Fproduct_brand&post=49565"},{"taxonomy":"product_cat","embeddable":true,"href":"https:\/\/www.hediyepazar.com\/index.php?rest_route=%2Fwp%2Fv2%2Fproduct_cat&post=49565"},{"taxonomy":"product_tag","embeddable":true,"href":"https:\/\/www.hediyepazar.com\/index.php?rest_route=%2Fwp%2Fv2%2Fproduct_tag&post=49565"}],"curies":[{"name":"wp","href":"https:\/\/api.w.org\/{rel}","templated":true}]}}