{"id":49570,"date":"2026-04-27T02:11:33","date_gmt":"2026-04-27T05:11:33","guid":{"rendered":"https:\/\/www.hediyepazar.com\/?product=12-parca-manikur-pedikur-seti"},"modified":"2026-04-27T02:11:33","modified_gmt":"2026-04-27T05:11:33","slug":"12-parca-manikur-pedikur-seti","status":"publish","type":"product","link":"https:\/\/www.hediyepazar.com\/?product=12-parca-manikur-pedikur-seti","title":{"rendered":"12 Par\u00e7a Manik\u00fcr Pedik\u00fcr Seti"},"content":{"rendered":"","protected":false},"excerpt":{"rendered":"<p>\u00d6zel deri \u00e7antal\u0131 bu hepsi bir arada bak\u0131m seti ile el ve ayak bak\u0131m\u0131n\u0131z\u0131 zahmetsizce yaparak kuaf\u00f6r masraf\u0131ndan kurtulabilirsiniz. Paslanmaz \u00e7elikten \u00fcretilmi\u015f dayan\u0131kl\u0131 ve kaliteli aparatlar\u0131 sayesinde uzun \u00f6m\u00fcrl\u00fc kullan\u0131m sunan bu set, ta\u015f\u0131nabilir boyutu ile \u00e7antan\u0131zda rahatl\u0131kla ta\u015f\u0131nabilir ve seyahatlerinizde size e\u015flik eder. Setin i\u00e7erisinde kulak \u00e7ekme aparat\u0131, \u00e7ok ama\u00e7l\u0131 makas, manik\u00fcr makas\u0131, \u00fc\u00e7 farkl\u0131 t\u0131rnak makas\u0131\/d\u00fczeltici, pense, kir temizleme aparat\u0131, ka\u015f c\u0131mb\u0131z\u0131, manik\u00fcr b\u0131\u00e7a\u011f\u0131, t\u0131rnak t\u00f6rp\u00fcs\u00fc ve akne i\u011fnesi bulunur. \u015e\u0131k ve kullan\u0131\u015fl\u0131 deri \u00e7antas\u0131yla d\u00fczenli bir \u015fekilde saklanabilen bu set, hem g\u00fcnl\u00fck kullan\u0131m hem de hediye alternatifi olarak m\u00fckemmel bir se\u00e7enektir.<\/p>\n","protected":false},"featured_media":49569,"comment_status":"open","ping_status":"closed","template":"","meta":{"_kad_post_transparent":"","_kad_post_title":"","_kad_post_layout":"","_kad_post_sidebar_id":"","_kad_post_content_style":"","_kad_post_vertical_padding":"","_kad_post_feature":"","_kad_post_feature_position":"","_kad_post_header":false,"_kad_post_footer":false,"_kad_post_classname":""},"product_brand":[],"product_cat":[23],"product_tag":[],"class_list":{"0":"post-49570","1":"product","2":"type-product","3":"status-publish","4":"has-post-thumbnail","6":"product_cat-genel","8":"first","9":"instock","10":"purchasable","11":"product-type-simple","12":"entry","13":"content-bg","14":"loop-entry"},"_links":{"self":[{"href":"https:\/\/www.hediyepazar.com\/index.php?rest_route=\/wp\/v2\/product\/49570","targetHints":{"allow":["GET"]}}],"collection":[{"href":"https:\/\/www.hediyepazar.com\/index.php?rest_route=\/wp\/v2\/product"}],"about":[{"href":"https:\/\/www.hediyepazar.com\/index.php?rest_route=\/wp\/v2\/types\/product"}],"replies":[{"embeddable":true,"href":"https:\/\/www.hediyepazar.com\/index.php?rest_route=%2Fwp%2Fv2%2Fcomments&post=49570"}],"wp:featuredmedia":[{"embeddable":true,"href":"https:\/\/www.hediyepazar.com\/index.php?rest_route=\/wp\/v2\/media\/49569"}],"wp:attachment":[{"href":"https:\/\/www.hediyepazar.com\/index.php?rest_route=%2Fwp%2Fv2%2Fmedia&parent=49570"}],"wp:term":[{"taxonomy":"product_brand","embeddable":true,"href":"https:\/\/www.hediyepazar.com\/index.php?rest_route=%2Fwp%2Fv2%2Fproduct_brand&post=49570"},{"taxonomy":"product_cat","embeddable":true,"href":"https:\/\/www.hediyepazar.com\/index.php?rest_route=%2Fwp%2Fv2%2Fproduct_cat&post=49570"},{"taxonomy":"product_tag","embeddable":true,"href":"https:\/\/www.hediyepazar.com\/index.php?rest_route=%2Fwp%2Fv2%2Fproduct_tag&post=49570"}],"curies":[{"name":"wp","href":"https:\/\/api.w.org\/{rel}","templated":true}]}}