{"id":49575,"date":"2026-04-27T02:11:35","date_gmt":"2026-04-27T05:11:35","guid":{"rendered":"https:\/\/www.hediyepazar.com\/?product=profesyonel-tiras-makinesi-seti"},"modified":"2026-04-27T02:11:35","modified_gmt":"2026-04-27T05:11:35","slug":"profesyonel-tiras-makinesi-seti","status":"publish","type":"product","link":"https:\/\/www.hediyepazar.com\/?product=profesyonel-tiras-makinesi-seti","title":{"rendered":"Profesyonel T\u0131ra\u015f Makinesi Seti"},"content":{"rendered":"","protected":false},"excerpt":{"rendered":"<p>Profesyonel T\u0131ra\u015f Makinesi Seti Sa\u00e7 ve sakal t\u0131ra\u015f\u0131nda, kesti\u011finiz b\u00f6lgenin ne kadar uzun ne kadar k\u0131sa olaca\u011f\u0131na karar verebilmek istiyorsan\u0131z, bu t\u0131ra\u015f makinesi size uygun olaca. Farkl\u0131 ba\u015fl\u0131klara sahip olmas\u0131 sayesinde, sakalan\u0131z\u0131 ya da sa\u00e7\u0131n\u0131z\u0131 hangi uzunlukta kesmek istedi\u011finize karar verebileceksiniz. T\u0131ra\u015f olurken size engel olan bir kablo ayr\u0131nt\u0131s\u0131 ile u\u011fra\u015fmak zorunda de\u011filsiniz. Bu mecburiyetinizi bu t\u0131ra\u015f makinesi ile ortadan kald\u0131rabilirsiniz. T\u0131ra\u015f makinenizi \u015farj ettikten sonra, kabloya ba\u011fl\u0131 kalmadan makinenizi kullanabilme \u00f6zg\u00fcrl\u00fc\u011f\u00fcn\u00fcz olacak. \u015earj ettikten sonra yeniden \u015farja ihtiya\u00e7 duymadan, uzun s\u00fcre t\u0131ra\u015f olabileceksiniz. T\u0131ra\u015f\u0131n\u0131z\u0131 yar\u0131da kesmenize gerek kalmayacak. T\u0131ra\u015f makinenizi tam \u015farj ettikten sonra, aral\u0131ks\u0131z 60 dakika boyunca kullanabileceksiniz. H\u0131z ayar\u0131 sayesinde, t\u0131ra\u015f\u0131n\u0131z\u0131 daha \u00f6zenli bir \u015fekilde yapma \u015fans\u0131na sahipsiniz. \u015eekil vermek istedi\u011finiz bir alan oldu\u011funda, h\u0131z ayar\u0131n\u0131 d\u00fc\u015f\u00fcrebilirsiniz. H\u0131z ayar\u0131 2 kademede d\u00fc\u015f\u00fcr\u00fcl\u00fcp al\u00e7alt\u0131labiliyor. B\u00f6ylece istedi\u011finiz sonuca daha da yak\u0131nla\u015fm\u0131\u015f oluyorsunuz. T\u0131ra\u015f makineniz y\u0131llarca kullan\u0131lmaya uygun olacak \u015fekilde \u00fcretildi. Paslanmaz \u00e7elik malzemeden \u00fcretilmi\u015f b\u0131\u00e7aklar\u0131, bu sayede y\u0131llarca eskimez. Bununla birlikte keskinli\u011finden de yine y\u0131llarca bir \u015fey kaybetmez. Sa\u00e7\u0131n\u0131za ya da sakalan\u0131za \u015fekil vermek isterseniz, size sunulan ba\u015fl\u0131k se\u00e7eneklerini kullanabilirsiniz. Sa\u00e7\u0131n\u0131z\u0131n her b\u00f6lgesini ayn\u0131 uzunlukta kesmek istemiyorsan\u0131z, ba\u015fl\u0131k de\u011fi\u015fimi ile bunu yapabilmeniz m\u00fcmk\u00fcn oluyor.<\/p>\n","protected":false},"featured_media":49574,"comment_status":"open","ping_status":"closed","template":"","meta":{"_kad_post_transparent":"","_kad_post_title":"","_kad_post_layout":"","_kad_post_sidebar_id":"","_kad_post_content_style":"","_kad_post_vertical_padding":"","_kad_post_feature":"","_kad_post_feature_position":"","_kad_post_header":false,"_kad_post_footer":false,"_kad_post_classname":""},"product_brand":[],"product_cat":[23],"product_tag":[],"class_list":{"0":"post-49575","1":"product","2":"type-product","3":"status-publish","4":"has-post-thumbnail","6":"product_cat-genel","8":"first","9":"instock","10":"purchasable","11":"product-type-simple","12":"entry","13":"content-bg","14":"loop-entry"},"_links":{"self":[{"href":"https:\/\/www.hediyepazar.com\/index.php?rest_route=\/wp\/v2\/product\/49575","targetHints":{"allow":["GET"]}}],"collection":[{"href":"https:\/\/www.hediyepazar.com\/index.php?rest_route=\/wp\/v2\/product"}],"about":[{"href":"https:\/\/www.hediyepazar.com\/index.php?rest_route=\/wp\/v2\/types\/product"}],"replies":[{"embeddable":true,"href":"https:\/\/www.hediyepazar.com\/index.php?rest_route=%2Fwp%2Fv2%2Fcomments&post=49575"}],"wp:featuredmedia":[{"embeddable":true,"href":"https:\/\/www.hediyepazar.com\/index.php?rest_route=\/wp\/v2\/media\/49574"}],"wp:attachment":[{"href":"https:\/\/www.hediyepazar.com\/index.php?rest_route=%2Fwp%2Fv2%2Fmedia&parent=49575"}],"wp:term":[{"taxonomy":"product_brand","embeddable":true,"href":"https:\/\/www.hediyepazar.com\/index.php?rest_route=%2Fwp%2Fv2%2Fproduct_brand&post=49575"},{"taxonomy":"product_cat","embeddable":true,"href":"https:\/\/www.hediyepazar.com\/index.php?rest_route=%2Fwp%2Fv2%2Fproduct_cat&post=49575"},{"taxonomy":"product_tag","embeddable":true,"href":"https:\/\/www.hediyepazar.com\/index.php?rest_route=%2Fwp%2Fv2%2Fproduct_tag&post=49575"}],"curies":[{"name":"wp","href":"https:\/\/api.w.org\/{rel}","templated":true}]}}