{"id":49583,"date":"2026-04-27T02:11:43","date_gmt":"2026-04-27T05:11:43","guid":{"rendered":"https:\/\/www.hediyepazar.com\/?product=e10-kulaklik"},"modified":"2026-04-27T02:11:43","modified_gmt":"2026-04-27T05:11:43","slug":"e10-kulaklik","status":"publish","type":"product","link":"https:\/\/www.hediyepazar.com\/?product=e10-kulaklik","title":{"rendered":"E10 Kulakl\u0131k"},"content":{"rendered":"","protected":false},"excerpt":{"rendered":"<p>\u00a0 E10 Oyuncu Rgb 5.1 Wireless 800mah Powerbank \u00d6zellikli Kablosuz Bluetooth Kulakl\u0131k Oyuncu E10 Kablosuz Bluetooth Kulakl\u0131k Rgb 5.1 WirelessE10 Bluetooth Oyuncu Kulakl\u0131\u011f\u0131 D\u00fc\u015f\u00fck Gecikmeli Pubg Fortnite Kulakl\u0131k 1.Kolay kontrol, cep telefonu oyun oyuncu i\u00e7in tasarlanm\u0131\u015f 2. S\u00fcper 3D ses kalitesi Ta\u015f\u0131nabilir medya oynat\u0131c\u0131, cep telefonu, oyun, spor, gecikmeden ses keyfini \u00e7\u0131kar\u0131n 3. Uzun pil \u00f6mr\u00fc tek bir \u015farjda 4-5 saat e varan kullan\u0131m s\u00fcresi ve daha sonra birlikte verilen \u015farj powerbank\u0131 ile defalarca kulakl\u0131lar\u0131 \u015farj etme imkan\u0131 . 4. Aktif g\u00fcr\u00fclt\u00fc iptal D\u0131\u015f ortam g\u00fcr\u00fclt\u00fcs\u00fcn\u00fc engellemek i\u00e7in birden fazla boyutta kulak t\u0131kac\u0131, kulakl\u0131\u011f\u0131n\u0131z\u0131n rahat\u00e7a yerinde kalmas\u0131n\u0131 ve spor ve egzersiz deneyimini geli\u015ftirmesini garanti eder. 5. Otomatik ba\u011flanma, h\u0131zl\u0131 ba\u011flant\u0131 Powerbank adapt\u00f6r\u00fcnden kulakl\u0131klar\u0131 yuvas\u0131ndan \u00e7\u0131kart\u0131n ve telefonunuz ile h\u0131zl\u0131cana otomatik ba\u011flant\u0131n\u0131n keyfini \u00e7\u0131kar\u0131n 6. Kararl\u0131 sinyal, d\u00fc\u015f\u00fck gecikme daha p\u00fcr\u00fczs\u00fcz Oyun oynamak i\u00e7in mikrofonda -33 gecikme ve SBC \/ AAC \u00e7ift kodu ve 65 ms oyunda \u00e7ok daha d\u00fc\u015f\u00fck ses gecikmesi 7.IPX5 su ge\u00e7irmez \u015earj portu: tip-c, \u015farj etmek kolay \u00d6zellikler: Model: E10 Renk: siyah Kullan\u0131m s\u00fcresi: 4-4 saat Kulakl\u0131k pil kapasitesi: 40mh \u015earj kutusu pil kapasitesi: 400mh S\u00fcr\u00fcm: 5.0 Hoparl\u00f6r boyutu: 6mm hareketli bobin \u00fcnitesi Frekans yan\u0131t\u0131: 20Hz ~ 20kHz Hassasiyet: 105dB Lmpedance: 16ohm MIC duyarl\u0131l\u0131\u011f\u0131:-38dB Bluetooth mesafesi: 10 metre Binoral \u00e7a\u011fr\u0131: destekler Kulakl\u0131k \u015farj s\u00fcresi: 45 dakika \u015earj kutusunun \u015farj s\u00fcresi: 1.2 saat Kulakl\u0131k a\u011f\u0131rl\u0131\u011f\u0131: 4g \u015earj kutusu a\u011f\u0131rl\u0131\u011f\u0131: 64g Paket a\u011f\u0131rl\u0131\u011f\u0131: 160g Kulakl\u0131k boyutu: 34*22*25mm Ambalaj boyutu: 150*105*45mm Paket i\u00e7eri\u011fi: 2 * kulakl\u0131k 1 * \u015farj b\u00f6lmesi 1 * \u015farj kablosu<\/p>\n","protected":false},"featured_media":49582,"comment_status":"open","ping_status":"closed","template":"","meta":{"_kad_post_transparent":"","_kad_post_title":"","_kad_post_layout":"","_kad_post_sidebar_id":"","_kad_post_content_style":"","_kad_post_vertical_padding":"","_kad_post_feature":"","_kad_post_feature_position":"","_kad_post_header":false,"_kad_post_footer":false,"_kad_post_classname":""},"product_brand":[],"product_cat":[23],"product_tag":[],"class_list":{"0":"post-49583","1":"product","2":"type-product","3":"status-publish","4":"has-post-thumbnail","6":"product_cat-genel","8":"first","9":"instock","10":"purchasable","11":"product-type-simple","12":"entry","13":"content-bg","14":"loop-entry"},"_links":{"self":[{"href":"https:\/\/www.hediyepazar.com\/index.php?rest_route=\/wp\/v2\/product\/49583","targetHints":{"allow":["GET"]}}],"collection":[{"href":"https:\/\/www.hediyepazar.com\/index.php?rest_route=\/wp\/v2\/product"}],"about":[{"href":"https:\/\/www.hediyepazar.com\/index.php?rest_route=\/wp\/v2\/types\/product"}],"replies":[{"embeddable":true,"href":"https:\/\/www.hediyepazar.com\/index.php?rest_route=%2Fwp%2Fv2%2Fcomments&post=49583"}],"wp:featuredmedia":[{"embeddable":true,"href":"https:\/\/www.hediyepazar.com\/index.php?rest_route=\/wp\/v2\/media\/49582"}],"wp:attachment":[{"href":"https:\/\/www.hediyepazar.com\/index.php?rest_route=%2Fwp%2Fv2%2Fmedia&parent=49583"}],"wp:term":[{"taxonomy":"product_brand","embeddable":true,"href":"https:\/\/www.hediyepazar.com\/index.php?rest_route=%2Fwp%2Fv2%2Fproduct_brand&post=49583"},{"taxonomy":"product_cat","embeddable":true,"href":"https:\/\/www.hediyepazar.com\/index.php?rest_route=%2Fwp%2Fv2%2Fproduct_cat&post=49583"},{"taxonomy":"product_tag","embeddable":true,"href":"https:\/\/www.hediyepazar.com\/index.php?rest_route=%2Fwp%2Fv2%2Fproduct_tag&post=49583"}],"curies":[{"name":"wp","href":"https:\/\/api.w.org\/{rel}","templated":true}]}}