{"id":49592,"date":"2026-04-27T02:11:50","date_gmt":"2026-04-27T05:11:50","guid":{"rendered":"https:\/\/www.hediyepazar.com\/?product=ems-yuz-masaj-aleti"},"modified":"2026-04-27T02:11:50","modified_gmt":"2026-04-27T05:11:50","slug":"ems-yuz-masaj-aleti","status":"publish","type":"product","link":"https:\/\/www.hediyepazar.com\/?product=ems-yuz-masaj-aleti","title":{"rendered":"Ems Y\u00fcz Masaj Aleti"},"content":{"rendered":"","protected":false},"excerpt":{"rendered":"<p>Cilt S\u0131k\u0131la\u015ft\u0131rma ve Gen\u00e7le\u015ftirme Etkisi Bu geli\u015fmi\u015f teknolojiye sahip cihaz, cilt alt\u0131ndaki kaslar\u0131 do\u011frudan uyararak s\u0131k\u0131la\u015fma sa\u011flar. B\u00f6ylece zamanla olu\u015fan sarkmalar\u0131n \u00f6n\u00fcne ge\u00e7er, y\u00fcz ve boyun b\u00f6lgesinin daha gen\u00e7 bir g\u00f6r\u00fcn\u00fcm kazanmas\u0131n\u0131 destekler. K\u0131r\u0131\u015f\u0131kl\u0131klar\u0131n, ince \u00e7izgilerin ve elastikiyet kayb\u0131n\u0131n g\u00f6r\u00fcn\u00fcm\u00fcn\u00fc azaltarak cildin do\u011fal formunu korumas\u0131na yard\u0131mc\u0131 olur. \u00d6zellikle ya\u015flanma belirtilerini geciktirmek isteyenler i\u00e7in m\u00fckemmel bir bak\u0131m sunar.<\/p>\n","protected":false},"featured_media":49591,"comment_status":"open","ping_status":"closed","template":"","meta":{"_kad_post_transparent":"","_kad_post_title":"","_kad_post_layout":"","_kad_post_sidebar_id":"","_kad_post_content_style":"","_kad_post_vertical_padding":"","_kad_post_feature":"","_kad_post_feature_position":"","_kad_post_header":false,"_kad_post_footer":false,"_kad_post_classname":""},"product_brand":[],"product_cat":[23],"product_tag":[],"class_list":{"0":"post-49592","1":"product","2":"type-product","3":"status-publish","4":"has-post-thumbnail","6":"product_cat-genel","8":"first","9":"instock","10":"purchasable","11":"product-type-simple","12":"entry","13":"content-bg","14":"loop-entry"},"_links":{"self":[{"href":"https:\/\/www.hediyepazar.com\/index.php?rest_route=\/wp\/v2\/product\/49592","targetHints":{"allow":["GET"]}}],"collection":[{"href":"https:\/\/www.hediyepazar.com\/index.php?rest_route=\/wp\/v2\/product"}],"about":[{"href":"https:\/\/www.hediyepazar.com\/index.php?rest_route=\/wp\/v2\/types\/product"}],"replies":[{"embeddable":true,"href":"https:\/\/www.hediyepazar.com\/index.php?rest_route=%2Fwp%2Fv2%2Fcomments&post=49592"}],"wp:featuredmedia":[{"embeddable":true,"href":"https:\/\/www.hediyepazar.com\/index.php?rest_route=\/wp\/v2\/media\/49591"}],"wp:attachment":[{"href":"https:\/\/www.hediyepazar.com\/index.php?rest_route=%2Fwp%2Fv2%2Fmedia&parent=49592"}],"wp:term":[{"taxonomy":"product_brand","embeddable":true,"href":"https:\/\/www.hediyepazar.com\/index.php?rest_route=%2Fwp%2Fv2%2Fproduct_brand&post=49592"},{"taxonomy":"product_cat","embeddable":true,"href":"https:\/\/www.hediyepazar.com\/index.php?rest_route=%2Fwp%2Fv2%2Fproduct_cat&post=49592"},{"taxonomy":"product_tag","embeddable":true,"href":"https:\/\/www.hediyepazar.com\/index.php?rest_route=%2Fwp%2Fv2%2Fproduct_tag&post=49592"}],"curies":[{"name":"wp","href":"https:\/\/api.w.org\/{rel}","templated":true}]}}