{"id":49621,"date":"2026-04-27T02:12:23","date_gmt":"2026-04-27T05:12:23","guid":{"rendered":"https:\/\/www.hediyepazar.com\/?product=gw-7629-sac-duzlestirici-fon"},"modified":"2026-04-27T02:12:23","modified_gmt":"2026-04-27T05:12:23","slug":"gw-7629-sac-duzlestirici-fon","status":"publish","type":"product","link":"https:\/\/www.hediyepazar.com\/?product=gw-7629-sac-duzlestirici-fon","title":{"rendered":"Gw-7629 Sa\u00e7 D\u00fczle\u015ftirici F\u00f6n"},"content":{"rendered":"","protected":false},"excerpt":{"rendered":"<p>Sa\u00e7lar\u0131n\u0131za zarar vermeden d\u00fczle\u015ftirme deneyimi i\u00e7in seramik plaka teknolojisi ile donat\u0131lm\u0131\u015ft\u0131r, b\u00f6ylece sa\u00e7lar\u0131n\u0131z\u0131n do\u011fal parlakl\u0131\u011f\u0131n\u0131 korurken p\u00fcr\u00fczs\u00fcz bir g\u00f6r\u00fcn\u00fcm elde edersiniz 2 y\u0131l ithalat\u00e7\u0131 garantisi ile g\u00fcvenilir kullan\u0131m sunar herhangi bir sorun kar\u015f\u0131s\u0131nda endi\u015felenmenize gerek kalmaz Plaka tipi tasar\u0131m\u0131 sayesinde, istedi\u011finiz stili kolayca yaratman\u0131za olanak tan\u0131r ve sa\u00e7lar\u0131n\u0131za e\u015fit \u0131s\u0131 da\u011f\u0131l\u0131m\u0131 sa\u011flar \u0130yon \u00f6zelli\u011fi ile sa\u00e7lar\u0131n\u0131za ekstra yumu\u015fakl\u0131k kazand\u0131rarak, d\u00fczle\u015ftirme i\u015flemi s\u0131ras\u0131nda elektriklenmeyi \u00f6nler ve daha az hasarla sonu\u00e7lan\u0131r Maksimum 200 derece s\u0131cakl\u0131k ayar\u0131 ile istedi\u011finiz stil i\u00e7in ideal s\u0131cakl\u0131\u011f\u0131 se\u00e7me \u00f6zg\u00fcrl\u00fc\u011f\u00fc sunar b\u00f6ylece sa\u00e7 tipinize uygun \u015fekilde \u015fekillendirme yapabilirsiniz<\/p>\n","protected":false},"featured_media":49620,"comment_status":"open","ping_status":"closed","template":"","meta":{"_kad_post_transparent":"","_kad_post_title":"","_kad_post_layout":"","_kad_post_sidebar_id":"","_kad_post_content_style":"","_kad_post_vertical_padding":"","_kad_post_feature":"","_kad_post_feature_position":"","_kad_post_header":false,"_kad_post_footer":false,"_kad_post_classname":""},"product_brand":[],"product_cat":[23],"product_tag":[],"class_list":{"0":"post-49621","1":"product","2":"type-product","3":"status-publish","4":"has-post-thumbnail","6":"product_cat-genel","8":"first","9":"instock","10":"purchasable","11":"product-type-simple","12":"entry","13":"content-bg","14":"loop-entry"},"_links":{"self":[{"href":"https:\/\/www.hediyepazar.com\/index.php?rest_route=\/wp\/v2\/product\/49621","targetHints":{"allow":["GET"]}}],"collection":[{"href":"https:\/\/www.hediyepazar.com\/index.php?rest_route=\/wp\/v2\/product"}],"about":[{"href":"https:\/\/www.hediyepazar.com\/index.php?rest_route=\/wp\/v2\/types\/product"}],"replies":[{"embeddable":true,"href":"https:\/\/www.hediyepazar.com\/index.php?rest_route=%2Fwp%2Fv2%2Fcomments&post=49621"}],"wp:featuredmedia":[{"embeddable":true,"href":"https:\/\/www.hediyepazar.com\/index.php?rest_route=\/wp\/v2\/media\/49620"}],"wp:attachment":[{"href":"https:\/\/www.hediyepazar.com\/index.php?rest_route=%2Fwp%2Fv2%2Fmedia&parent=49621"}],"wp:term":[{"taxonomy":"product_brand","embeddable":true,"href":"https:\/\/www.hediyepazar.com\/index.php?rest_route=%2Fwp%2Fv2%2Fproduct_brand&post=49621"},{"taxonomy":"product_cat","embeddable":true,"href":"https:\/\/www.hediyepazar.com\/index.php?rest_route=%2Fwp%2Fv2%2Fproduct_cat&post=49621"},{"taxonomy":"product_tag","embeddable":true,"href":"https:\/\/www.hediyepazar.com\/index.php?rest_route=%2Fwp%2Fv2%2Fproduct_tag&post=49621"}],"curies":[{"name":"wp","href":"https:\/\/api.w.org\/{rel}","templated":true}]}}