{"id":49632,"date":"2026-04-27T02:12:37","date_gmt":"2026-04-27T05:12:37","guid":{"rendered":"https:\/\/www.hediyepazar.com\/?product=xyt0860-masaj-bakim-taragi"},"modified":"2026-04-27T02:12:37","modified_gmt":"2026-04-27T05:12:37","slug":"xyt0860-masaj-bakim-taragi","status":"publish","type":"product","link":"https:\/\/www.hediyepazar.com\/?product=xyt0860-masaj-bakim-taragi","title":{"rendered":"Xyt0860 Masaj Bak\u0131m Tara\u011f\u0131"},"content":{"rendered":"","protected":false},"excerpt":{"rendered":"<p>Sa\u00e7 ve sa\u00e7 derisi bak\u0131m\u0131nda yenilik\u00e7i bir \u00e7\u00f6z\u00fcm sunan bu elektrikli masaj tarak, titre\u015fimli masaj, k\u0131rm\u0131z\u0131 \u0131\u015f\u0131k terapi ve mikro ak\u0131m\u0131 bir araya getirir. D\u00fczenli kullan\u0131mda sa\u00e7 d\u00f6k\u00fclmesini azaltmaya, sa\u00e7 derisini rahatlatmaya ve sa\u00e7lar\u0131n daha g\u00fc\u00e7l\u00fc uzamas\u0131na yard\u0131mc\u0131 olur. \u015earjl\u0131 ve ta\u015f\u0131nabilir yap\u0131s\u0131 sayesinde evde ve seyahatte rahatl\u0131kla kullan\u0131labilir. IPX7 su ge\u00e7irmezlik \u00f6zelli\u011fi ve Type-C \u015farj sistemi ile modern ve pratik bir sa\u00e7 bak\u0131m deneyimi sunar.<\/p>\n","protected":false},"featured_media":49631,"comment_status":"open","ping_status":"closed","template":"","meta":{"_kad_post_transparent":"","_kad_post_title":"","_kad_post_layout":"","_kad_post_sidebar_id":"","_kad_post_content_style":"","_kad_post_vertical_padding":"","_kad_post_feature":"","_kad_post_feature_position":"","_kad_post_header":false,"_kad_post_footer":false,"_kad_post_classname":""},"product_brand":[],"product_cat":[23],"product_tag":[],"class_list":{"0":"post-49632","1":"product","2":"type-product","3":"status-publish","4":"has-post-thumbnail","6":"product_cat-genel","8":"first","9":"instock","10":"purchasable","11":"product-type-simple","12":"entry","13":"content-bg","14":"loop-entry"},"_links":{"self":[{"href":"https:\/\/www.hediyepazar.com\/index.php?rest_route=\/wp\/v2\/product\/49632","targetHints":{"allow":["GET"]}}],"collection":[{"href":"https:\/\/www.hediyepazar.com\/index.php?rest_route=\/wp\/v2\/product"}],"about":[{"href":"https:\/\/www.hediyepazar.com\/index.php?rest_route=\/wp\/v2\/types\/product"}],"replies":[{"embeddable":true,"href":"https:\/\/www.hediyepazar.com\/index.php?rest_route=%2Fwp%2Fv2%2Fcomments&post=49632"}],"wp:featuredmedia":[{"embeddable":true,"href":"https:\/\/www.hediyepazar.com\/index.php?rest_route=\/wp\/v2\/media\/49631"}],"wp:attachment":[{"href":"https:\/\/www.hediyepazar.com\/index.php?rest_route=%2Fwp%2Fv2%2Fmedia&parent=49632"}],"wp:term":[{"taxonomy":"product_brand","embeddable":true,"href":"https:\/\/www.hediyepazar.com\/index.php?rest_route=%2Fwp%2Fv2%2Fproduct_brand&post=49632"},{"taxonomy":"product_cat","embeddable":true,"href":"https:\/\/www.hediyepazar.com\/index.php?rest_route=%2Fwp%2Fv2%2Fproduct_cat&post=49632"},{"taxonomy":"product_tag","embeddable":true,"href":"https:\/\/www.hediyepazar.com\/index.php?rest_route=%2Fwp%2Fv2%2Fproduct_tag&post=49632"}],"curies":[{"name":"wp","href":"https:\/\/api.w.org\/{rel}","templated":true}]}}