{"id":49634,"date":"2026-04-27T02:12:39","date_gmt":"2026-04-27T05:12:39","guid":{"rendered":"https:\/\/www.hediyepazar.com\/?product=kirmizi-led-isikli-sac-derisi-masaj-aleti"},"modified":"2026-04-27T02:12:39","modified_gmt":"2026-04-27T05:12:39","slug":"kirmizi-led-isikli-sac-derisi-masaj-aleti","status":"publish","type":"product","link":"https:\/\/www.hediyepazar.com\/?product=kirmizi-led-isikli-sac-derisi-masaj-aleti","title":{"rendered":"K\u0131rm\u0131z\u0131 Led I\u015f\u0131kl\u0131 Sa\u00e7 Derisi Masaj Aleti"},"content":{"rendered":"","protected":false},"excerpt":{"rendered":"<p>Elektrikli sa\u00e7 masaj f\u0131r\u00e7as\u0131, sa\u00e7 derisini rahatlatmak ve sa\u00e7 bak\u0131m\u0131n\u0131 desteklemek i\u00e7in \u00f6zel olarak geli\u015ftirilmi\u015ftir. Mikro ak\u0131m teknolojisi, sa\u00e7 k\u00f6klerini uyararak daha sa\u011fl\u0131kl\u0131 sa\u00e7 uzamas\u0131n\u0131 destekler. K\u0131rm\u0131z\u0131 LED \u0131\u015f\u0131k terapi, sa\u00e7 derisi h\u00fccrelerini canland\u0131r\u0131r. 72 masaj di\u015fi, insan eli hissini taklit ederken sa\u00e7 derisine zarar vermez. S\u0131v\u0131 ya\u011f aplikat\u00f6r\u00fc sayesinde bak\u0131m \u00fcr\u00fcnleri e\u015fit \u015fekilde uygulan\u0131r. IPX7 su ge\u00e7irmez yap\u0131s\u0131, \u00fcr\u00fcn\u00fc \u0131slak ve kuru sa\u00e7 kullan\u0131m\u0131na uygun hale getirir.<\/p>\n","protected":false},"featured_media":49633,"comment_status":"open","ping_status":"closed","template":"","meta":{"_kad_post_transparent":"","_kad_post_title":"","_kad_post_layout":"","_kad_post_sidebar_id":"","_kad_post_content_style":"","_kad_post_vertical_padding":"","_kad_post_feature":"","_kad_post_feature_position":"","_kad_post_header":false,"_kad_post_footer":false,"_kad_post_classname":""},"product_brand":[],"product_cat":[23],"product_tag":[],"class_list":{"0":"post-49634","1":"product","2":"type-product","3":"status-publish","4":"has-post-thumbnail","6":"product_cat-genel","8":"first","9":"instock","10":"purchasable","11":"product-type-simple","12":"entry","13":"content-bg","14":"loop-entry"},"_links":{"self":[{"href":"https:\/\/www.hediyepazar.com\/index.php?rest_route=\/wp\/v2\/product\/49634","targetHints":{"allow":["GET"]}}],"collection":[{"href":"https:\/\/www.hediyepazar.com\/index.php?rest_route=\/wp\/v2\/product"}],"about":[{"href":"https:\/\/www.hediyepazar.com\/index.php?rest_route=\/wp\/v2\/types\/product"}],"replies":[{"embeddable":true,"href":"https:\/\/www.hediyepazar.com\/index.php?rest_route=%2Fwp%2Fv2%2Fcomments&post=49634"}],"wp:featuredmedia":[{"embeddable":true,"href":"https:\/\/www.hediyepazar.com\/index.php?rest_route=\/wp\/v2\/media\/49633"}],"wp:attachment":[{"href":"https:\/\/www.hediyepazar.com\/index.php?rest_route=%2Fwp%2Fv2%2Fmedia&parent=49634"}],"wp:term":[{"taxonomy":"product_brand","embeddable":true,"href":"https:\/\/www.hediyepazar.com\/index.php?rest_route=%2Fwp%2Fv2%2Fproduct_brand&post=49634"},{"taxonomy":"product_cat","embeddable":true,"href":"https:\/\/www.hediyepazar.com\/index.php?rest_route=%2Fwp%2Fv2%2Fproduct_cat&post=49634"},{"taxonomy":"product_tag","embeddable":true,"href":"https:\/\/www.hediyepazar.com\/index.php?rest_route=%2Fwp%2Fv2%2Fproduct_tag&post=49634"}],"curies":[{"name":"wp","href":"https:\/\/api.w.org\/{rel}","templated":true}]}}