{"id":49640,"date":"2026-04-27T02:12:45","date_gmt":"2026-04-27T05:12:45","guid":{"rendered":"https:\/\/www.hediyepazar.com\/?product=korseynb27"},"modified":"2026-04-27T02:12:45","modified_gmt":"2026-04-27T05:12:45","slug":"korseynb27","status":"publish","type":"product","link":"https:\/\/www.hediyepazar.com\/?product=korseynb27","title":{"rendered":"Korseynb27"},"content":{"rendered":"","protected":false},"excerpt":{"rendered":"<p>T\u00fcm v\u00fccut tiplerine uyumlu toparlay\u0131c\u0131 bel korsesi, esnek ve konforlu tasar\u0131m\u0131 ile \u00f6ne \u00e7\u0131kar. Kaymaz yap\u0131s\u0131 sayesinde kullan\u0131m s\u0131ras\u0131nda sabit kal\u0131r. Bel b\u00f6lgesini nazik\u00e7e saran yap\u0131s\u0131, p\u00fcr\u00fczs\u00fcz bir g\u00f6r\u00fcn\u00fcm elde edilmesine yard\u0131mc\u0131 olur. Nefes alabilen kuma\u015f\u0131, uzun s\u00fcreli kullan\u0131mlarda rahatl\u0131k sunar. Ayarlanabilir sarma \u00f6zelli\u011fi sayesinde ki\u015fisel konfor seviyesine g\u00f6re ayarlanabilir. G\u00fcnl\u00fck kullan\u0131m, spor ve elbise alt\u0131 kullan\u0131m i\u00e7in uygundur. \u0130nce ve hafif tasar\u0131m\u0131 sayesinde hareket \u00f6zg\u00fcrl\u00fc\u011f\u00fcn\u00fc k\u0131s\u0131tlamaz. G\u00fcnl\u00fck hayatta daha d\u00fczenli ve toparlanm\u0131\u015f bir g\u00f6r\u00fcn\u00fcm isteyen kullan\u0131c\u0131lar i\u00e7in pratik bir tercihtir.<\/p>\n","protected":false},"featured_media":49639,"comment_status":"open","ping_status":"closed","template":"","meta":{"_kad_post_transparent":"","_kad_post_title":"","_kad_post_layout":"","_kad_post_sidebar_id":"","_kad_post_content_style":"","_kad_post_vertical_padding":"","_kad_post_feature":"","_kad_post_feature_position":"","_kad_post_header":false,"_kad_post_footer":false,"_kad_post_classname":""},"product_brand":[],"product_cat":[23],"product_tag":[],"class_list":{"0":"post-49640","1":"product","2":"type-product","3":"status-publish","4":"has-post-thumbnail","6":"product_cat-genel","8":"first","9":"instock","10":"purchasable","11":"product-type-simple","12":"entry","13":"content-bg","14":"loop-entry"},"_links":{"self":[{"href":"https:\/\/www.hediyepazar.com\/index.php?rest_route=\/wp\/v2\/product\/49640","targetHints":{"allow":["GET"]}}],"collection":[{"href":"https:\/\/www.hediyepazar.com\/index.php?rest_route=\/wp\/v2\/product"}],"about":[{"href":"https:\/\/www.hediyepazar.com\/index.php?rest_route=\/wp\/v2\/types\/product"}],"replies":[{"embeddable":true,"href":"https:\/\/www.hediyepazar.com\/index.php?rest_route=%2Fwp%2Fv2%2Fcomments&post=49640"}],"wp:featuredmedia":[{"embeddable":true,"href":"https:\/\/www.hediyepazar.com\/index.php?rest_route=\/wp\/v2\/media\/49639"}],"wp:attachment":[{"href":"https:\/\/www.hediyepazar.com\/index.php?rest_route=%2Fwp%2Fv2%2Fmedia&parent=49640"}],"wp:term":[{"taxonomy":"product_brand","embeddable":true,"href":"https:\/\/www.hediyepazar.com\/index.php?rest_route=%2Fwp%2Fv2%2Fproduct_brand&post=49640"},{"taxonomy":"product_cat","embeddable":true,"href":"https:\/\/www.hediyepazar.com\/index.php?rest_route=%2Fwp%2Fv2%2Fproduct_cat&post=49640"},{"taxonomy":"product_tag","embeddable":true,"href":"https:\/\/www.hediyepazar.com\/index.php?rest_route=%2Fwp%2Fv2%2Fproduct_tag&post=49640"}],"curies":[{"name":"wp","href":"https:\/\/api.w.org\/{rel}","templated":true}]}}