{"id":49642,"date":"2026-04-27T02:12:47","date_gmt":"2026-04-27T05:12:47","guid":{"rendered":"https:\/\/www.hediyepazar.com\/?product=protez-tirnak-kurutma-torpu-seti"},"modified":"2026-04-27T02:12:47","modified_gmt":"2026-04-27T05:12:47","slug":"protez-tirnak-kurutma-torpu-seti","status":"publish","type":"product","link":"https:\/\/www.hediyepazar.com\/?product=protez-tirnak-kurutma-torpu-seti","title":{"rendered":"Protez T\u0131rnak Kurutma T\u00f6rp\u00fc Seti"},"content":{"rendered":"","protected":false},"excerpt":{"rendered":"<p>Evde manik\u00fcr ve pedik\u00fcr i\u015flemlerini profesyonel seviyeye ta\u015f\u0131mak isteyenler i\u00e7in ideal olan bu 2\u2019li set, fonksiyonel ve kullan\u0131c\u0131 dostu \u00f6zellikleriyle \u00f6ne \u00e7\u0131kar. T\u0131rnak matkab\u0131, g\u00fc\u00e7l\u00fc motoru ve ergonomik tasar\u0131m\u0131 sayesinde hassas ve kontroll\u00fc i\u015flemler yap\u0131lmas\u0131na yard\u0131mc\u0131 olur. Jel oje \u00e7\u0131karma, t\u0131rnak \u015fekillendirme ve bak\u0131m a\u015famalar\u0131 zahmetsiz hale gelir. LED oje kurutma cihaz\u0131 ise kompakt yap\u0131s\u0131, etkili kurutma performans\u0131 ve g\u00fcvenli kullan\u0131m \u00f6zellikleri ile g\u00fcnl\u00fck t\u0131rnak bak\u0131m\u0131n\u0131n vazge\u00e7ilmez bir par\u00e7as\u0131d\u0131r. Dayan\u0131kl\u0131 yap\u0131lar\u0131 ve ta\u015f\u0131nabilir tasar\u0131mlar\u0131 sayesinde bu set, evde bak\u0131m yapmak isteyenler kadar profesyonel kullan\u0131c\u0131lar i\u00e7in de uygundur.<\/p>\n","protected":false},"featured_media":49641,"comment_status":"open","ping_status":"closed","template":"","meta":{"_kad_post_transparent":"","_kad_post_title":"","_kad_post_layout":"","_kad_post_sidebar_id":"","_kad_post_content_style":"","_kad_post_vertical_padding":"","_kad_post_feature":"","_kad_post_feature_position":"","_kad_post_header":false,"_kad_post_footer":false,"_kad_post_classname":""},"product_brand":[],"product_cat":[23],"product_tag":[],"class_list":{"0":"post-49642","1":"product","2":"type-product","3":"status-publish","4":"has-post-thumbnail","6":"product_cat-genel","8":"first","9":"instock","10":"purchasable","11":"product-type-simple","12":"entry","13":"content-bg","14":"loop-entry"},"_links":{"self":[{"href":"https:\/\/www.hediyepazar.com\/index.php?rest_route=\/wp\/v2\/product\/49642","targetHints":{"allow":["GET"]}}],"collection":[{"href":"https:\/\/www.hediyepazar.com\/index.php?rest_route=\/wp\/v2\/product"}],"about":[{"href":"https:\/\/www.hediyepazar.com\/index.php?rest_route=\/wp\/v2\/types\/product"}],"replies":[{"embeddable":true,"href":"https:\/\/www.hediyepazar.com\/index.php?rest_route=%2Fwp%2Fv2%2Fcomments&post=49642"}],"wp:featuredmedia":[{"embeddable":true,"href":"https:\/\/www.hediyepazar.com\/index.php?rest_route=\/wp\/v2\/media\/49641"}],"wp:attachment":[{"href":"https:\/\/www.hediyepazar.com\/index.php?rest_route=%2Fwp%2Fv2%2Fmedia&parent=49642"}],"wp:term":[{"taxonomy":"product_brand","embeddable":true,"href":"https:\/\/www.hediyepazar.com\/index.php?rest_route=%2Fwp%2Fv2%2Fproduct_brand&post=49642"},{"taxonomy":"product_cat","embeddable":true,"href":"https:\/\/www.hediyepazar.com\/index.php?rest_route=%2Fwp%2Fv2%2Fproduct_cat&post=49642"},{"taxonomy":"product_tag","embeddable":true,"href":"https:\/\/www.hediyepazar.com\/index.php?rest_route=%2Fwp%2Fv2%2Fproduct_tag&post=49642"}],"curies":[{"name":"wp","href":"https:\/\/api.w.org\/{rel}","templated":true}]}}