{"id":49839,"date":"2026-04-27T02:17:24","date_gmt":"2026-04-27T05:17:24","guid":{"rendered":"https:\/\/www.hediyepazar.com\/?product=newface-apple-iphone-17-pro-nano-ici-kadife-silikon-turuncu"},"modified":"2026-04-27T02:17:24","modified_gmt":"2026-04-27T05:17:24","slug":"newface-apple-iphone-17-pro-nano-ici-kadife-silikon-turuncu","status":"publish","type":"product","link":"https:\/\/www.hediyepazar.com\/?product=newface-apple-iphone-17-pro-nano-ici-kadife-silikon-turuncu","title":{"rendered":"Newface Apple \u0130phone 17 Pro Nano \u0130\u00e7i Kadife Silikon &#8211; Turuncu"},"content":{"rendered":"","protected":false},"excerpt":{"rendered":"<p>Newface Apple iPhone 17 Pro Nano i\u00e7i Kadife Silikon &#8211; Turuncu<\/p>\n","protected":false},"featured_media":49838,"comment_status":"open","ping_status":"closed","template":"","meta":{"_kad_post_transparent":"","_kad_post_title":"","_kad_post_layout":"","_kad_post_sidebar_id":"","_kad_post_content_style":"","_kad_post_vertical_padding":"","_kad_post_feature":"","_kad_post_feature_position":"","_kad_post_header":false,"_kad_post_footer":false,"_kad_post_classname":""},"product_brand":[],"product_cat":[23],"product_tag":[],"class_list":{"0":"post-49839","1":"product","2":"type-product","3":"status-publish","4":"has-post-thumbnail","6":"product_cat-genel","8":"first","9":"instock","10":"purchasable","11":"product-type-simple","12":"entry","13":"content-bg","14":"loop-entry"},"_links":{"self":[{"href":"https:\/\/www.hediyepazar.com\/index.php?rest_route=\/wp\/v2\/product\/49839","targetHints":{"allow":["GET"]}}],"collection":[{"href":"https:\/\/www.hediyepazar.com\/index.php?rest_route=\/wp\/v2\/product"}],"about":[{"href":"https:\/\/www.hediyepazar.com\/index.php?rest_route=\/wp\/v2\/types\/product"}],"replies":[{"embeddable":true,"href":"https:\/\/www.hediyepazar.com\/index.php?rest_route=%2Fwp%2Fv2%2Fcomments&post=49839"}],"wp:featuredmedia":[{"embeddable":true,"href":"https:\/\/www.hediyepazar.com\/index.php?rest_route=\/wp\/v2\/media\/49838"}],"wp:attachment":[{"href":"https:\/\/www.hediyepazar.com\/index.php?rest_route=%2Fwp%2Fv2%2Fmedia&parent=49839"}],"wp:term":[{"taxonomy":"product_brand","embeddable":true,"href":"https:\/\/www.hediyepazar.com\/index.php?rest_route=%2Fwp%2Fv2%2Fproduct_brand&post=49839"},{"taxonomy":"product_cat","embeddable":true,"href":"https:\/\/www.hediyepazar.com\/index.php?rest_route=%2Fwp%2Fv2%2Fproduct_cat&post=49839"},{"taxonomy":"product_tag","embeddable":true,"href":"https:\/\/www.hediyepazar.com\/index.php?rest_route=%2Fwp%2Fv2%2Fproduct_tag&post=49839"}],"curies":[{"name":"wp","href":"https:\/\/api.w.org\/{rel}","templated":true}]}}