{"id":50143,"date":"2026-04-27T02:24:06","date_gmt":"2026-04-27T05:24:06","guid":{"rendered":"https:\/\/www.hediyepazar.com\/?product=telsiz-bluetooth-kask-kulaklik-handsfree-mikrofonlu"},"modified":"2026-04-27T02:24:06","modified_gmt":"2026-04-27T05:24:06","slug":"telsiz-bluetooth-kask-kulaklik-handsfree-mikrofonlu","status":"publish","type":"product","link":"https:\/\/www.hediyepazar.com\/?product=telsiz-bluetooth-kask-kulaklik-handsfree-mikrofonlu","title":{"rendered":"Telsiz Bluetooth Kask Kulakl\u0131k Handsfree Mikrofonlu"},"content":{"rendered":"","protected":false},"excerpt":{"rendered":"<p>Telsiz bluetooth kask kulakl\u0131k, motosiklet s\u00fcr\u00fc\u015flerinde ileti\u015fim ve e\u011flenceyi bir araya getirir. Kablosuz ba\u011flant\u0131 teknolojisi sayesinde telefon, navigasyon ve medya oynat\u0131c\u0131lar ile sorunsuz e\u015fle\u015fme sa\u011flar. \u00d6zellikle uzun yol s\u00fcr\u00fc\u015flerinde m\u00fczik dinlemek ve \u00e7a\u011fr\u0131lar\u0131 g\u00fcvenli \u015fekilde yan\u0131tlamak b\u00fcy\u00fck avantaj sa\u011flar. Dahili mikrofon sistemi sayesinde net konu\u015fma performans\u0131 sunar. R\u00fczgar sesini minimize eden yap\u0131s\u0131 ile s\u00fcr\u00fc\u015f s\u0131ras\u0131nda daha anla\u015f\u0131l\u0131r ileti\u015fim kurman\u0131z\u0131 sa\u011flar. Hands free fonksiyonu sayesinde s\u00fcr\u00fc\u015f esnas\u0131nda telefon kontrol\u00fcne gerek kalmaz. G\u00fc\u00e7, \u015fark\u0131 de\u011fi\u015ftirme ve ses kontrol tu\u015flar\u0131 ergonomik olarak tasarlanm\u0131\u015ft\u0131r. 1000mAh Li ion batarya kapasitesi, 20 saate kadar aktif kullan\u0131m sunar. 240 saat bekleme s\u00fcresi sayesinde g\u00fcnl\u00fck kullan\u0131m i\u00e7in idealdir. K\u0131sa s\u00fcrede \u015farj olur ve uzun s\u00fcre performans sa\u011flar. Bluetooth menzili ortalama 10 ila 15 metre aras\u0131ndad\u0131r. T\u00fcm kask modellerine uyumlu montaj sistemi ile kolay kurulum sa\u011flar. Dayan\u0131kl\u0131 yap\u0131s\u0131 sayesinde uzun \u00f6m\u00fcrl\u00fc kullan\u0131m sunar.<\/p>\n","protected":false},"featured_media":50142,"comment_status":"open","ping_status":"closed","template":"","meta":{"_kad_post_transparent":"","_kad_post_title":"","_kad_post_layout":"","_kad_post_sidebar_id":"","_kad_post_content_style":"","_kad_post_vertical_padding":"","_kad_post_feature":"","_kad_post_feature_position":"","_kad_post_header":false,"_kad_post_footer":false,"_kad_post_classname":""},"product_brand":[],"product_cat":[23],"product_tag":[],"class_list":{"0":"post-50143","1":"product","2":"type-product","3":"status-publish","4":"has-post-thumbnail","6":"product_cat-genel","8":"first","9":"instock","10":"purchasable","11":"product-type-simple","12":"entry","13":"content-bg","14":"loop-entry"},"_links":{"self":[{"href":"https:\/\/www.hediyepazar.com\/index.php?rest_route=\/wp\/v2\/product\/50143","targetHints":{"allow":["GET"]}}],"collection":[{"href":"https:\/\/www.hediyepazar.com\/index.php?rest_route=\/wp\/v2\/product"}],"about":[{"href":"https:\/\/www.hediyepazar.com\/index.php?rest_route=\/wp\/v2\/types\/product"}],"replies":[{"embeddable":true,"href":"https:\/\/www.hediyepazar.com\/index.php?rest_route=%2Fwp%2Fv2%2Fcomments&post=50143"}],"wp:featuredmedia":[{"embeddable":true,"href":"https:\/\/www.hediyepazar.com\/index.php?rest_route=\/wp\/v2\/media\/50142"}],"wp:attachment":[{"href":"https:\/\/www.hediyepazar.com\/index.php?rest_route=%2Fwp%2Fv2%2Fmedia&parent=50143"}],"wp:term":[{"taxonomy":"product_brand","embeddable":true,"href":"https:\/\/www.hediyepazar.com\/index.php?rest_route=%2Fwp%2Fv2%2Fproduct_brand&post=50143"},{"taxonomy":"product_cat","embeddable":true,"href":"https:\/\/www.hediyepazar.com\/index.php?rest_route=%2Fwp%2Fv2%2Fproduct_cat&post=50143"},{"taxonomy":"product_tag","embeddable":true,"href":"https:\/\/www.hediyepazar.com\/index.php?rest_route=%2Fwp%2Fv2%2Fproduct_tag&post=50143"}],"curies":[{"name":"wp","href":"https:\/\/api.w.org\/{rel}","templated":true}]}}