{"id":50383,"date":"2026-04-27T02:28:57","date_gmt":"2026-04-27T05:28:57","guid":{"rendered":"https:\/\/www.hediyepazar.com\/?product=ipx6-suya-dayanikli-intercom-kulaklik-otomatik-cagri-cevaplama"},"modified":"2026-04-27T02:28:57","modified_gmt":"2026-04-27T05:28:57","slug":"ipx6-suya-dayanikli-intercom-kulaklik-otomatik-cagri-cevaplama","status":"publish","type":"product","link":"https:\/\/www.hediyepazar.com\/?product=ipx6-suya-dayanikli-intercom-kulaklik-otomatik-cagri-cevaplama","title":{"rendered":"Ipx6 Suya Dayan\u0131kl\u0131 Intercom Kulakl\u0131k Otomatik \u00c7a\u011fr\u0131 Cevaplama"},"content":{"rendered":"","protected":false},"excerpt":{"rendered":"<p>Eller serbest \u00f6zelli\u011fi sayesinde telefon g\u00f6r\u00fc\u015fmelerinizi g\u00fcvenli \u015fekilde yapabilirsiniz. Otomatik \u00e7a\u011fr\u0131 cevaplama fonksiyonu s\u00fcr\u00fc\u015f s\u0131ras\u0131nda dikkat da\u011f\u0131lmas\u0131n\u0131 \u00f6nler. Bluetooth 5.3 \u00e7ip sayesinde daha stabil ve h\u0131zl\u0131 ba\u011flant\u0131 sunar. Ultra HD ses kalitesi ile m\u00fczik ve konu\u015fmalarda netlik sa\u011flar. Ergonomik ve kompakt tasar\u0131m\u0131 ile kask \u00fczerinde dengeli durur.<\/p>\n","protected":false},"featured_media":50382,"comment_status":"open","ping_status":"closed","template":"","meta":{"_kad_post_transparent":"","_kad_post_title":"","_kad_post_layout":"","_kad_post_sidebar_id":"","_kad_post_content_style":"","_kad_post_vertical_padding":"","_kad_post_feature":"","_kad_post_feature_position":"","_kad_post_header":false,"_kad_post_footer":false,"_kad_post_classname":""},"product_brand":[],"product_cat":[23],"product_tag":[],"class_list":{"0":"post-50383","1":"product","2":"type-product","3":"status-publish","4":"has-post-thumbnail","6":"product_cat-genel","8":"first","9":"instock","10":"purchasable","11":"product-type-simple","12":"entry","13":"content-bg","14":"loop-entry"},"_links":{"self":[{"href":"https:\/\/www.hediyepazar.com\/index.php?rest_route=\/wp\/v2\/product\/50383","targetHints":{"allow":["GET"]}}],"collection":[{"href":"https:\/\/www.hediyepazar.com\/index.php?rest_route=\/wp\/v2\/product"}],"about":[{"href":"https:\/\/www.hediyepazar.com\/index.php?rest_route=\/wp\/v2\/types\/product"}],"replies":[{"embeddable":true,"href":"https:\/\/www.hediyepazar.com\/index.php?rest_route=%2Fwp%2Fv2%2Fcomments&post=50383"}],"wp:featuredmedia":[{"embeddable":true,"href":"https:\/\/www.hediyepazar.com\/index.php?rest_route=\/wp\/v2\/media\/50382"}],"wp:attachment":[{"href":"https:\/\/www.hediyepazar.com\/index.php?rest_route=%2Fwp%2Fv2%2Fmedia&parent=50383"}],"wp:term":[{"taxonomy":"product_brand","embeddable":true,"href":"https:\/\/www.hediyepazar.com\/index.php?rest_route=%2Fwp%2Fv2%2Fproduct_brand&post=50383"},{"taxonomy":"product_cat","embeddable":true,"href":"https:\/\/www.hediyepazar.com\/index.php?rest_route=%2Fwp%2Fv2%2Fproduct_cat&post=50383"},{"taxonomy":"product_tag","embeddable":true,"href":"https:\/\/www.hediyepazar.com\/index.php?rest_route=%2Fwp%2Fv2%2Fproduct_tag&post=50383"}],"curies":[{"name":"wp","href":"https:\/\/api.w.org\/{rel}","templated":true}]}}