{"id":50852,"date":"2026-04-27T02:41:01","date_gmt":"2026-04-27T05:41:01","guid":{"rendered":"https:\/\/www.hediyepazar.com\/?product=hava-nemlendirici-masa-ve-gece-lambasi-usb-projeksiyon-aromaterapi"},"modified":"2026-04-27T02:41:01","modified_gmt":"2026-04-27T05:41:01","slug":"hava-nemlendirici-masa-ve-gece-lambasi-usb-projeksiyon-aromaterapi","status":"publish","type":"product","link":"https:\/\/www.hediyepazar.com\/?product=hava-nemlendirici-masa-ve-gece-lambasi-usb-projeksiyon-aromaterapi","title":{"rendered":"Hava Nemlendirici Masa Ve Gece Lambas\u0131 Usb Projeksiyon Aromaterapi"},"content":{"rendered":"","protected":false},"excerpt":{"rendered":"<p>USB Projeksiyon Gece Lambas\u0131 ve Hava Nemlendirici, k\u0131\u015f aylar\u0131nda nem oran\u0131n\u0131n d\u00fc\u015fmesiyle ortaya \u00e7\u0131kan kuru hava sorunlar\u0131na etkili bir \u00e7\u00f6z\u00fcm sunar. \u00d6zellikle evde, ofiste veya yatak odas\u0131nda rahat bir nefes almak isteyenler i\u00e7in tasarlanan bu \u00fcr\u00fcn, soludu\u011funuz havay\u0131 nemlendirerek temizler ve nefes almay\u0131 kolayla\u015ft\u0131r\u0131r. Cildinize gerekli olan nemi sa\u011flarken, kuru havan\u0131n yol a\u00e7t\u0131\u011f\u0131 bo\u011faz tahri\u015fi ve cilt kurulu\u011fu gibi problemleri azalt\u0131r. \u015e\u0131k ve modern tasar\u0131m\u0131yla odan\u0131z\u0131n dekorasyonuna zarif bir dokunu\u015f ekler. Projeksiyon \u00f6zelli\u011fi sayesinde odan\u0131za huzurlu bir ambiyans sa\u011flayan desenli \u0131\u015f\u0131klar yayar. Bu hava nemlendirici, su haznesine ekleyebilece\u011finiz esans veya parf\u00fcmlerle odan\u0131zda ferahlat\u0131c\u0131 bir koku yaratman\u0131za olanak tan\u0131r. Aromaterapi etkisiyle daha huzurlu bir ortamda vakit ge\u00e7irebilir, yorgunlu\u011funuzu atabilirsiniz. USB ba\u011flant\u0131 \u00f6zelli\u011fi, bu cihaz\u0131 ta\u015f\u0131nabilir hale getirir ve bilgisayar, powerbank veya adapt\u00f6rlerle kolayca \u00e7al\u0131\u015fmas\u0131n\u0131 sa\u011flar. Kompakt boyutlar\u0131 sayesinde istedi\u011finiz her yerde kullanabilirsiniz. G\u00fcn boyu kaliteli bir hava soluman\u0131za ve geceleri sa\u011fl\u0131kl\u0131 bir uyku \u00e7ekmenize yard\u0131mc\u0131 olan bu cihaz, hayat\u0131n\u0131za hem konfor hem de sa\u011fl\u0131k katar. \u00a0<\/p>\n","protected":false},"featured_media":50851,"comment_status":"open","ping_status":"closed","template":"","meta":{"_kad_post_transparent":"","_kad_post_title":"","_kad_post_layout":"","_kad_post_sidebar_id":"","_kad_post_content_style":"","_kad_post_vertical_padding":"","_kad_post_feature":"","_kad_post_feature_position":"","_kad_post_header":false,"_kad_post_footer":false,"_kad_post_classname":""},"product_brand":[],"product_cat":[23],"product_tag":[],"class_list":{"0":"post-50852","1":"product","2":"type-product","3":"status-publish","4":"has-post-thumbnail","6":"product_cat-genel","8":"first","9":"instock","10":"purchasable","11":"product-type-simple","12":"entry","13":"content-bg","14":"loop-entry"},"_links":{"self":[{"href":"https:\/\/www.hediyepazar.com\/index.php?rest_route=\/wp\/v2\/product\/50852","targetHints":{"allow":["GET"]}}],"collection":[{"href":"https:\/\/www.hediyepazar.com\/index.php?rest_route=\/wp\/v2\/product"}],"about":[{"href":"https:\/\/www.hediyepazar.com\/index.php?rest_route=\/wp\/v2\/types\/product"}],"replies":[{"embeddable":true,"href":"https:\/\/www.hediyepazar.com\/index.php?rest_route=%2Fwp%2Fv2%2Fcomments&post=50852"}],"wp:featuredmedia":[{"embeddable":true,"href":"https:\/\/www.hediyepazar.com\/index.php?rest_route=\/wp\/v2\/media\/50851"}],"wp:attachment":[{"href":"https:\/\/www.hediyepazar.com\/index.php?rest_route=%2Fwp%2Fv2%2Fmedia&parent=50852"}],"wp:term":[{"taxonomy":"product_brand","embeddable":true,"href":"https:\/\/www.hediyepazar.com\/index.php?rest_route=%2Fwp%2Fv2%2Fproduct_brand&post=50852"},{"taxonomy":"product_cat","embeddable":true,"href":"https:\/\/www.hediyepazar.com\/index.php?rest_route=%2Fwp%2Fv2%2Fproduct_cat&post=50852"},{"taxonomy":"product_tag","embeddable":true,"href":"https:\/\/www.hediyepazar.com\/index.php?rest_route=%2Fwp%2Fv2%2Fproduct_tag&post=50852"}],"curies":[{"name":"wp","href":"https:\/\/api.w.org\/{rel}","templated":true}]}}