{"id":5102,"date":"2026-04-26T06:56:23","date_gmt":"2026-04-26T09:56:23","guid":{"rendered":"https:\/\/www.hediyepazar.com\/?product=botech-bc-3100-uydu-alici-kumandasi"},"modified":"2026-04-26T06:56:24","modified_gmt":"2026-04-26T09:56:24","slug":"botech-bc-3100-uydu-alici-kumandasi","status":"publish","type":"product","link":"https:\/\/www.hediyepazar.com\/?product=botech-bc-3100-uydu-alici-kumandasi","title":{"rendered":"Botech Bc-3100 Uydu Al\u0131c\u0131 Kumandas\u0131"},"content":{"rendered":"<p>Botech Bc-3100 Uydu Al\u0131c\u0131 Kumandas\u0131<\/p>\n","protected":false},"excerpt":{"rendered":"<p>Botech Bc-3100 Uydu Al\u0131c\u0131 Kumandas\u0131<\/p>\n","protected":false},"featured_media":5103,"comment_status":"closed","ping_status":"open","template":"","meta":{"_kad_post_transparent":"","_kad_post_title":"","_kad_post_layout":"","_kad_post_sidebar_id":"","_kad_post_content_style":"","_kad_post_vertical_padding":"","_kad_post_feature":"","_kad_post_feature_position":"","_kad_post_header":false,"_kad_post_footer":false,"_kad_post_classname":""},"product_brand":[],"product_cat":[203],"product_tag":[],"class_list":{"0":"post-5102","1":"product","2":"type-product","3":"status-publish","4":"has-post-thumbnail","6":"product_cat-uzaktan-kumanda-uydu-ve-dijital-sistem-kumandalari-uydu-alicisi-kumandalari","8":"first","9":"instock","10":"purchasable","11":"product-type-simple","12":"entry","13":"content-bg","14":"loop-entry"},"_links":{"self":[{"href":"https:\/\/www.hediyepazar.com\/index.php?rest_route=\/wp\/v2\/product\/5102","targetHints":{"allow":["GET"]}}],"collection":[{"href":"https:\/\/www.hediyepazar.com\/index.php?rest_route=\/wp\/v2\/product"}],"about":[{"href":"https:\/\/www.hediyepazar.com\/index.php?rest_route=\/wp\/v2\/types\/product"}],"replies":[{"embeddable":true,"href":"https:\/\/www.hediyepazar.com\/index.php?rest_route=%2Fwp%2Fv2%2Fcomments&post=5102"}],"wp:featuredmedia":[{"embeddable":true,"href":"https:\/\/www.hediyepazar.com\/index.php?rest_route=\/wp\/v2\/media\/5103"}],"wp:attachment":[{"href":"https:\/\/www.hediyepazar.com\/index.php?rest_route=%2Fwp%2Fv2%2Fmedia&parent=5102"}],"wp:term":[{"taxonomy":"product_brand","embeddable":true,"href":"https:\/\/www.hediyepazar.com\/index.php?rest_route=%2Fwp%2Fv2%2Fproduct_brand&post=5102"},{"taxonomy":"product_cat","embeddable":true,"href":"https:\/\/www.hediyepazar.com\/index.php?rest_route=%2Fwp%2Fv2%2Fproduct_cat&post=5102"},{"taxonomy":"product_tag","embeddable":true,"href":"https:\/\/www.hediyepazar.com\/index.php?rest_route=%2Fwp%2Fv2%2Fproduct_tag&post=5102"}],"curies":[{"name":"wp","href":"https:\/\/api.w.org\/{rel}","templated":true}]}}