{"id":51638,"date":"2026-04-27T03:00:46","date_gmt":"2026-04-27T06:00:46","guid":{"rendered":"https:\/\/www.hediyepazar.com\/?product=joko-iphone-16-pro-max-kilif-jully-magsafe-kapak-bej"},"modified":"2026-04-27T03:00:46","modified_gmt":"2026-04-27T06:00:46","slug":"joko-iphone-16-pro-max-kilif-jully-magsafe-kapak-bej","status":"publish","type":"product","link":"https:\/\/www.hediyepazar.com\/?product=joko-iphone-16-pro-max-kilif-jully-magsafe-kapak-bej","title":{"rendered":"Joko \u0130phone 16 Pro Max K\u0131l\u0131f Jully Magsafe Kapak &#8211; Bej"},"content":{"rendered":"","protected":false},"excerpt":{"rendered":"<p>Joko iPhone 16 Pro Max K\u0131l\u0131f Jully Magsafe Kapak &#8211; Bej<\/p>\n","protected":false},"featured_media":51637,"comment_status":"open","ping_status":"closed","template":"","meta":{"_kad_post_transparent":"","_kad_post_title":"","_kad_post_layout":"","_kad_post_sidebar_id":"","_kad_post_content_style":"","_kad_post_vertical_padding":"","_kad_post_feature":"","_kad_post_feature_position":"","_kad_post_header":false,"_kad_post_footer":false,"_kad_post_classname":""},"product_brand":[],"product_cat":[23],"product_tag":[],"class_list":{"0":"post-51638","1":"product","2":"type-product","3":"status-publish","4":"has-post-thumbnail","6":"product_cat-genel","8":"first","9":"instock","10":"purchasable","11":"product-type-simple","12":"entry","13":"content-bg","14":"loop-entry"},"_links":{"self":[{"href":"https:\/\/www.hediyepazar.com\/index.php?rest_route=\/wp\/v2\/product\/51638","targetHints":{"allow":["GET"]}}],"collection":[{"href":"https:\/\/www.hediyepazar.com\/index.php?rest_route=\/wp\/v2\/product"}],"about":[{"href":"https:\/\/www.hediyepazar.com\/index.php?rest_route=\/wp\/v2\/types\/product"}],"replies":[{"embeddable":true,"href":"https:\/\/www.hediyepazar.com\/index.php?rest_route=%2Fwp%2Fv2%2Fcomments&post=51638"}],"wp:featuredmedia":[{"embeddable":true,"href":"https:\/\/www.hediyepazar.com\/index.php?rest_route=\/wp\/v2\/media\/51637"}],"wp:attachment":[{"href":"https:\/\/www.hediyepazar.com\/index.php?rest_route=%2Fwp%2Fv2%2Fmedia&parent=51638"}],"wp:term":[{"taxonomy":"product_brand","embeddable":true,"href":"https:\/\/www.hediyepazar.com\/index.php?rest_route=%2Fwp%2Fv2%2Fproduct_brand&post=51638"},{"taxonomy":"product_cat","embeddable":true,"href":"https:\/\/www.hediyepazar.com\/index.php?rest_route=%2Fwp%2Fv2%2Fproduct_cat&post=51638"},{"taxonomy":"product_tag","embeddable":true,"href":"https:\/\/www.hediyepazar.com\/index.php?rest_route=%2Fwp%2Fv2%2Fproduct_tag&post=51638"}],"curies":[{"name":"wp","href":"https:\/\/api.w.org\/{rel}","templated":true}]}}