{"id":5212,"date":"2026-04-26T06:56:54","date_gmt":"2026-04-26T09:56:54","guid":{"rendered":"https:\/\/www.hediyepazar.com\/?product=powermaster-pm-7673-95-mm-24-ledli-sarjli-tavan-lambasi"},"modified":"2026-04-26T06:56:56","modified_gmt":"2026-04-26T09:56:56","slug":"powermaster-pm-7673-95-mm-24-ledli-sarjli-tavan-lambasi","status":"publish","type":"product","link":"https:\/\/www.hediyepazar.com\/?product=powermaster-pm-7673-95-mm-24-ledli-sarjli-tavan-lambasi","title":{"rendered":"Powermaster Pm-7673 95 Mm 24 Ledli \u015earjl\u0131 Tavan Lambas\u0131"},"content":{"rendered":"<p>Powermaster Pm-7673 95 Mm 24 Ledli \u015earjl\u0131 Tavan Lambas\u0131<\/p>\n","protected":false},"excerpt":{"rendered":"<p>Powermaster Pm-7673 95 Mm 24 Ledli \u015earjl\u0131 Tavan Lambas\u0131<\/p>\n","protected":false},"featured_media":5213,"comment_status":"closed","ping_status":"open","template":"","meta":{"_kad_post_transparent":"","_kad_post_title":"","_kad_post_layout":"","_kad_post_sidebar_id":"","_kad_post_content_style":"","_kad_post_vertical_padding":"","_kad_post_feature":"","_kad_post_feature_position":"","_kad_post_header":false,"_kad_post_footer":false,"_kad_post_classname":""},"product_brand":[],"product_cat":[294],"product_tag":[],"class_list":{"0":"post-5212","1":"product","2":"type-product","3":"status-publish","4":"has-post-thumbnail","6":"product_cat-led-ve-aydinlatma-genel-aydinlatma-urunleri-ledli-lambalar","8":"first","9":"instock","10":"purchasable","11":"product-type-simple","12":"entry","13":"content-bg","14":"loop-entry"},"_links":{"self":[{"href":"https:\/\/www.hediyepazar.com\/index.php?rest_route=\/wp\/v2\/product\/5212","targetHints":{"allow":["GET"]}}],"collection":[{"href":"https:\/\/www.hediyepazar.com\/index.php?rest_route=\/wp\/v2\/product"}],"about":[{"href":"https:\/\/www.hediyepazar.com\/index.php?rest_route=\/wp\/v2\/types\/product"}],"replies":[{"embeddable":true,"href":"https:\/\/www.hediyepazar.com\/index.php?rest_route=%2Fwp%2Fv2%2Fcomments&post=5212"}],"wp:featuredmedia":[{"embeddable":true,"href":"https:\/\/www.hediyepazar.com\/index.php?rest_route=\/wp\/v2\/media\/5213"}],"wp:attachment":[{"href":"https:\/\/www.hediyepazar.com\/index.php?rest_route=%2Fwp%2Fv2%2Fmedia&parent=5212"}],"wp:term":[{"taxonomy":"product_brand","embeddable":true,"href":"https:\/\/www.hediyepazar.com\/index.php?rest_route=%2Fwp%2Fv2%2Fproduct_brand&post=5212"},{"taxonomy":"product_cat","embeddable":true,"href":"https:\/\/www.hediyepazar.com\/index.php?rest_route=%2Fwp%2Fv2%2Fproduct_cat&post=5212"},{"taxonomy":"product_tag","embeddable":true,"href":"https:\/\/www.hediyepazar.com\/index.php?rest_route=%2Fwp%2Fv2%2Fproduct_tag&post=5212"}],"curies":[{"name":"wp","href":"https:\/\/api.w.org\/{rel}","templated":true}]}}