{"id":5328,"date":"2026-04-26T06:57:27","date_gmt":"2026-04-26T09:57:27","guid":{"rendered":"https:\/\/www.hediyepazar.com\/?product=soldex-sr-33-1-lt-temizlik-gerektirmeyen-sivi-flux"},"modified":"2026-04-26T06:57:29","modified_gmt":"2026-04-26T09:57:29","slug":"soldex-sr-33-1-lt-temizlik-gerektirmeyen-sivi-flux","status":"publish","type":"product","link":"https:\/\/www.hediyepazar.com\/?product=soldex-sr-33-1-lt-temizlik-gerektirmeyen-sivi-flux","title":{"rendered":"Soldex Sr-33 1 Lt Temizlik Gerektirmeyen S\u0131v\u0131 Flux"},"content":{"rendered":"<p>Soldex Sr-33 1 Lt Temizlik Gerektirmeyen S\u0131v\u0131 Flux<\/p>\n","protected":false},"excerpt":{"rendered":"<p>Soldex Sr-33 1 Lt Temizlik Gerektirmeyen S\u0131v\u0131 Flux<\/p>\n","protected":false},"featured_media":5329,"comment_status":"closed","ping_status":"open","template":"","meta":{"_kad_post_transparent":"","_kad_post_title":"","_kad_post_layout":"","_kad_post_sidebar_id":"","_kad_post_content_style":"","_kad_post_vertical_padding":"","_kad_post_feature":"","_kad_post_feature_position":"","_kad_post_header":false,"_kad_post_footer":false,"_kad_post_classname":""},"product_brand":[],"product_cat":[254],"product_tag":[],"class_list":{"0":"post-5328","1":"product","2":"type-product","3":"status-publish","4":"has-post-thumbnail","6":"product_cat-hirdavat-malzemeleri-hirdavat-tamir-malzemeleri-havya-lehim-lehimleme-ekipmanlari","8":"first","9":"instock","10":"purchasable","11":"product-type-simple","12":"entry","13":"content-bg","14":"loop-entry"},"_links":{"self":[{"href":"https:\/\/www.hediyepazar.com\/index.php?rest_route=\/wp\/v2\/product\/5328","targetHints":{"allow":["GET"]}}],"collection":[{"href":"https:\/\/www.hediyepazar.com\/index.php?rest_route=\/wp\/v2\/product"}],"about":[{"href":"https:\/\/www.hediyepazar.com\/index.php?rest_route=\/wp\/v2\/types\/product"}],"replies":[{"embeddable":true,"href":"https:\/\/www.hediyepazar.com\/index.php?rest_route=%2Fwp%2Fv2%2Fcomments&post=5328"}],"wp:featuredmedia":[{"embeddable":true,"href":"https:\/\/www.hediyepazar.com\/index.php?rest_route=\/wp\/v2\/media\/5329"}],"wp:attachment":[{"href":"https:\/\/www.hediyepazar.com\/index.php?rest_route=%2Fwp%2Fv2%2Fmedia&parent=5328"}],"wp:term":[{"taxonomy":"product_brand","embeddable":true,"href":"https:\/\/www.hediyepazar.com\/index.php?rest_route=%2Fwp%2Fv2%2Fproduct_brand&post=5328"},{"taxonomy":"product_cat","embeddable":true,"href":"https:\/\/www.hediyepazar.com\/index.php?rest_route=%2Fwp%2Fv2%2Fproduct_cat&post=5328"},{"taxonomy":"product_tag","embeddable":true,"href":"https:\/\/www.hediyepazar.com\/index.php?rest_route=%2Fwp%2Fv2%2Fproduct_tag&post=5328"}],"curies":[{"name":"wp","href":"https:\/\/api.w.org\/{rel}","templated":true}]}}