{"id":5376,"date":"2026-04-26T06:57:41","date_gmt":"2026-04-26T09:57:41","guid":{"rendered":"https:\/\/www.hediyepazar.com\/?product=3-pin-xlr-disi-canon-sase-konnektor-ck114"},"modified":"2026-04-26T06:57:45","modified_gmt":"2026-04-26T09:57:45","slug":"3-pin-xlr-disi-canon-sase-konnektor-ck114","status":"publish","type":"product","link":"https:\/\/www.hediyepazar.com\/?product=3-pin-xlr-disi-canon-sase-konnektor-ck114","title":{"rendered":"3 Pin Xlr Di\u015fi Canon \u015ease Konnekt\u00f6r Ck114"},"content":{"rendered":"<p>3 Pin Xlr Di\u015fi Canon \u015ease Konnekt\u00f6r Ck114<\/p>\n","protected":false},"excerpt":{"rendered":"<p>3 Pin Xlr Di\u015fi Canon \u015ease Konnekt\u00f6r Ck114<\/p>\n","protected":false},"featured_media":5377,"comment_status":"closed","ping_status":"open","template":"","meta":{"_kad_post_transparent":"","_kad_post_title":"","_kad_post_layout":"","_kad_post_sidebar_id":"","_kad_post_content_style":"","_kad_post_vertical_padding":"","_kad_post_feature":"","_kad_post_feature_position":"","_kad_post_header":false,"_kad_post_footer":false,"_kad_post_classname":""},"product_brand":[],"product_cat":[214],"product_tag":[],"class_list":{"0":"post-5376","1":"product","2":"type-product","3":"status-publish","4":"has-post-thumbnail","6":"product_cat-hirdavat-malzemeleri-hirdavat-tamir-malzemeleri-fis-jack-sase","8":"first","9":"instock","10":"purchasable","11":"product-type-simple","12":"entry","13":"content-bg","14":"loop-entry"},"_links":{"self":[{"href":"https:\/\/www.hediyepazar.com\/index.php?rest_route=\/wp\/v2\/product\/5376","targetHints":{"allow":["GET"]}}],"collection":[{"href":"https:\/\/www.hediyepazar.com\/index.php?rest_route=\/wp\/v2\/product"}],"about":[{"href":"https:\/\/www.hediyepazar.com\/index.php?rest_route=\/wp\/v2\/types\/product"}],"replies":[{"embeddable":true,"href":"https:\/\/www.hediyepazar.com\/index.php?rest_route=%2Fwp%2Fv2%2Fcomments&post=5376"}],"wp:featuredmedia":[{"embeddable":true,"href":"https:\/\/www.hediyepazar.com\/index.php?rest_route=\/wp\/v2\/media\/5377"}],"wp:attachment":[{"href":"https:\/\/www.hediyepazar.com\/index.php?rest_route=%2Fwp%2Fv2%2Fmedia&parent=5376"}],"wp:term":[{"taxonomy":"product_brand","embeddable":true,"href":"https:\/\/www.hediyepazar.com\/index.php?rest_route=%2Fwp%2Fv2%2Fproduct_brand&post=5376"},{"taxonomy":"product_cat","embeddable":true,"href":"https:\/\/www.hediyepazar.com\/index.php?rest_route=%2Fwp%2Fv2%2Fproduct_cat&post=5376"},{"taxonomy":"product_tag","embeddable":true,"href":"https:\/\/www.hediyepazar.com\/index.php?rest_route=%2Fwp%2Fv2%2Fproduct_tag&post=5376"}],"curies":[{"name":"wp","href":"https:\/\/api.w.org\/{rel}","templated":true}]}}