{"id":53981,"date":"2026-04-27T04:06:18","date_gmt":"2026-04-27T07:06:18","guid":{"rendered":"https:\/\/www.hediyepazar.com\/?product=newface-iphone-12-kilif-dolpin-kapakli-derin-mor"},"modified":"2026-04-27T04:06:18","modified_gmt":"2026-04-27T07:06:18","slug":"newface-iphone-12-kilif-dolpin-kapakli-derin-mor","status":"publish","type":"product","link":"https:\/\/www.hediyepazar.com\/?product=newface-iphone-12-kilif-dolpin-kapakli-derin-mor","title":{"rendered":"Newface \u0130phone 12 K\u0131l\u0131f Dolpin Kapakl\u0131 &#8211; Derin Mor"},"content":{"rendered":"","protected":false},"excerpt":{"rendered":"<p>Newface iPhone 12 K\u0131l\u0131f Dolpin Kapakl\u0131 &#8211; Derin Mor<\/p>\n","protected":false},"featured_media":53980,"comment_status":"open","ping_status":"closed","template":"","meta":{"_kad_post_transparent":"","_kad_post_title":"","_kad_post_layout":"","_kad_post_sidebar_id":"","_kad_post_content_style":"","_kad_post_vertical_padding":"","_kad_post_feature":"","_kad_post_feature_position":"","_kad_post_header":false,"_kad_post_footer":false,"_kad_post_classname":""},"product_brand":[],"product_cat":[23],"product_tag":[],"class_list":{"0":"post-53981","1":"product","2":"type-product","3":"status-publish","4":"has-post-thumbnail","6":"product_cat-genel","8":"first","9":"instock","10":"purchasable","11":"product-type-simple","12":"entry","13":"content-bg","14":"loop-entry"},"_links":{"self":[{"href":"https:\/\/www.hediyepazar.com\/index.php?rest_route=\/wp\/v2\/product\/53981","targetHints":{"allow":["GET"]}}],"collection":[{"href":"https:\/\/www.hediyepazar.com\/index.php?rest_route=\/wp\/v2\/product"}],"about":[{"href":"https:\/\/www.hediyepazar.com\/index.php?rest_route=\/wp\/v2\/types\/product"}],"replies":[{"embeddable":true,"href":"https:\/\/www.hediyepazar.com\/index.php?rest_route=%2Fwp%2Fv2%2Fcomments&post=53981"}],"wp:featuredmedia":[{"embeddable":true,"href":"https:\/\/www.hediyepazar.com\/index.php?rest_route=\/wp\/v2\/media\/53980"}],"wp:attachment":[{"href":"https:\/\/www.hediyepazar.com\/index.php?rest_route=%2Fwp%2Fv2%2Fmedia&parent=53981"}],"wp:term":[{"taxonomy":"product_brand","embeddable":true,"href":"https:\/\/www.hediyepazar.com\/index.php?rest_route=%2Fwp%2Fv2%2Fproduct_brand&post=53981"},{"taxonomy":"product_cat","embeddable":true,"href":"https:\/\/www.hediyepazar.com\/index.php?rest_route=%2Fwp%2Fv2%2Fproduct_cat&post=53981"},{"taxonomy":"product_tag","embeddable":true,"href":"https:\/\/www.hediyepazar.com\/index.php?rest_route=%2Fwp%2Fv2%2Fproduct_tag&post=53981"}],"curies":[{"name":"wp","href":"https:\/\/api.w.org\/{rel}","templated":true}]}}