{"id":5856,"date":"2026-04-26T07:00:18","date_gmt":"2026-04-26T10:00:18","guid":{"rendered":"https:\/\/www.hediyepazar.com\/?product=krose-2-numara-celik-civili-100lu-paket"},"modified":"2026-04-26T07:00:21","modified_gmt":"2026-04-26T10:00:21","slug":"krose-2-numara-celik-civili-100lu-paket","status":"publish","type":"product","link":"https:\/\/www.hediyepazar.com\/?product=krose-2-numara-celik-civili-100lu-paket","title":{"rendered":"Kro\u015fe 2 Numara \u00c7elik \u00c7ivili 100&#8217;l\u00fc Paket"},"content":{"rendered":"<p>Kro\u015fe 2 Numara \u00c7elik \u00c7ivili 100&#8217;l\u00fc Paket<\/p>\n","protected":false},"excerpt":{"rendered":"<p>Kro\u015fe 2 Numara \u00c7elik \u00c7ivili 100&#8217;l\u00fc Paket<\/p>\n","protected":false},"featured_media":5857,"comment_status":"closed","ping_status":"open","template":"","meta":{"_kad_post_transparent":"","_kad_post_title":"","_kad_post_layout":"","_kad_post_sidebar_id":"","_kad_post_content_style":"","_kad_post_vertical_padding":"","_kad_post_feature":"","_kad_post_feature_position":"","_kad_post_header":false,"_kad_post_footer":false,"_kad_post_classname":""},"product_brand":[],"product_cat":[278],"product_tag":[],"class_list":{"0":"post-5856","1":"product","2":"type-product","3":"status-publish","4":"has-post-thumbnail","6":"product_cat-kablo-cesitleri-kablolama-araclari-kablo-ekipmanlari","8":"first","9":"instock","10":"purchasable","11":"product-type-simple","12":"entry","13":"content-bg","14":"loop-entry"},"_links":{"self":[{"href":"https:\/\/www.hediyepazar.com\/index.php?rest_route=\/wp\/v2\/product\/5856","targetHints":{"allow":["GET"]}}],"collection":[{"href":"https:\/\/www.hediyepazar.com\/index.php?rest_route=\/wp\/v2\/product"}],"about":[{"href":"https:\/\/www.hediyepazar.com\/index.php?rest_route=\/wp\/v2\/types\/product"}],"replies":[{"embeddable":true,"href":"https:\/\/www.hediyepazar.com\/index.php?rest_route=%2Fwp%2Fv2%2Fcomments&post=5856"}],"wp:featuredmedia":[{"embeddable":true,"href":"https:\/\/www.hediyepazar.com\/index.php?rest_route=\/wp\/v2\/media\/5857"}],"wp:attachment":[{"href":"https:\/\/www.hediyepazar.com\/index.php?rest_route=%2Fwp%2Fv2%2Fmedia&parent=5856"}],"wp:term":[{"taxonomy":"product_brand","embeddable":true,"href":"https:\/\/www.hediyepazar.com\/index.php?rest_route=%2Fwp%2Fv2%2Fproduct_brand&post=5856"},{"taxonomy":"product_cat","embeddable":true,"href":"https:\/\/www.hediyepazar.com\/index.php?rest_route=%2Fwp%2Fv2%2Fproduct_cat&post=5856"},{"taxonomy":"product_tag","embeddable":true,"href":"https:\/\/www.hediyepazar.com\/index.php?rest_route=%2Fwp%2Fv2%2Fproduct_tag&post=5856"}],"curies":[{"name":"wp","href":"https:\/\/api.w.org\/{rel}","templated":true}]}}