{"id":6254,"date":"2026-04-26T07:02:31","date_gmt":"2026-04-26T10:02:31","guid":{"rendered":"https:\/\/www.hediyepazar.com\/?product=orbus-ms24-2500-24-volt-2500-watt-modified-sinus-invertor"},"modified":"2026-04-26T07:02:35","modified_gmt":"2026-04-26T10:02:35","slug":"orbus-ms24-2500-24-volt-2500-watt-modified-sinus-invertor","status":"publish","type":"product","link":"https:\/\/www.hediyepazar.com\/?product=orbus-ms24-2500-24-volt-2500-watt-modified-sinus-invertor","title":{"rendered":"Orbus Ms24-2500 24 Volt 2500 Watt Modified Sinus \u0130nvert\u00f6r"},"content":{"rendered":"<p>Orbus Ms24-2500 24 Volt 2500 Watt Modified Sinus \u0130nvert\u00f6r<\/p>\n","protected":false},"excerpt":{"rendered":"<p>Orbus Ms24-2500 24 Volt 2500 Watt Modified Sinus \u0130nvert\u00f6r<\/p>\n","protected":false},"featured_media":6255,"comment_status":"closed","ping_status":"open","template":"","meta":{"_kad_post_transparent":"","_kad_post_title":"","_kad_post_layout":"","_kad_post_sidebar_id":"","_kad_post_content_style":"","_kad_post_vertical_padding":"","_kad_post_feature":"","_kad_post_feature_position":"","_kad_post_header":false,"_kad_post_footer":false,"_kad_post_classname":""},"product_brand":[],"product_cat":[269],"product_tag":[],"class_list":{"0":"post-6254","1":"product","2":"type-product","3":"status-publish","4":"has-post-thumbnail","6":"product_cat-adaptor-aku-pil-adaptorler-invertorler-konvertorler","8":"first","9":"instock","10":"purchasable","11":"product-type-simple","12":"entry","13":"content-bg","14":"loop-entry"},"_links":{"self":[{"href":"https:\/\/www.hediyepazar.com\/index.php?rest_route=\/wp\/v2\/product\/6254","targetHints":{"allow":["GET"]}}],"collection":[{"href":"https:\/\/www.hediyepazar.com\/index.php?rest_route=\/wp\/v2\/product"}],"about":[{"href":"https:\/\/www.hediyepazar.com\/index.php?rest_route=\/wp\/v2\/types\/product"}],"replies":[{"embeddable":true,"href":"https:\/\/www.hediyepazar.com\/index.php?rest_route=%2Fwp%2Fv2%2Fcomments&post=6254"}],"wp:featuredmedia":[{"embeddable":true,"href":"https:\/\/www.hediyepazar.com\/index.php?rest_route=\/wp\/v2\/media\/6255"}],"wp:attachment":[{"href":"https:\/\/www.hediyepazar.com\/index.php?rest_route=%2Fwp%2Fv2%2Fmedia&parent=6254"}],"wp:term":[{"taxonomy":"product_brand","embeddable":true,"href":"https:\/\/www.hediyepazar.com\/index.php?rest_route=%2Fwp%2Fv2%2Fproduct_brand&post=6254"},{"taxonomy":"product_cat","embeddable":true,"href":"https:\/\/www.hediyepazar.com\/index.php?rest_route=%2Fwp%2Fv2%2Fproduct_cat&post=6254"},{"taxonomy":"product_tag","embeddable":true,"href":"https:\/\/www.hediyepazar.com\/index.php?rest_route=%2Fwp%2Fv2%2Fproduct_tag&post=6254"}],"curies":[{"name":"wp","href":"https:\/\/api.w.org\/{rel}","templated":true}]}}