{"id":6364,"date":"2026-04-26T07:03:12","date_gmt":"2026-04-26T10:03:12","guid":{"rendered":"https:\/\/www.hediyepazar.com\/?product=powermaster-mx-w865c-cok-fonksiyonlu-sarjli-projektor-lambasi"},"modified":"2026-04-26T07:03:13","modified_gmt":"2026-04-26T10:03:13","slug":"powermaster-mx-w865c-cok-fonksiyonlu-sarjli-projektor-lambasi","status":"publish","type":"product","link":"https:\/\/www.hediyepazar.com\/?product=powermaster-mx-w865c-cok-fonksiyonlu-sarjli-projektor-lambasi","title":{"rendered":"Powermaster Mx-w865c \u00c7ok Fonksiyonlu \u015earjl\u0131 Projekt\u00f6r Lambas\u0131"},"content":{"rendered":"<p>Powermaster Mx-w865c \u00c7ok Fonksiyonlu \u015earjl\u0131 Projekt\u00f6r Lambas\u0131<\/p>\n","protected":false},"excerpt":{"rendered":"<p>Powermaster Mx-w865c \u00c7ok Fonksiyonlu \u015earjl\u0131 Projekt\u00f6r Lambas\u0131<\/p>\n","protected":false},"featured_media":6365,"comment_status":"closed","ping_status":"open","template":"","meta":{"_kad_post_transparent":"","_kad_post_title":"","_kad_post_layout":"","_kad_post_sidebar_id":"","_kad_post_content_style":"","_kad_post_vertical_padding":"","_kad_post_feature":"","_kad_post_feature_position":"","_kad_post_header":false,"_kad_post_footer":false,"_kad_post_classname":""},"product_brand":[],"product_cat":[294],"product_tag":[],"class_list":{"0":"post-6364","1":"product","2":"type-product","3":"status-publish","4":"has-post-thumbnail","6":"product_cat-led-ve-aydinlatma-genel-aydinlatma-urunleri-ledli-lambalar","8":"first","9":"instock","10":"purchasable","11":"product-type-simple","12":"entry","13":"content-bg","14":"loop-entry"},"_links":{"self":[{"href":"https:\/\/www.hediyepazar.com\/index.php?rest_route=\/wp\/v2\/product\/6364","targetHints":{"allow":["GET"]}}],"collection":[{"href":"https:\/\/www.hediyepazar.com\/index.php?rest_route=\/wp\/v2\/product"}],"about":[{"href":"https:\/\/www.hediyepazar.com\/index.php?rest_route=\/wp\/v2\/types\/product"}],"replies":[{"embeddable":true,"href":"https:\/\/www.hediyepazar.com\/index.php?rest_route=%2Fwp%2Fv2%2Fcomments&post=6364"}],"wp:featuredmedia":[{"embeddable":true,"href":"https:\/\/www.hediyepazar.com\/index.php?rest_route=\/wp\/v2\/media\/6365"}],"wp:attachment":[{"href":"https:\/\/www.hediyepazar.com\/index.php?rest_route=%2Fwp%2Fv2%2Fmedia&parent=6364"}],"wp:term":[{"taxonomy":"product_brand","embeddable":true,"href":"https:\/\/www.hediyepazar.com\/index.php?rest_route=%2Fwp%2Fv2%2Fproduct_brand&post=6364"},{"taxonomy":"product_cat","embeddable":true,"href":"https:\/\/www.hediyepazar.com\/index.php?rest_route=%2Fwp%2Fv2%2Fproduct_cat&post=6364"},{"taxonomy":"product_tag","embeddable":true,"href":"https:\/\/www.hediyepazar.com\/index.php?rest_route=%2Fwp%2Fv2%2Fproduct_tag&post=6364"}],"curies":[{"name":"wp","href":"https:\/\/api.w.org\/{rel}","templated":true}]}}