{"id":6454,"date":"2026-04-26T07:03:39","date_gmt":"2026-04-26T10:03:39","guid":{"rendered":"https:\/\/www.hediyepazar.com\/?product=sunup-araba-dokunmatik-led-renkli-aydinlatma-isigi-okuma-lambasi"},"modified":"2026-04-26T07:03:42","modified_gmt":"2026-04-26T10:03:42","slug":"sunup-araba-dokunmatik-led-renkli-aydinlatma-isigi-okuma-lambasi","status":"publish","type":"product","link":"https:\/\/www.hediyepazar.com\/?product=sunup-araba-dokunmatik-led-renkli-aydinlatma-isigi-okuma-lambasi","title":{"rendered":"Sunup Araba Dokunmatik Led Renkli Ayd\u0131nlatma I\u015f\u0131\u011f\u0131 Okuma Lambas\u0131"},"content":{"rendered":"<p>Sunup Araba Dokunmatik Led Renkli Ayd\u0131nlatma I\u015f\u0131\u011f\u0131 Okuma Lambas\u0131<\/p>\n","protected":false},"excerpt":{"rendered":"<p>Sunup Araba Dokunmatik Led Renkli Ayd\u0131nlatma I\u015f\u0131\u011f\u0131 Okuma Lambas\u0131<\/p>\n","protected":false},"featured_media":6455,"comment_status":"closed","ping_status":"open","template":"","meta":{"_kad_post_transparent":"","_kad_post_title":"","_kad_post_layout":"","_kad_post_sidebar_id":"","_kad_post_content_style":"","_kad_post_vertical_padding":"","_kad_post_feature":"","_kad_post_feature_position":"","_kad_post_header":false,"_kad_post_footer":false,"_kad_post_classname":""},"product_brand":[],"product_cat":[267],"product_tag":[],"class_list":{"0":"post-6454","1":"product","2":"type-product","3":"status-publish","4":"has-post-thumbnail","6":"product_cat-oto-ses-ve-goruntu-sistemleri-oto-aksesuarlari","8":"first","9":"instock","10":"purchasable","11":"product-type-simple","12":"entry","13":"content-bg","14":"loop-entry"},"_links":{"self":[{"href":"https:\/\/www.hediyepazar.com\/index.php?rest_route=\/wp\/v2\/product\/6454","targetHints":{"allow":["GET"]}}],"collection":[{"href":"https:\/\/www.hediyepazar.com\/index.php?rest_route=\/wp\/v2\/product"}],"about":[{"href":"https:\/\/www.hediyepazar.com\/index.php?rest_route=\/wp\/v2\/types\/product"}],"replies":[{"embeddable":true,"href":"https:\/\/www.hediyepazar.com\/index.php?rest_route=%2Fwp%2Fv2%2Fcomments&post=6454"}],"wp:featuredmedia":[{"embeddable":true,"href":"https:\/\/www.hediyepazar.com\/index.php?rest_route=\/wp\/v2\/media\/6455"}],"wp:attachment":[{"href":"https:\/\/www.hediyepazar.com\/index.php?rest_route=%2Fwp%2Fv2%2Fmedia&parent=6454"}],"wp:term":[{"taxonomy":"product_brand","embeddable":true,"href":"https:\/\/www.hediyepazar.com\/index.php?rest_route=%2Fwp%2Fv2%2Fproduct_brand&post=6454"},{"taxonomy":"product_cat","embeddable":true,"href":"https:\/\/www.hediyepazar.com\/index.php?rest_route=%2Fwp%2Fv2%2Fproduct_cat&post=6454"},{"taxonomy":"product_tag","embeddable":true,"href":"https:\/\/www.hediyepazar.com\/index.php?rest_route=%2Fwp%2Fv2%2Fproduct_tag&post=6454"}],"curies":[{"name":"wp","href":"https:\/\/api.w.org\/{rel}","templated":true}]}}