{"id":64929,"date":"2026-04-28T07:09:26","date_gmt":"2026-04-28T10:09:26","guid":{"rendered":"https:\/\/www.hediyepazar.com\/?product=ic-180b-yuvarlak-3p-isikli-16mm-yayli-buton"},"modified":"2026-04-28T07:09:26","modified_gmt":"2026-04-28T10:09:26","slug":"ic-180b-yuvarlak-3p-isikli-16mm-yayli-buton","status":"publish","type":"product","link":"https:\/\/www.hediyepazar.com\/?product=ic-180b-yuvarlak-3p-isikli-16mm-yayli-buton","title":{"rendered":"Ic-180b Yuvarlak 3p I\u015f\u0131kl\u0131 16mm Yayl\u0131 Buton"},"content":{"rendered":"","protected":false},"excerpt":{"rendered":"<p>Ic-180b Yuvarlak 3p I\u015f\u0131kl\u0131 16mm Yayl\u0131 Buton<\/p>\n","protected":false},"featured_media":64928,"comment_status":"open","ping_status":"closed","template":"","meta":{"_kad_post_transparent":"","_kad_post_title":"","_kad_post_layout":"","_kad_post_sidebar_id":"","_kad_post_content_style":"","_kad_post_vertical_padding":"","_kad_post_feature":"","_kad_post_feature_position":"","_kad_post_header":false,"_kad_post_footer":false,"_kad_post_classname":""},"product_brand":[],"product_cat":[23],"product_tag":[],"class_list":{"0":"post-64929","1":"product","2":"type-product","3":"status-publish","4":"has-post-thumbnail","6":"product_cat-genel","8":"first","9":"instock","10":"purchasable","11":"product-type-simple","12":"entry","13":"content-bg","14":"loop-entry"},"_links":{"self":[{"href":"https:\/\/www.hediyepazar.com\/index.php?rest_route=\/wp\/v2\/product\/64929","targetHints":{"allow":["GET"]}}],"collection":[{"href":"https:\/\/www.hediyepazar.com\/index.php?rest_route=\/wp\/v2\/product"}],"about":[{"href":"https:\/\/www.hediyepazar.com\/index.php?rest_route=\/wp\/v2\/types\/product"}],"replies":[{"embeddable":true,"href":"https:\/\/www.hediyepazar.com\/index.php?rest_route=%2Fwp%2Fv2%2Fcomments&post=64929"}],"wp:featuredmedia":[{"embeddable":true,"href":"https:\/\/www.hediyepazar.com\/index.php?rest_route=\/wp\/v2\/media\/64928"}],"wp:attachment":[{"href":"https:\/\/www.hediyepazar.com\/index.php?rest_route=%2Fwp%2Fv2%2Fmedia&parent=64929"}],"wp:term":[{"taxonomy":"product_brand","embeddable":true,"href":"https:\/\/www.hediyepazar.com\/index.php?rest_route=%2Fwp%2Fv2%2Fproduct_brand&post=64929"},{"taxonomy":"product_cat","embeddable":true,"href":"https:\/\/www.hediyepazar.com\/index.php?rest_route=%2Fwp%2Fv2%2Fproduct_cat&post=64929"},{"taxonomy":"product_tag","embeddable":true,"href":"https:\/\/www.hediyepazar.com\/index.php?rest_route=%2Fwp%2Fv2%2Fproduct_tag&post=64929"}],"curies":[{"name":"wp","href":"https:\/\/api.w.org\/{rel}","templated":true}]}}