{"id":6506,"date":"2026-04-26T07:04:01","date_gmt":"2026-04-26T10:04:01","guid":{"rendered":"https:\/\/www.hediyepazar.com\/?product=85-c-nc-termostat-normalde-kapali-tip-ic-269"},"modified":"2026-04-26T07:04:02","modified_gmt":"2026-04-26T10:04:02","slug":"85-c-nc-termostat-normalde-kapali-tip-ic-269","status":"publish","type":"product","link":"https:\/\/www.hediyepazar.com\/?product=85-c-nc-termostat-normalde-kapali-tip-ic-269","title":{"rendered":"85 C Nc Termostat Normalde Kapal\u0131 Tip  (\u0131c-269)"},"content":{"rendered":"<p>85 C Nc Termostat Normalde Kapal\u0131 Tip  (\u0131c-269)<\/p>\n","protected":false},"excerpt":{"rendered":"<p>85 C Nc Termostat Normalde Kapal\u0131 Tip (\u0131c-269)<\/p>\n","protected":false},"featured_media":6507,"comment_status":"closed","ping_status":"open","template":"","meta":{"_kad_post_transparent":"","_kad_post_title":"","_kad_post_layout":"","_kad_post_sidebar_id":"","_kad_post_content_style":"","_kad_post_vertical_padding":"","_kad_post_feature":"","_kad_post_feature_position":"","_kad_post_header":false,"_kad_post_footer":false,"_kad_post_classname":""},"product_brand":[],"product_cat":[218],"product_tag":[],"class_list":{"0":"post-6506","1":"product","2":"type-product","3":"status-publish","4":"has-post-thumbnail","6":"product_cat-elektronik-malzemeler-muhtelif-elektronik-malzeme","8":"first","9":"instock","10":"purchasable","11":"product-type-simple","12":"entry","13":"content-bg","14":"loop-entry"},"_links":{"self":[{"href":"https:\/\/www.hediyepazar.com\/index.php?rest_route=\/wp\/v2\/product\/6506","targetHints":{"allow":["GET"]}}],"collection":[{"href":"https:\/\/www.hediyepazar.com\/index.php?rest_route=\/wp\/v2\/product"}],"about":[{"href":"https:\/\/www.hediyepazar.com\/index.php?rest_route=\/wp\/v2\/types\/product"}],"replies":[{"embeddable":true,"href":"https:\/\/www.hediyepazar.com\/index.php?rest_route=%2Fwp%2Fv2%2Fcomments&post=6506"}],"wp:featuredmedia":[{"embeddable":true,"href":"https:\/\/www.hediyepazar.com\/index.php?rest_route=\/wp\/v2\/media\/6507"}],"wp:attachment":[{"href":"https:\/\/www.hediyepazar.com\/index.php?rest_route=%2Fwp%2Fv2%2Fmedia&parent=6506"}],"wp:term":[{"taxonomy":"product_brand","embeddable":true,"href":"https:\/\/www.hediyepazar.com\/index.php?rest_route=%2Fwp%2Fv2%2Fproduct_brand&post=6506"},{"taxonomy":"product_cat","embeddable":true,"href":"https:\/\/www.hediyepazar.com\/index.php?rest_route=%2Fwp%2Fv2%2Fproduct_cat&post=6506"},{"taxonomy":"product_tag","embeddable":true,"href":"https:\/\/www.hediyepazar.com\/index.php?rest_route=%2Fwp%2Fv2%2Fproduct_tag&post=6506"}],"curies":[{"name":"wp","href":"https:\/\/api.w.org\/{rel}","templated":true}]}}