{"id":6586,"date":"2026-04-26T07:04:24","date_gmt":"2026-04-26T10:04:24","guid":{"rendered":"https:\/\/www.hediyepazar.com\/?product=powermaster-pm-26324-kagit-geri-donusum-makinesi"},"modified":"2026-04-26T07:04:25","modified_gmt":"2026-04-26T10:04:25","slug":"powermaster-pm-26324-kagit-geri-donusum-makinesi","status":"publish","type":"product","link":"https:\/\/www.hediyepazar.com\/?product=powermaster-pm-26324-kagit-geri-donusum-makinesi","title":{"rendered":"Powermaster Pm-26324 Ka\u011f\u0131t Geri D\u00f6n\u00fc\u015f\u00fcm Makinesi"},"content":{"rendered":"<p>Powermaster Pm-26324 Ka\u011f\u0131t Geri D\u00f6n\u00fc\u015f\u00fcm Makinesi<\/p>\n","protected":false},"excerpt":{"rendered":"<p>Powermaster Pm-26324 Ka\u011f\u0131t Geri D\u00f6n\u00fc\u015f\u00fcm Makinesi<\/p>\n","protected":false},"featured_media":6587,"comment_status":"closed","ping_status":"open","template":"","meta":{"_kad_post_transparent":"","_kad_post_title":"","_kad_post_layout":"","_kad_post_sidebar_id":"","_kad_post_content_style":"","_kad_post_vertical_padding":"","_kad_post_feature":"","_kad_post_feature_position":"","_kad_post_header":false,"_kad_post_footer":false,"_kad_post_classname":""},"product_brand":[],"product_cat":[405],"product_tag":[],"class_list":{"0":"post-6586","1":"product","2":"type-product","3":"status-publish","4":"has-post-thumbnail","6":"product_cat-ev-ve-yasam-ev-yasam-ve-teknoloji-tuketici-elektronigi","8":"first","9":"instock","10":"purchasable","11":"product-type-simple","12":"entry","13":"content-bg","14":"loop-entry"},"_links":{"self":[{"href":"https:\/\/www.hediyepazar.com\/index.php?rest_route=\/wp\/v2\/product\/6586","targetHints":{"allow":["GET"]}}],"collection":[{"href":"https:\/\/www.hediyepazar.com\/index.php?rest_route=\/wp\/v2\/product"}],"about":[{"href":"https:\/\/www.hediyepazar.com\/index.php?rest_route=\/wp\/v2\/types\/product"}],"replies":[{"embeddable":true,"href":"https:\/\/www.hediyepazar.com\/index.php?rest_route=%2Fwp%2Fv2%2Fcomments&post=6586"}],"wp:featuredmedia":[{"embeddable":true,"href":"https:\/\/www.hediyepazar.com\/index.php?rest_route=\/wp\/v2\/media\/6587"}],"wp:attachment":[{"href":"https:\/\/www.hediyepazar.com\/index.php?rest_route=%2Fwp%2Fv2%2Fmedia&parent=6586"}],"wp:term":[{"taxonomy":"product_brand","embeddable":true,"href":"https:\/\/www.hediyepazar.com\/index.php?rest_route=%2Fwp%2Fv2%2Fproduct_brand&post=6586"},{"taxonomy":"product_cat","embeddable":true,"href":"https:\/\/www.hediyepazar.com\/index.php?rest_route=%2Fwp%2Fv2%2Fproduct_cat&post=6586"},{"taxonomy":"product_tag","embeddable":true,"href":"https:\/\/www.hediyepazar.com\/index.php?rest_route=%2Fwp%2Fv2%2Fproduct_tag&post=6586"}],"curies":[{"name":"wp","href":"https:\/\/api.w.org\/{rel}","templated":true}]}}