{"id":6660,"date":"2026-04-26T07:04:48","date_gmt":"2026-04-26T10:04:48","guid":{"rendered":"https:\/\/www.hediyepazar.com\/?product=hikvision-32-kanal-dvr-kayit-cihazi-ds-7232hghi-m2"},"modified":"2026-04-26T07:04:49","modified_gmt":"2026-04-26T10:04:49","slug":"hikvision-32-kanal-dvr-kayit-cihazi-ds-7232hghi-m2","status":"publish","type":"product","link":"https:\/\/www.hediyepazar.com\/?product=hikvision-32-kanal-dvr-kayit-cihazi-ds-7232hghi-m2","title":{"rendered":"Hikvision  32 Kanal Dvr Kay\u0131t Cihaz\u0131 (ds-7232hgh\u0131-m2)"},"content":{"rendered":"<p>Hikvision  32 Kanal Dvr Kay\u0131t Cihaz\u0131 (ds-7232hgh\u0131-m2)<\/p>\n","protected":false},"excerpt":{"rendered":"<p>Hikvision 32 Kanal Dvr Kay\u0131t Cihaz\u0131 (ds-7232hgh\u0131-m2)<\/p>\n","protected":false},"featured_media":6661,"comment_status":"closed","ping_status":"open","template":"","meta":{"_kad_post_transparent":"","_kad_post_title":"","_kad_post_layout":"","_kad_post_sidebar_id":"","_kad_post_content_style":"","_kad_post_vertical_padding":"","_kad_post_feature":"","_kad_post_feature_position":"","_kad_post_header":false,"_kad_post_footer":false,"_kad_post_classname":""},"product_brand":[],"product_cat":[251],"product_tag":[],"class_list":{"0":"post-6660","1":"product","2":"type-product","3":"status-publish","4":"has-post-thumbnail","6":"product_cat-guvenlik-sistemleri-kayit-cihazlari-dvr-kayit-cihazlari","8":"first","9":"instock","10":"purchasable","11":"product-type-simple","12":"entry","13":"content-bg","14":"loop-entry"},"_links":{"self":[{"href":"https:\/\/www.hediyepazar.com\/index.php?rest_route=\/wp\/v2\/product\/6660","targetHints":{"allow":["GET"]}}],"collection":[{"href":"https:\/\/www.hediyepazar.com\/index.php?rest_route=\/wp\/v2\/product"}],"about":[{"href":"https:\/\/www.hediyepazar.com\/index.php?rest_route=\/wp\/v2\/types\/product"}],"replies":[{"embeddable":true,"href":"https:\/\/www.hediyepazar.com\/index.php?rest_route=%2Fwp%2Fv2%2Fcomments&post=6660"}],"wp:featuredmedia":[{"embeddable":true,"href":"https:\/\/www.hediyepazar.com\/index.php?rest_route=\/wp\/v2\/media\/6661"}],"wp:attachment":[{"href":"https:\/\/www.hediyepazar.com\/index.php?rest_route=%2Fwp%2Fv2%2Fmedia&parent=6660"}],"wp:term":[{"taxonomy":"product_brand","embeddable":true,"href":"https:\/\/www.hediyepazar.com\/index.php?rest_route=%2Fwp%2Fv2%2Fproduct_brand&post=6660"},{"taxonomy":"product_cat","embeddable":true,"href":"https:\/\/www.hediyepazar.com\/index.php?rest_route=%2Fwp%2Fv2%2Fproduct_cat&post=6660"},{"taxonomy":"product_tag","embeddable":true,"href":"https:\/\/www.hediyepazar.com\/index.php?rest_route=%2Fwp%2Fv2%2Fproduct_tag&post=6660"}],"curies":[{"name":"wp","href":"https:\/\/api.w.org\/{rel}","templated":true}]}}