{"id":6764,"date":"2026-04-26T07:05:24","date_gmt":"2026-04-26T10:05:24","guid":{"rendered":"https:\/\/www.hediyepazar.com\/?product=buzdolabi-ic-aydinlatma-ledi-sc-340jbl-0074000689-4-cipli-lensli"},"modified":"2026-04-26T07:05:25","modified_gmt":"2026-04-26T10:05:25","slug":"buzdolabi-ic-aydinlatma-ledi-sc-340jbl-0074000689-4-cipli-lensli","status":"publish","type":"product","link":"https:\/\/www.hediyepazar.com\/?product=buzdolabi-ic-aydinlatma-ledi-sc-340jbl-0074000689-4-cipli-lensli","title":{"rendered":"Buzdolab\u0131 \u0130\u00e7 Ayd\u0131nlatma Ledi Sc-340jbl 0074000689 4 \u00c7ipli Lensli"},"content":{"rendered":"<p>Buzdolab\u0131 \u0130\u00e7 Ayd\u0131nlatma Ledi Sc-340jbl 0074000689 4 \u00c7ipli Lensli<\/p>\n","protected":false},"excerpt":{"rendered":"<p>Buzdolab\u0131 \u0130\u00e7 Ayd\u0131nlatma Ledi Sc-340jbl 0074000689 4 \u00c7ipli Lensli<\/p>\n","protected":false},"featured_media":6765,"comment_status":"closed","ping_status":"open","template":"","meta":{"_kad_post_transparent":"","_kad_post_title":"","_kad_post_layout":"","_kad_post_sidebar_id":"","_kad_post_content_style":"","_kad_post_vertical_padding":"","_kad_post_feature":"","_kad_post_feature_position":"","_kad_post_header":false,"_kad_post_footer":false,"_kad_post_classname":""},"product_brand":[],"product_cat":[270],"product_tag":[],"class_list":{"0":"post-6764","1":"product","2":"type-product","3":"status-publish","4":"has-post-thumbnail","6":"product_cat-led-ve-aydinlatma-aydinlatma-diger","8":"first","9":"instock","10":"purchasable","11":"product-type-simple","12":"entry","13":"content-bg","14":"loop-entry"},"_links":{"self":[{"href":"https:\/\/www.hediyepazar.com\/index.php?rest_route=\/wp\/v2\/product\/6764","targetHints":{"allow":["GET"]}}],"collection":[{"href":"https:\/\/www.hediyepazar.com\/index.php?rest_route=\/wp\/v2\/product"}],"about":[{"href":"https:\/\/www.hediyepazar.com\/index.php?rest_route=\/wp\/v2\/types\/product"}],"replies":[{"embeddable":true,"href":"https:\/\/www.hediyepazar.com\/index.php?rest_route=%2Fwp%2Fv2%2Fcomments&post=6764"}],"wp:featuredmedia":[{"embeddable":true,"href":"https:\/\/www.hediyepazar.com\/index.php?rest_route=\/wp\/v2\/media\/6765"}],"wp:attachment":[{"href":"https:\/\/www.hediyepazar.com\/index.php?rest_route=%2Fwp%2Fv2%2Fmedia&parent=6764"}],"wp:term":[{"taxonomy":"product_brand","embeddable":true,"href":"https:\/\/www.hediyepazar.com\/index.php?rest_route=%2Fwp%2Fv2%2Fproduct_brand&post=6764"},{"taxonomy":"product_cat","embeddable":true,"href":"https:\/\/www.hediyepazar.com\/index.php?rest_route=%2Fwp%2Fv2%2Fproduct_cat&post=6764"},{"taxonomy":"product_tag","embeddable":true,"href":"https:\/\/www.hediyepazar.com\/index.php?rest_route=%2Fwp%2Fv2%2Fproduct_tag&post=6764"}],"curies":[{"name":"wp","href":"https:\/\/api.w.org\/{rel}","templated":true}]}}