{"id":73245,"date":"2026-04-29T19:36:58","date_gmt":"2026-04-29T22:36:58","guid":{"rendered":"https:\/\/www.hediyepazar.com\/?product=5-adet-super-eko-set-likrali-kadin-slip-kulot-519"},"modified":"2026-04-29T19:36:58","modified_gmt":"2026-04-29T22:36:58","slug":"5-adet-super-eko-set-likrali-kadin-slip-kulot-519","status":"publish","type":"product","link":"https:\/\/www.hediyepazar.com\/?product=5-adet-super-eko-set-likrali-kadin-slip-kulot-519","title":{"rendered":"5 adet S\u00fcper Eko Set Likral\u0131 Kad\u0131n Slip K\u00fclot 519"},"content":{"rendered":"<table style=\"border-collapse:collapse; width:106pt; border:none\" width=\"141\">\n<colgroup>\n<col style=\"width:106pt\" width=\"141\" \/>\n\t<\/colgroup>\n<tbody>\n<tr height=\"26\" style=\"height:19.5pt\">\n<td class=\"xl67\" height=\"26\" style=\"border:none; height:19.5pt; width:106pt; vertical-align:middle; white-space:nowrap; padding-top:1px; padding-right:1px; padding-left:1px\" width=\"141\"><span style=\"font-size:11pt\"><span style=\"color:black\"><span style=\"font-weight:400\"><span style=\"font-style:normal\"><span style=\"text-decoration:none\"><span style=\"font-family:Calibri,sans-serif\">G&uuml;nl&uuml;k kullan\u0131ma uygun s&uuml;per ekonomik k&uuml;lot seti.<br \/>\n\t\t\tPamuklu kuma\u015ftan &uuml;retilmi\u015ftir. Sa\u011fl\u0131\u011f\u0131n\u0131z i&ccedil;in en faydal\u0131 doku pamuk sayesinde teniniz nefes alacak hareket kabiliyetiniz artacakt\u0131r.<br \/>\n\t\t\tDokusu yumu\u015fac\u0131kt\u0131r ve olduk&ccedil;a rahatt\u0131r.<br \/>\n\t\t\t% 95 pamuk % 5 elestan<br \/>\n\t\t\tY\u0131kama talimatlar\u0131na uyuldu\u011funda deforme olmayaca\u011f\u0131ndan uzun s&uuml;re keyifle kullanabileceksiniz.<\/p>\n<p>\t\t\tToplamda 5 adet k&uuml;lot g&ouml;nderilecektir.<\/p>\n<p>\t\t\tT&uuml;m &uuml;r&uuml;nlerimiz gizli paketleme olarak g&ouml;nderilmektedir. Sa\u011fl\u0131kl\u0131 g&uuml;nlerde kullanman\u0131z\u0131 temenni ederiz. Renk : K\u0131rm\u0131z\u0131 &#8211; Gri &#8211; Beyaz &#8211; Pudra &#8211; Fu\u015fya<\/span><\/span><\/span><\/span><\/span><\/span><\/td>\n<\/tr>\n<\/tbody>\n<\/table>\n","protected":false},"excerpt":{"rendered":"<p>5 adet S\u00fcper Eko Set Likral\u0131 Kad\u0131n Slip K\u00fclot K\u0131rm\u0131z\u0131 Gri Beyaz Pudra Fu\u015fya<\/p>\n","protected":false},"featured_media":70287,"comment_status":"open","ping_status":"closed","template":"","meta":{"_kad_post_transparent":"","_kad_post_title":"","_kad_post_layout":"","_kad_post_sidebar_id":"","_kad_post_content_style":"","_kad_post_vertical_padding":"","_kad_post_feature":"","_kad_post_feature_position":"","_kad_post_header":false,"_kad_post_footer":false,"_kad_post_classname":""},"product_brand":[],"product_cat":[538,537,539],"product_tag":[],"class_list":{"0":"post-73245","1":"product","2":"type-product","3":"status-publish","4":"has-post-thumbnail","6":"product_cat-ic-giyim","7":"product_cat-kadin","8":"product_cat-kulot","10":"first","11":"instock","12":"shipping-taxable","13":"purchasable","14":"product-type-simple","15":"entry","16":"content-bg","17":"loop-entry"},"_links":{"self":[{"href":"https:\/\/www.hediyepazar.com\/index.php?rest_route=\/wp\/v2\/product\/73245","targetHints":{"allow":["GET"]}}],"collection":[{"href":"https:\/\/www.hediyepazar.com\/index.php?rest_route=\/wp\/v2\/product"}],"about":[{"href":"https:\/\/www.hediyepazar.com\/index.php?rest_route=\/wp\/v2\/types\/product"}],"replies":[{"embeddable":true,"href":"https:\/\/www.hediyepazar.com\/index.php?rest_route=%2Fwp%2Fv2%2Fcomments&post=73245"}],"wp:featuredmedia":[{"embeddable":true,"href":"https:\/\/www.hediyepazar.com\/index.php?rest_route=\/wp\/v2\/media\/70287"}],"wp:attachment":[{"href":"https:\/\/www.hediyepazar.com\/index.php?rest_route=%2Fwp%2Fv2%2Fmedia&parent=73245"}],"wp:term":[{"taxonomy":"product_brand","embeddable":true,"href":"https:\/\/www.hediyepazar.com\/index.php?rest_route=%2Fwp%2Fv2%2Fproduct_brand&post=73245"},{"taxonomy":"product_cat","embeddable":true,"href":"https:\/\/www.hediyepazar.com\/index.php?rest_route=%2Fwp%2Fv2%2Fproduct_cat&post=73245"},{"taxonomy":"product_tag","embeddable":true,"href":"https:\/\/www.hediyepazar.com\/index.php?rest_route=%2Fwp%2Fv2%2Fproduct_tag&post=73245"}],"curies":[{"name":"wp","href":"https:\/\/api.w.org\/{rel}","templated":true}]}}