{"id":73636,"date":"2026-04-29T19:46:27","date_gmt":"2026-04-29T22:46:27","guid":{"rendered":"https:\/\/www.hediyepazar.com\/?product=siyah-ve-gri-kadin-gorunmez-corap-15-cift"},"modified":"2026-04-29T19:46:27","modified_gmt":"2026-04-29T22:46:27","slug":"siyah-ve-gri-kadin-gorunmez-corap-15-cift","status":"publish","type":"product","link":"https:\/\/www.hediyepazar.com\/?product=siyah-ve-gri-kadin-gorunmez-corap-15-cift","title":{"rendered":"Siyah ve Gri Kad\u0131n G\u00f6r\u00fcnmez \u00c7orap 15 \u00e7ift"},"content":{"rendered":"<table style=\"border-collapse:collapse; width:106pt; border:none\" width=\"141\">\n<colgroup>\n<col style=\"width:106pt\" width=\"141\" \/>\n\t<\/colgroup>\n<tbody>\n<tr height=\"26\" style=\"height:19.5pt\">\n<td class=\"xl67\" height=\"26\" style=\"border:none; height:19.5pt; width:106pt; vertical-align:middle; white-space:nowrap; padding-top:1px; padding-right:1px; padding-left:1px\" width=\"141\"><span style=\"font-size:11pt\"><span style=\"color:black\"><span style=\"font-weight:400\"><span style=\"font-style:normal\"><span style=\"text-decoration:none\"><span style=\"font-family:Calibri,sans-serif\">Yumu\u015fak ve rahat: Y&uuml;ksek kaliteli pamuktan &uuml;retilen bu \u015f\u0131k &ccedil;oraplar &ccedil;ok yumu\u015fakt\u0131r ve ayaklar\u0131n\u0131za nefes alabilir.<\/p>\n<p>\t\t\t%80 Pamuk %18 Poliamid %2 Elastan<br \/>\n\t\t\tT&uuml;rkiye&#39;de &uuml;retilmi\u015ftir.<\/p>\n<p>\t\t\t36-41 numaralara uygundur.<br \/>\n\t\t\tPaket i&ccedil;eri\u011fi : 15 &ccedil;ift g&ouml;nderilecektir. Renk : Gri \/ Siyah<\/span><\/span><\/span><\/span><\/span><\/span><\/td>\n<\/tr>\n<\/tbody>\n<\/table>\n","protected":false},"excerpt":{"rendered":"<p>Siyah ve Gri Kad\u0131n G\u00f6r\u00fcnmez \u00c7orap 15 \u00e7ift<\/p>\n","protected":false},"featured_media":71069,"comment_status":"open","ping_status":"closed","template":"","meta":{"_kad_post_transparent":"","_kad_post_title":"","_kad_post_layout":"","_kad_post_sidebar_id":"","_kad_post_content_style":"","_kad_post_vertical_padding":"","_kad_post_feature":"","_kad_post_feature_position":"","_kad_post_header":false,"_kad_post_footer":false,"_kad_post_classname":""},"product_brand":[],"product_cat":[540,538,537],"product_tag":[],"class_list":{"0":"post-73636","1":"product","2":"type-product","3":"status-publish","4":"has-post-thumbnail","6":"product_cat-corap","7":"product_cat-ic-giyim","8":"product_cat-kadin","10":"first","11":"instock","12":"shipping-taxable","13":"purchasable","14":"product-type-simple","15":"entry","16":"content-bg","17":"loop-entry"},"_links":{"self":[{"href":"https:\/\/www.hediyepazar.com\/index.php?rest_route=\/wp\/v2\/product\/73636","targetHints":{"allow":["GET"]}}],"collection":[{"href":"https:\/\/www.hediyepazar.com\/index.php?rest_route=\/wp\/v2\/product"}],"about":[{"href":"https:\/\/www.hediyepazar.com\/index.php?rest_route=\/wp\/v2\/types\/product"}],"replies":[{"embeddable":true,"href":"https:\/\/www.hediyepazar.com\/index.php?rest_route=%2Fwp%2Fv2%2Fcomments&post=73636"}],"wp:featuredmedia":[{"embeddable":true,"href":"https:\/\/www.hediyepazar.com\/index.php?rest_route=\/wp\/v2\/media\/71069"}],"wp:attachment":[{"href":"https:\/\/www.hediyepazar.com\/index.php?rest_route=%2Fwp%2Fv2%2Fmedia&parent=73636"}],"wp:term":[{"taxonomy":"product_brand","embeddable":true,"href":"https:\/\/www.hediyepazar.com\/index.php?rest_route=%2Fwp%2Fv2%2Fproduct_brand&post=73636"},{"taxonomy":"product_cat","embeddable":true,"href":"https:\/\/www.hediyepazar.com\/index.php?rest_route=%2Fwp%2Fv2%2Fproduct_cat&post=73636"},{"taxonomy":"product_tag","embeddable":true,"href":"https:\/\/www.hediyepazar.com\/index.php?rest_route=%2Fwp%2Fv2%2Fproduct_tag&post=73636"}],"curies":[{"name":"wp","href":"https:\/\/api.w.org\/{rel}","templated":true}]}}