{"id":73682,"date":"2026-04-29T19:47:48","date_gmt":"2026-04-29T22:47:48","guid":{"rendered":"https:\/\/www.hediyepazar.com\/?product=siyah-cerceveli-seffaf-cam-unisex-stil-gozluk"},"modified":"2026-04-29T19:47:48","modified_gmt":"2026-04-29T22:47:48","slug":"siyah-cerceveli-seffaf-cam-unisex-stil-gozluk","status":"publish","type":"product","link":"https:\/\/www.hediyepazar.com\/?product=siyah-cerceveli-seffaf-cam-unisex-stil-gozluk","title":{"rendered":"Siyah \u00c7er\u00e7eveli \u015eeffaf Cam Unisex Stil G\u00f6zl\u00fck"},"content":{"rendered":"<table style=\"border-collapse:collapse; width:195pt; border:none\" width=\"260\">\n<colgroup>\n<col style=\"width:195pt\" width=\"260\" \/>\n\t<\/colgroup>\n<tbody>\n<tr height=\"20\" style=\"height:15.0pt\">\n<td class=\"xl66\" height=\"20\" style=\"border:none; height:15.0pt; width:195pt; white-space:nowrap; padding-top:1px; padding-right:1px; padding-left:1px; vertical-align:bottom\" width=\"260\"><span style=\"font-size:11pt\"><span style=\"color:black\"><span style=\"font-weight:400\"><span style=\"font-style:normal\"><span style=\"text-decoration:none\"><span style=\"font-family:Calibri,sans-serif\">Ekartman (mm): 42 Sap Uzunlu\u011fu (mm): 140 K&ouml;pr&uuml; (mm): 20<br \/>\n\t\t\t&Ccedil;er&ccedil;eve Cinsi : Kemik &Ccedil;er&ccedil;eve G&uuml;nl&uuml;k kullan\u0131ma uygun \u015feffaf UV400 camlar\u0131yla beraber<br \/>\n\t\t\tstil tamamlay\u0131c\u0131 olarak ve zararl\u0131 \u0131\u015f\u0131nlardan korunmak i&ccedil;in kullan\u0131l\u0131r.<br \/>\n\t\t\tSiyah cat eye formu sayesinde her t&uuml;rl&uuml; kombin ile g&uuml;ndelik ve plajda aksesuar olarak kullanabilirsiniz.<br \/>\n\t\t\tK\u0131l\u0131f\u0131 ile birlkte g&ouml;nderilecektir.<br \/>\n\t\t\tKod:1008<\/span><\/span><\/span><\/span><\/span><\/span><\/td>\n<\/tr>\n<\/tbody>\n<\/table>\n","protected":false},"excerpt":{"rendered":"<p>Siyah \u00c7er\u00e7eveli \u015eeffaf Cam Unisex Stil G\u00f6zl\u00fck<\/p>\n","protected":false},"featured_media":71161,"comment_status":"open","ping_status":"closed","template":"","meta":{"_kad_post_transparent":"","_kad_post_title":"","_kad_post_layout":"","_kad_post_sidebar_id":"","_kad_post_content_style":"","_kad_post_vertical_padding":"","_kad_post_feature":"","_kad_post_feature_position":"","_kad_post_header":false,"_kad_post_footer":false,"_kad_post_classname":""},"product_brand":[],"product_cat":[545,546,537],"product_tag":[],"class_list":{"0":"post-73682","1":"product","2":"type-product","3":"status-publish","4":"has-post-thumbnail","6":"product_cat-aksesuar","7":"product_cat-gunes-gozlugu-2","8":"product_cat-kadin","10":"first","11":"instock","12":"shipping-taxable","13":"purchasable","14":"product-type-simple","15":"entry","16":"content-bg","17":"loop-entry"},"_links":{"self":[{"href":"https:\/\/www.hediyepazar.com\/index.php?rest_route=\/wp\/v2\/product\/73682","targetHints":{"allow":["GET"]}}],"collection":[{"href":"https:\/\/www.hediyepazar.com\/index.php?rest_route=\/wp\/v2\/product"}],"about":[{"href":"https:\/\/www.hediyepazar.com\/index.php?rest_route=\/wp\/v2\/types\/product"}],"replies":[{"embeddable":true,"href":"https:\/\/www.hediyepazar.com\/index.php?rest_route=%2Fwp%2Fv2%2Fcomments&post=73682"}],"wp:featuredmedia":[{"embeddable":true,"href":"https:\/\/www.hediyepazar.com\/index.php?rest_route=\/wp\/v2\/media\/71161"}],"wp:attachment":[{"href":"https:\/\/www.hediyepazar.com\/index.php?rest_route=%2Fwp%2Fv2%2Fmedia&parent=73682"}],"wp:term":[{"taxonomy":"product_brand","embeddable":true,"href":"https:\/\/www.hediyepazar.com\/index.php?rest_route=%2Fwp%2Fv2%2Fproduct_brand&post=73682"},{"taxonomy":"product_cat","embeddable":true,"href":"https:\/\/www.hediyepazar.com\/index.php?rest_route=%2Fwp%2Fv2%2Fproduct_cat&post=73682"},{"taxonomy":"product_tag","embeddable":true,"href":"https:\/\/www.hediyepazar.com\/index.php?rest_route=%2Fwp%2Fv2%2Fproduct_tag&post=73682"}],"curies":[{"name":"wp","href":"https:\/\/api.w.org\/{rel}","templated":true}]}}