{"id":73712,"date":"2026-04-29T19:48:25","date_gmt":"2026-04-29T22:48:25","guid":{"rendered":"https:\/\/www.hediyepazar.com\/?product=elite-life-kadin-ten-dikissiz-silikonlu-sekillendirici-korse-880"},"modified":"2026-04-29T19:48:25","modified_gmt":"2026-04-29T22:48:25","slug":"elite-life-kadin-ten-dikissiz-silikonlu-sekillendirici-korse-880","status":"publish","type":"product","link":"https:\/\/www.hediyepazar.com\/?product=elite-life-kadin-ten-dikissiz-silikonlu-sekillendirici-korse-880","title":{"rendered":"Elite Life Kad\u0131n Ten Diki\u015fsiz Silikonlu \u015eekillendirici Korse 880"},"content":{"rendered":"<table style=\"border-collapse:collapse; width:118pt; border:none\" width=\"157\">\n<colgroup>\n<col style=\"width:118pt\" width=\"157\" \/>\n\t<\/colgroup>\n<tbody>\n<tr height=\"20\" style=\"height:15.0pt\">\n<td class=\"xl65\" height=\"20\" style=\"border:none; height:15.0pt; width:118pt; vertical-align:middle; padding-top:1px; padding-right:1px; padding-left:1px; white-space:nowrap\" width=\"157\"><span style=\"font-size:11pt\"><span style=\"color:black\"><span style=\"font-weight:400\"><span style=\"font-style:normal\"><span style=\"text-decoration:none\"><span style=\"font-family:Calibri,sans-serif\">Elite Life Kad\u0131n Ten Diki\u015fsiz Silikonlu \u015eekillendirici Korse 880<br \/>\n\t\t\tKaymay\u0131 &ouml;nleyen silikon doku<br \/>\n\t\t\tS\u0131k\u0131 &ouml;r&uuml;lm&uuml;\u015f elastik toparlay\u0131c\u0131 bel<br \/>\n\t\t\tOrta bas\u0131n&ccedil;l\u0131 s\u0131kmayan kal&ccedil;a \u015fekillendiriciler<br \/>\n\t\t\tEsnek hareket sa\u011flayan s\u0131k\u0131 &ouml;r&uuml;lm&uuml;\u015f pa&ccedil;a &Ccedil;abuk kurur.<br \/>\n\t\t\t&Uuml;t&uuml; gerektirmez. 40 derecede y\u0131kay\u0131n\u0131z.<br \/>\n\t\t\tUzun s&uuml;re g&uuml;venle kullanabilirsiniz.<br \/>\n\t\t\t%85 mikroelyaf poliamide %14 elastan %1 silikon.<br \/>\n\t\t\tTavsiye edilen kullan\u0131m bedenleri:<br \/>\n\t\t\tS beden: 36-40 basen: 94-98 kilo: 53-60.<br \/>\n\t\t\tM beden: 40-44 basen: 99-105 kilo: 60-70.<br \/>\n\t\t\tL beden: 44-48 basen: 106-110 kilo: 70-80.<br \/>\n\t\t\tXl beden: 48-52 basen: 111-116 kilo:80-90.<\/span><\/span><\/span><\/span><\/span><\/span><\/td>\n<\/tr>\n<\/tbody>\n<\/table>\n","protected":false},"excerpt":{"rendered":"<p>Elite Life Kad\u0131n Ten Diki\u015fsiz Silikonlu \u015eekillendirici Korse<\/p>\n","protected":false},"featured_media":71221,"comment_status":"open","ping_status":"closed","template":"","meta":{"_kad_post_transparent":"","_kad_post_title":"","_kad_post_layout":"","_kad_post_sidebar_id":"","_kad_post_content_style":"","_kad_post_vertical_padding":"","_kad_post_feature":"","_kad_post_feature_position":"","_kad_post_header":false,"_kad_post_footer":false,"_kad_post_classname":""},"product_brand":[],"product_cat":[538,537,549],"product_tag":[],"class_list":{"0":"post-73712","1":"product","2":"type-product","3":"status-publish","4":"has-post-thumbnail","6":"product_cat-ic-giyim","7":"product_cat-kadin","8":"product_cat-korse","10":"first","11":"instock","12":"shipping-taxable","13":"purchasable","14":"product-type-simple","15":"entry","16":"content-bg","17":"loop-entry"},"_links":{"self":[{"href":"https:\/\/www.hediyepazar.com\/index.php?rest_route=\/wp\/v2\/product\/73712","targetHints":{"allow":["GET"]}}],"collection":[{"href":"https:\/\/www.hediyepazar.com\/index.php?rest_route=\/wp\/v2\/product"}],"about":[{"href":"https:\/\/www.hediyepazar.com\/index.php?rest_route=\/wp\/v2\/types\/product"}],"replies":[{"embeddable":true,"href":"https:\/\/www.hediyepazar.com\/index.php?rest_route=%2Fwp%2Fv2%2Fcomments&post=73712"}],"wp:featuredmedia":[{"embeddable":true,"href":"https:\/\/www.hediyepazar.com\/index.php?rest_route=\/wp\/v2\/media\/71221"}],"wp:attachment":[{"href":"https:\/\/www.hediyepazar.com\/index.php?rest_route=%2Fwp%2Fv2%2Fmedia&parent=73712"}],"wp:term":[{"taxonomy":"product_brand","embeddable":true,"href":"https:\/\/www.hediyepazar.com\/index.php?rest_route=%2Fwp%2Fv2%2Fproduct_brand&post=73712"},{"taxonomy":"product_cat","embeddable":true,"href":"https:\/\/www.hediyepazar.com\/index.php?rest_route=%2Fwp%2Fv2%2Fproduct_cat&post=73712"},{"taxonomy":"product_tag","embeddable":true,"href":"https:\/\/www.hediyepazar.com\/index.php?rest_route=%2Fwp%2Fv2%2Fproduct_tag&post=73712"}],"curies":[{"name":"wp","href":"https:\/\/api.w.org\/{rel}","templated":true}]}}