{"id":73747,"date":"2026-04-29T19:49:08","date_gmt":"2026-04-29T22:49:08","guid":{"rendered":"https:\/\/www.hediyepazar.com\/?product=elite-life-dikissiz-sekillendirici-silikonlu-kadin-siyah-slip-korse-890"},"modified":"2026-04-29T19:49:08","modified_gmt":"2026-04-29T22:49:08","slug":"elite-life-dikissiz-sekillendirici-silikonlu-kadin-siyah-slip-korse-890","status":"publish","type":"product","link":"https:\/\/www.hediyepazar.com\/?product=elite-life-dikissiz-sekillendirici-silikonlu-kadin-siyah-slip-korse-890","title":{"rendered":"Elite Life Diki\u015fsiz \u015eekillendirici Silikonlu Kad\u0131n Siyah Slip Korse 890"},"content":{"rendered":"<table style=\"border-collapse:collapse; width:118pt; border:none\" width=\"157\">\n<colgroup>\n<col style=\"width:118pt\" width=\"157\" \/>\n\t<\/colgroup>\n<tbody>\n<tr height=\"20\" style=\"height:15.0pt\">\n<td class=\"xl63\" height=\"20\" style=\"border:none; height:15.0pt; width:118pt; vertical-align:middle; padding-top:1px; padding-right:1px; padding-left:1px; white-space:nowrap\" width=\"157\"><span style=\"font-size:11pt\"><span style=\"color:black\"><span style=\"font-weight:400\"><span style=\"font-style:normal\"><span style=\"text-decoration:none\"><span style=\"font-family:Calibri,sans-serif\">Elite Life Diki\u015fsiz \u015eekillendirici Silikonlu Kad\u0131n Siyah Slip Korse 890<br \/>\n\t\t\t%80 Microfiber PA %19 Elastan %1 Silikon.<br \/>\n\t\t\tDiki\u015fsiz &uuml;r&uuml;n&uuml;m&uuml;z korse &ouml;zelli\u011fi ile kar\u0131n b&ouml;lgenizi toparlar, B\u0130R BEDEN K&Uuml;&Ccedil;&Uuml;LT&Uuml;R.<br \/>\n\t\t\t&Uuml;zerindeki silikon bantlar &uuml;r&uuml;n&uuml;n v&uuml;cuttan kaymas\u0131n\u0131 engeller. B&ouml;ylece konforlu bir giyim sa\u011flar.<br \/>\n\t\t\tNefes alabilen kuma\u015f yap\u0131s\u0131 ve anti mikrobiyel &ouml;zelli\u011fi ile sa\u011fl\u0131\u011f\u0131n\u0131z\u0131 korur.<br \/>\n\t\t\t&Ccedil;abuk kurur. Bak\u0131m\u0131 kolayd\u0131r. &Uuml;t&uuml; gerektirmez.<br \/>\n\t\t\tKaymay\u0131 &Ouml;nleyen Silikon Bant, Mide Ve Kar\u0131n Toparlay\u0131c\u0131, Kal&ccedil;a \u015eekillendiricidir.<\/span><\/span><\/span><\/span><\/span><\/span><\/td>\n<\/tr>\n<\/tbody>\n<\/table>\n","protected":false},"excerpt":{"rendered":"<p>Elite Life Diki\u015fsiz \u015eekillendirici Silikonlu Kad\u0131n Siyah Slip Korse 890<\/p>\n","protected":false},"featured_media":71290,"comment_status":"open","ping_status":"closed","template":"","meta":{"_kad_post_transparent":"","_kad_post_title":"","_kad_post_layout":"","_kad_post_sidebar_id":"","_kad_post_content_style":"","_kad_post_vertical_padding":"","_kad_post_feature":"","_kad_post_feature_position":"","_kad_post_header":false,"_kad_post_footer":false,"_kad_post_classname":""},"product_brand":[],"product_cat":[538,537,549],"product_tag":[],"class_list":{"0":"post-73747","1":"product","2":"type-product","3":"status-publish","4":"has-post-thumbnail","6":"product_cat-ic-giyim","7":"product_cat-kadin","8":"product_cat-korse","10":"first","11":"instock","12":"shipping-taxable","13":"purchasable","14":"product-type-simple","15":"entry","16":"content-bg","17":"loop-entry"},"_links":{"self":[{"href":"https:\/\/www.hediyepazar.com\/index.php?rest_route=\/wp\/v2\/product\/73747","targetHints":{"allow":["GET"]}}],"collection":[{"href":"https:\/\/www.hediyepazar.com\/index.php?rest_route=\/wp\/v2\/product"}],"about":[{"href":"https:\/\/www.hediyepazar.com\/index.php?rest_route=\/wp\/v2\/types\/product"}],"replies":[{"embeddable":true,"href":"https:\/\/www.hediyepazar.com\/index.php?rest_route=%2Fwp%2Fv2%2Fcomments&post=73747"}],"wp:featuredmedia":[{"embeddable":true,"href":"https:\/\/www.hediyepazar.com\/index.php?rest_route=\/wp\/v2\/media\/71290"}],"wp:attachment":[{"href":"https:\/\/www.hediyepazar.com\/index.php?rest_route=%2Fwp%2Fv2%2Fmedia&parent=73747"}],"wp:term":[{"taxonomy":"product_brand","embeddable":true,"href":"https:\/\/www.hediyepazar.com\/index.php?rest_route=%2Fwp%2Fv2%2Fproduct_brand&post=73747"},{"taxonomy":"product_cat","embeddable":true,"href":"https:\/\/www.hediyepazar.com\/index.php?rest_route=%2Fwp%2Fv2%2Fproduct_cat&post=73747"},{"taxonomy":"product_tag","embeddable":true,"href":"https:\/\/www.hediyepazar.com\/index.php?rest_route=%2Fwp%2Fv2%2Fproduct_tag&post=73747"}],"curies":[{"name":"wp","href":"https:\/\/api.w.org\/{rel}","templated":true}]}}