{"id":73784,"date":"2026-04-29T19:49:57","date_gmt":"2026-04-29T22:49:57","guid":{"rendered":"https:\/\/www.hediyepazar.com\/?product=elite-life-dikissiz-kadin-boxer-beyaz-sort-830"},"modified":"2026-04-29T19:49:57","modified_gmt":"2026-04-29T22:49:57","slug":"elite-life-dikissiz-kadin-boxer-beyaz-sort-830","status":"publish","type":"product","link":"https:\/\/www.hediyepazar.com\/?product=elite-life-dikissiz-kadin-boxer-beyaz-sort-830","title":{"rendered":"Elite Life Diki\u015fsiz Kad\u0131n Boxer Beyaz \u015eort 830"},"content":{"rendered":"<table style=\"border-collapse:collapse; width:118pt; border:none\" width=\"157\">\n<colgroup>\n<col style=\"width:118pt\" width=\"157\" \/>\n\t<\/colgroup>\n<tbody>\n<tr height=\"20\" style=\"height:15.0pt\">\n<td class=\"xl63\" height=\"20\" style=\"border:none; height:15.0pt; width:118pt; vertical-align:middle; padding-top:1px; padding-right:1px; padding-left:1px; white-space:nowrap\" width=\"157\"><span style=\"font-size:11pt\"><span style=\"color:black\"><span style=\"font-weight:400\"><span style=\"font-style:normal\"><span style=\"text-decoration:none\"><span style=\"font-family:Calibri,sans-serif\">Elite Life Diki\u015fsiz Kad\u0131n Boxer Beyaz \u015eort 830<br \/>\n\t\t\tBoxer rahat hareket sa\u011flayan i&ccedil; giyim &uuml;r&uuml;n&uuml;d&uuml;r.<br \/>\n\t\t\tBoxer kesimi son derece rahatt\u0131r. Diki\u015fsiz &ouml;zelli\u011fi,<br \/>\n\t\t\tyumu\u015fak ve esnek dokusu sayesinde hareket &ouml;zg&uuml;rl&uuml;\u011f&uuml;n&uuml;z&uuml; k\u0131s\u0131tlamaz.<br \/>\n\t\t\tT&uuml;m k\u0131yafetlerin alt\u0131na rahatl\u0131kla giyilebilir.<br \/>\n\t\t\tV&uuml;cudu tamamen sard\u0131\u011f\u0131 i&ccedil;in k\u0131yafetlerin alt\u0131nda m&uuml;kemmel duru\u015f sa\u011flar.<br \/>\n\t\t\tNefes alabilen kuma\u015f yap\u0131s\u0131 &ouml;zelli\u011fi ile sa\u011fl\u0131\u011f\u0131n\u0131z\u0131 korur.<br \/>\n\t\t\tBak\u0131m\u0131 kolayd\u0131r. &Ccedil;abuk kurur. \u0130z yapmaz. &Uuml;t&uuml; gerektirmez.<br \/>\n\t\t\tElite Life 830 modeli de diki\u015fsiz ve iz yapmayan &ouml;zelli\u011fe sahiptir.<br \/>\n\t\t\t&Ouml;zellikle ince ve a&ccedil;\u0131k renk pantolon giyen bayanlar d\u0131\u015far\u0131dan i&ccedil; &ccedil;ama\u015f\u0131rlar\u0131 belli olmas\u0131n diye kullanmaktad\u0131r.<br \/>\n\t\t\tDiki\u015fsiz yap\u0131s\u0131 sayesinde g&uuml;n boyu rahatl\u0131k sunmaktad\u0131r.<\/span><\/span><\/span><\/span><\/span><\/span><\/td>\n<\/tr>\n<tr>\n<td class=\"xl63\" height=\"20\" style=\"border:none; height:15.0pt; width:118pt; vertical-align:middle; padding-top:1px; padding-right:1px; padding-left:1px; white-space:nowrap\" width=\"157\">&nbsp;<\/td>\n<\/tr>\n<\/tbody>\n<\/table>\n","protected":false},"excerpt":{"rendered":"<p>Elite Life Diki\u015fsiz Kad\u0131n Boxer Beyaz \u015eort 830<\/p>\n","protected":false},"featured_media":71362,"comment_status":"open","ping_status":"closed","template":"","meta":{"_kad_post_transparent":"","_kad_post_title":"","_kad_post_layout":"","_kad_post_sidebar_id":"","_kad_post_content_style":"","_kad_post_vertical_padding":"","_kad_post_feature":"","_kad_post_feature_position":"","_kad_post_header":false,"_kad_post_footer":false,"_kad_post_classname":""},"product_brand":[],"product_cat":[544,538,537],"product_tag":[],"class_list":{"0":"post-73784","1":"product","2":"type-product","3":"status-publish","4":"has-post-thumbnail","6":"product_cat-boxer","7":"product_cat-ic-giyim","8":"product_cat-kadin","10":"first","11":"instock","12":"shipping-taxable","13":"purchasable","14":"product-type-simple","15":"entry","16":"content-bg","17":"loop-entry"},"_links":{"self":[{"href":"https:\/\/www.hediyepazar.com\/index.php?rest_route=\/wp\/v2\/product\/73784","targetHints":{"allow":["GET"]}}],"collection":[{"href":"https:\/\/www.hediyepazar.com\/index.php?rest_route=\/wp\/v2\/product"}],"about":[{"href":"https:\/\/www.hediyepazar.com\/index.php?rest_route=\/wp\/v2\/types\/product"}],"replies":[{"embeddable":true,"href":"https:\/\/www.hediyepazar.com\/index.php?rest_route=%2Fwp%2Fv2%2Fcomments&post=73784"}],"wp:featuredmedia":[{"embeddable":true,"href":"https:\/\/www.hediyepazar.com\/index.php?rest_route=\/wp\/v2\/media\/71362"}],"wp:attachment":[{"href":"https:\/\/www.hediyepazar.com\/index.php?rest_route=%2Fwp%2Fv2%2Fmedia&parent=73784"}],"wp:term":[{"taxonomy":"product_brand","embeddable":true,"href":"https:\/\/www.hediyepazar.com\/index.php?rest_route=%2Fwp%2Fv2%2Fproduct_brand&post=73784"},{"taxonomy":"product_cat","embeddable":true,"href":"https:\/\/www.hediyepazar.com\/index.php?rest_route=%2Fwp%2Fv2%2Fproduct_cat&post=73784"},{"taxonomy":"product_tag","embeddable":true,"href":"https:\/\/www.hediyepazar.com\/index.php?rest_route=%2Fwp%2Fv2%2Fproduct_tag&post=73784"}],"curies":[{"name":"wp","href":"https:\/\/api.w.org\/{rel}","templated":true}]}}