{"id":73816,"date":"2026-04-29T19:50:48","date_gmt":"2026-04-29T22:50:48","guid":{"rendered":"https:\/\/www.hediyepazar.com\/?product=tesettur-bone-bagcikli-likrali-beyaz"},"modified":"2026-04-29T19:50:48","modified_gmt":"2026-04-29T22:50:48","slug":"tesettur-bone-bagcikli-likrali-beyaz","status":"publish","type":"product","link":"https:\/\/www.hediyepazar.com\/?product=tesettur-bone-bagcikli-likrali-beyaz","title":{"rendered":"Tesett\u00fcr Bone Ba\u011fc\u0131kl\u0131 Likral\u0131 Beyaz"},"content":{"rendered":"<table style=\"border-collapse:collapse; width:106pt; border:none\" width=\"141\">\n<colgroup>\n<col style=\"width:106pt\" width=\"141\" \/>\n\t<\/colgroup>\n<tbody>\n<tr height=\"26\" style=\"height:19.5pt\">\n<td class=\"xl65\" height=\"26\" style=\"border:none; height:19.5pt; width:106pt; vertical-align:middle; white-space:nowrap; padding-top:1px; padding-right:1px; padding-left:1px\" width=\"141\"><span style=\"font-size:11pt\"><span style=\"color:black\"><span style=\"font-weight:400\"><span style=\"font-style:normal\"><span style=\"text-decoration:none\"><span style=\"font-family:Calibri,sans-serif\">Ba\u011fc\u0131kl\u0131 Likral\u0131 Tesett&uuml;r ve Ba\u015f&ouml;rt&uuml;s&uuml; Bonesi<br \/>\n\t\t\t%100 Pamuktan &uuml;retilmi\u015ftir.<br \/>\n\t\t\tLikral\u0131 ve esnek Kuma\u015ft\u0131r.<br \/>\n\t\t\tTerleme yapmaz.<br \/>\n\t\t\t&Uuml;t&uuml;s&uuml;z kullanabilir.<\/p>\n<p>\t\t\tPaket i&ccedil;eri\u011fi:<br \/>\n\t\t\t1 Adet D&uuml;z Beyaz Penye Bone 30&#215;70<br \/>\n\t\t\t&nbsp;; Renk : Beyaz<\/span><\/span><\/span><\/span><\/span><\/span><\/td>\n<\/tr>\n<\/tbody>\n<\/table>\n","protected":false},"excerpt":{"rendered":"<p>Tesett\u00fcr Bone Ba\u011fc\u0131kl\u0131 Likral\u0131 Beyaz<\/p>\n","protected":false},"featured_media":71426,"comment_status":"open","ping_status":"closed","template":"","meta":{"_kad_post_transparent":"","_kad_post_title":"","_kad_post_layout":"","_kad_post_sidebar_id":"","_kad_post_content_style":"","_kad_post_vertical_padding":"","_kad_post_feature":"","_kad_post_feature_position":"","_kad_post_header":false,"_kad_post_footer":false,"_kad_post_classname":""},"product_brand":[],"product_cat":[457,537,547],"product_tag":[],"class_list":{"0":"post-73816","1":"product","2":"type-product","3":"status-publish","4":"has-post-thumbnail","6":"product_cat-giyim","7":"product_cat-kadin","8":"product_cat-tesettur-giyim","10":"first","11":"instock","12":"shipping-taxable","13":"purchasable","14":"product-type-simple","15":"entry","16":"content-bg","17":"loop-entry"},"_links":{"self":[{"href":"https:\/\/www.hediyepazar.com\/index.php?rest_route=\/wp\/v2\/product\/73816","targetHints":{"allow":["GET"]}}],"collection":[{"href":"https:\/\/www.hediyepazar.com\/index.php?rest_route=\/wp\/v2\/product"}],"about":[{"href":"https:\/\/www.hediyepazar.com\/index.php?rest_route=\/wp\/v2\/types\/product"}],"replies":[{"embeddable":true,"href":"https:\/\/www.hediyepazar.com\/index.php?rest_route=%2Fwp%2Fv2%2Fcomments&post=73816"}],"wp:featuredmedia":[{"embeddable":true,"href":"https:\/\/www.hediyepazar.com\/index.php?rest_route=\/wp\/v2\/media\/71426"}],"wp:attachment":[{"href":"https:\/\/www.hediyepazar.com\/index.php?rest_route=%2Fwp%2Fv2%2Fmedia&parent=73816"}],"wp:term":[{"taxonomy":"product_brand","embeddable":true,"href":"https:\/\/www.hediyepazar.com\/index.php?rest_route=%2Fwp%2Fv2%2Fproduct_brand&post=73816"},{"taxonomy":"product_cat","embeddable":true,"href":"https:\/\/www.hediyepazar.com\/index.php?rest_route=%2Fwp%2Fv2%2Fproduct_cat&post=73816"},{"taxonomy":"product_tag","embeddable":true,"href":"https:\/\/www.hediyepazar.com\/index.php?rest_route=%2Fwp%2Fv2%2Fproduct_tag&post=73816"}],"curies":[{"name":"wp","href":"https:\/\/api.w.org\/{rel}","templated":true}]}}