{"id":73895,"date":"2026-04-29T19:52:38","date_gmt":"2026-04-29T22:52:38","guid":{"rendered":"https:\/\/www.hediyepazar.com\/?product=leopar-cerceve-cat-eye-kadin-gunes-gozlugu"},"modified":"2026-04-29T19:52:38","modified_gmt":"2026-04-29T22:52:38","slug":"leopar-cerceve-cat-eye-kadin-gunes-gozlugu","status":"publish","type":"product","link":"https:\/\/www.hediyepazar.com\/?product=leopar-cerceve-cat-eye-kadin-gunes-gozlugu","title":{"rendered":"Leopar \u00c7er\u00e7eve Cat Eye Kad\u0131n G\u00fcne\u015f G\u00f6zl\u00fc\u011f\u00fc"},"content":{"rendered":"<table style=\"border-collapse:collapse; width:48pt; border:none\" width=\"64\">\n<colgroup>\n<col style=\"width:48pt\" width=\"64\" \/>\n\t<\/colgroup>\n<tbody>\n<tr height=\"20\" style=\"height:15.0pt\">\n<td class=\"xl63\" height=\"20\" style=\"border:none; height:15.0pt; width:48pt; white-space:nowrap; padding-top:1px; padding-right:1px; padding-left:1px; vertical-align:bottom\" width=\"64\"><span style=\"font-size:11pt\"><span style=\"color:black\"><span style=\"font-weight:400\"><span style=\"font-style:normal\"><span style=\"text-decoration:none\"><span style=\"font-family:Calibri,sans-serif\">Ekartman (mm): 45 Sap Uzunlu\u011fu (mm): 145 K&ouml;pr&uuml; (mm): 20<br \/>\n\t\t\tG&uuml;nl&uuml;k kullan\u0131ma uygun renkli UV400 camlar\u0131yla beraber stil tamamlay\u0131c\u0131<br \/>\n\t\t\tolarak ve zararl\u0131 \u0131\u015f\u0131nlardan korunmak i&ccedil;in kullan\u0131l\u0131r.<br \/>\n\t\t\t&Ouml;zel kutusunda g&ouml;nderilmektedir<\/span><\/span><\/span><\/span><\/span><\/span><\/td>\n<\/tr>\n<\/tbody>\n<\/table>\n","protected":false},"excerpt":{"rendered":"<p>Leopar \u00c7er\u00e7eve Cat Eye Kad\u0131n G\u00fcne\u015f G\u00f6zl\u00fc\u011f\u00fc<\/p>\n","protected":false},"featured_media":71584,"comment_status":"open","ping_status":"closed","template":"","meta":{"_kad_post_transparent":"","_kad_post_title":"","_kad_post_layout":"","_kad_post_sidebar_id":"","_kad_post_content_style":"","_kad_post_vertical_padding":"","_kad_post_feature":"","_kad_post_feature_position":"","_kad_post_header":false,"_kad_post_footer":false,"_kad_post_classname":""},"product_brand":[],"product_cat":[545,546,537],"product_tag":[],"class_list":{"0":"post-73895","1":"product","2":"type-product","3":"status-publish","4":"has-post-thumbnail","6":"product_cat-aksesuar","7":"product_cat-gunes-gozlugu-2","8":"product_cat-kadin","10":"first","11":"instock","12":"shipping-taxable","13":"purchasable","14":"product-type-simple","15":"entry","16":"content-bg","17":"loop-entry"},"_links":{"self":[{"href":"https:\/\/www.hediyepazar.com\/index.php?rest_route=\/wp\/v2\/product\/73895","targetHints":{"allow":["GET"]}}],"collection":[{"href":"https:\/\/www.hediyepazar.com\/index.php?rest_route=\/wp\/v2\/product"}],"about":[{"href":"https:\/\/www.hediyepazar.com\/index.php?rest_route=\/wp\/v2\/types\/product"}],"replies":[{"embeddable":true,"href":"https:\/\/www.hediyepazar.com\/index.php?rest_route=%2Fwp%2Fv2%2Fcomments&post=73895"}],"wp:featuredmedia":[{"embeddable":true,"href":"https:\/\/www.hediyepazar.com\/index.php?rest_route=\/wp\/v2\/media\/71584"}],"wp:attachment":[{"href":"https:\/\/www.hediyepazar.com\/index.php?rest_route=%2Fwp%2Fv2%2Fmedia&parent=73895"}],"wp:term":[{"taxonomy":"product_brand","embeddable":true,"href":"https:\/\/www.hediyepazar.com\/index.php?rest_route=%2Fwp%2Fv2%2Fproduct_brand&post=73895"},{"taxonomy":"product_cat","embeddable":true,"href":"https:\/\/www.hediyepazar.com\/index.php?rest_route=%2Fwp%2Fv2%2Fproduct_cat&post=73895"},{"taxonomy":"product_tag","embeddable":true,"href":"https:\/\/www.hediyepazar.com\/index.php?rest_route=%2Fwp%2Fv2%2Fproduct_tag&post=73895"}],"curies":[{"name":"wp","href":"https:\/\/api.w.org\/{rel}","templated":true}]}}