{"id":73915,"date":"2026-04-29T19:53:08","date_gmt":"2026-04-29T22:53:08","guid":{"rendered":"https:\/\/www.hediyepazar.com\/?product=elit-life-kadin-boy-dikissiz-toparlayici-korse-beyaz-895"},"modified":"2026-04-29T19:53:08","modified_gmt":"2026-04-29T22:53:08","slug":"elit-life-kadin-boy-dikissiz-toparlayici-korse-beyaz-895","status":"publish","type":"product","link":"https:\/\/www.hediyepazar.com\/?product=elit-life-kadin-boy-dikissiz-toparlayici-korse-beyaz-895","title":{"rendered":"Elit Life Kad\u0131n Boy Diki\u015fsiz Toparlay\u0131c\u0131 Korse Beyaz 895"},"content":{"rendered":"<table style=\"border-collapse:collapse; width:118pt; border:none\" width=\"157\">\n<colgroup>\n<col style=\"width:118pt\" width=\"157\" \/>\n\t<\/colgroup>\n<tbody>\n<tr height=\"20\" style=\"height:15.0pt\">\n<td class=\"xl65\" height=\"20\" style=\"border:none; height:15.0pt; width:118pt; vertical-align:middle; padding-top:1px; padding-right:1px; padding-left:1px; white-space:nowrap\" width=\"157\"><span style=\"font-size:11pt\"><span style=\"color:black\"><span style=\"font-weight:400\"><span style=\"font-style:normal\"><span style=\"text-decoration:none\"><span style=\"font-family:Calibri,sans-serif\">Elit Life Kad\u0131n Boy Diki\u015fsiz Toparlay\u0131c\u0131 Korse Beyaz 895<br \/>\n\t\t\tDiki\u015fsiz Olarak Tasarlanan &Uuml;r&uuml;n,<br \/>\n\t\t\t&Ouml;zel Noktalarda Kullan\u0131lan &Ouml;rg&uuml;ler Sayesinde<br \/>\n\t\t\tBir Yandan V&uuml;cudunuza Masaj Yaparken,<br \/>\n\t\t\tDi\u011fer Yandan Fit Bir G&ouml;r&uuml;nt&uuml; Elde Etmenize Yard\u0131mc\u0131 Olur.<br \/>\n\t\t\tT&uuml;m V&uuml;cudunuzu Sard\u0131\u011f\u0131ndan Dolay\u0131<br \/>\n\t\t\tHatlar\u0131n\u0131zda Orant\u0131l\u0131 Bir K&uuml;&ccedil;&uuml;lme G&ouml;zlenirken,<br \/>\n\t\t\tNefes Alabilen Kuma\u015f Yap\u0131s\u0131 Sa\u011fl\u0131\u011f\u0131n\u0131z\u0131 Korur.<br \/>\n\t\t\tBak\u0131m\u0131 Kolayd\u0131r; &Ccedil;abuk Kurur Ve &Uuml;t&uuml; Gerektirmez.<\/span><\/span><\/span><\/span><\/span><\/span><\/td>\n<\/tr>\n<\/tbody>\n<\/table>\n","protected":false},"excerpt":{"rendered":"<p>Elit Life Kad\u0131n Boy Diki\u015fsiz Toparlay\u0131c\u0131 Korse Beyaz 895<\/p>\n","protected":false},"featured_media":71624,"comment_status":"open","ping_status":"closed","template":"","meta":{"_kad_post_transparent":"","_kad_post_title":"","_kad_post_layout":"","_kad_post_sidebar_id":"","_kad_post_content_style":"","_kad_post_vertical_padding":"","_kad_post_feature":"","_kad_post_feature_position":"","_kad_post_header":false,"_kad_post_footer":false,"_kad_post_classname":""},"product_brand":[],"product_cat":[538,537,549],"product_tag":[],"class_list":{"0":"post-73915","1":"product","2":"type-product","3":"status-publish","4":"has-post-thumbnail","6":"product_cat-ic-giyim","7":"product_cat-kadin","8":"product_cat-korse","10":"first","11":"instock","12":"shipping-taxable","13":"purchasable","14":"product-type-simple","15":"entry","16":"content-bg","17":"loop-entry"},"_links":{"self":[{"href":"https:\/\/www.hediyepazar.com\/index.php?rest_route=\/wp\/v2\/product\/73915","targetHints":{"allow":["GET"]}}],"collection":[{"href":"https:\/\/www.hediyepazar.com\/index.php?rest_route=\/wp\/v2\/product"}],"about":[{"href":"https:\/\/www.hediyepazar.com\/index.php?rest_route=\/wp\/v2\/types\/product"}],"replies":[{"embeddable":true,"href":"https:\/\/www.hediyepazar.com\/index.php?rest_route=%2Fwp%2Fv2%2Fcomments&post=73915"}],"wp:featuredmedia":[{"embeddable":true,"href":"https:\/\/www.hediyepazar.com\/index.php?rest_route=\/wp\/v2\/media\/71624"}],"wp:attachment":[{"href":"https:\/\/www.hediyepazar.com\/index.php?rest_route=%2Fwp%2Fv2%2Fmedia&parent=73915"}],"wp:term":[{"taxonomy":"product_brand","embeddable":true,"href":"https:\/\/www.hediyepazar.com\/index.php?rest_route=%2Fwp%2Fv2%2Fproduct_brand&post=73915"},{"taxonomy":"product_cat","embeddable":true,"href":"https:\/\/www.hediyepazar.com\/index.php?rest_route=%2Fwp%2Fv2%2Fproduct_cat&post=73915"},{"taxonomy":"product_tag","embeddable":true,"href":"https:\/\/www.hediyepazar.com\/index.php?rest_route=%2Fwp%2Fv2%2Fproduct_tag&post=73915"}],"curies":[{"name":"wp","href":"https:\/\/api.w.org\/{rel}","templated":true}]}}