{"id":73948,"date":"2026-04-29T19:53:53","date_gmt":"2026-04-29T22:53:53","guid":{"rendered":"https:\/\/www.hediyepazar.com\/?product=pedli-ip-askili-yarim-atlet-bustiyer-kulot-takim-gri"},"modified":"2026-04-29T19:53:53","modified_gmt":"2026-04-29T22:53:53","slug":"pedli-ip-askili-yarim-atlet-bustiyer-kulot-takim-gri","status":"publish","type":"product","link":"https:\/\/www.hediyepazar.com\/?product=pedli-ip-askili-yarim-atlet-bustiyer-kulot-takim-gri","title":{"rendered":"Pedli \u0130p Ask\u0131l\u0131 Yar\u0131m Atlet B\u00fcstiyer K\u00fclot Tak\u0131m Gri"},"content":{"rendered":"<table style=\"border-collapse:collapse; width:106pt; border:none\" width=\"141\">\n<colgroup>\n<col style=\"width:106pt\" width=\"141\" \/>\n\t<\/colgroup>\n<tbody>\n<tr height=\"26\" style=\"height:19.5pt\">\n<td class=\"xl64\" height=\"26\" style=\"border:none; height:19.5pt; width:106pt; vertical-align:middle; padding-top:1px; padding-right:1px; padding-left:1px; white-space:nowrap\" width=\"141\"><span style=\"font-size:11pt\"><span style=\"color:black\"><span style=\"font-weight:400\"><span style=\"font-style:normal\"><span style=\"text-decoration:none\"><span style=\"font-family:Calibri,sans-serif\">Kad\u0131nlar g&uuml;ndelik ya\u015famda v&uuml;cut sa\u011fl\u0131\u011f\u0131n\u0131 g&ouml;z &ouml;n&uuml;nde bulundurarak rahat hareket edebilecekleri,<br \/>\n\t\t\tteri engelleyici i&ccedil; giyim &uuml;r&uuml;nleri tercih etmelidirler. Bunun i&ccedil;in de en do\u011fru adrestesiniz.<br \/>\n\t\t\t&Uuml;r&uuml;nlerimizin kaliteli dokusu, renk, beden ve bask\u0131 &ccedil;e\u015fitlili\u011finin katt\u0131\u011f\u0131<br \/>\n\t\t\trenklilikle en &ccedil;ok tercih edilen i&ccedil; giyim markalar\u0131 aras\u0131nda yer almaktay\u0131z.<\/p>\n<p>\t\t\t\u0130&ccedil;erik: %93 Pamuk %7 Elastan<\/p>\n<p>\t\t\tBeden Tablosu;<br \/>\n\t\t\tS-M= 40-46 L-XL= 48-54<\/p>\n<p>\t\t\tPAKET \u0130&Ccedil;ER\u0130\u011e\u0130;<br \/>\n\t\t\t1 ADET GR\u0130 PEDL\u0130 B&Uuml;ST\u0130YER<br \/>\n\t\t\t1 ADET GR\u0130 L\u0130KRALI SL\u0130P K&Uuml;LOT<\/span><\/span><\/span><\/span><\/span><\/span><\/td>\n<\/tr>\n<\/tbody>\n<\/table>\n","protected":false},"excerpt":{"rendered":"<p>Pedli \u0130p Ask\u0131l\u0131 Yar\u0131m Atlet B\u00fcstiyer K\u00fclot Tak\u0131m Gri<\/p>\n","protected":false},"featured_media":71690,"comment_status":"open","ping_status":"closed","template":"","meta":{"_kad_post_transparent":"","_kad_post_title":"","_kad_post_layout":"","_kad_post_sidebar_id":"","_kad_post_content_style":"","_kad_post_vertical_padding":"","_kad_post_feature":"","_kad_post_feature_position":"","_kad_post_header":false,"_kad_post_footer":false,"_kad_post_classname":""},"product_brand":[],"product_cat":[543,457,537],"product_tag":[],"class_list":{"0":"post-73948","1":"product","2":"type-product","3":"status-publish","4":"has-post-thumbnail","6":"product_cat-bluz-tunik-bustiyer","7":"product_cat-giyim","8":"product_cat-kadin","10":"first","11":"instock","12":"shipping-taxable","13":"purchasable","14":"product-type-simple","15":"entry","16":"content-bg","17":"loop-entry"},"_links":{"self":[{"href":"https:\/\/www.hediyepazar.com\/index.php?rest_route=\/wp\/v2\/product\/73948","targetHints":{"allow":["GET"]}}],"collection":[{"href":"https:\/\/www.hediyepazar.com\/index.php?rest_route=\/wp\/v2\/product"}],"about":[{"href":"https:\/\/www.hediyepazar.com\/index.php?rest_route=\/wp\/v2\/types\/product"}],"replies":[{"embeddable":true,"href":"https:\/\/www.hediyepazar.com\/index.php?rest_route=%2Fwp%2Fv2%2Fcomments&post=73948"}],"wp:featuredmedia":[{"embeddable":true,"href":"https:\/\/www.hediyepazar.com\/index.php?rest_route=\/wp\/v2\/media\/71690"}],"wp:attachment":[{"href":"https:\/\/www.hediyepazar.com\/index.php?rest_route=%2Fwp%2Fv2%2Fmedia&parent=73948"}],"wp:term":[{"taxonomy":"product_brand","embeddable":true,"href":"https:\/\/www.hediyepazar.com\/index.php?rest_route=%2Fwp%2Fv2%2Fproduct_brand&post=73948"},{"taxonomy":"product_cat","embeddable":true,"href":"https:\/\/www.hediyepazar.com\/index.php?rest_route=%2Fwp%2Fv2%2Fproduct_cat&post=73948"},{"taxonomy":"product_tag","embeddable":true,"href":"https:\/\/www.hediyepazar.com\/index.php?rest_route=%2Fwp%2Fv2%2Fproduct_tag&post=73948"}],"curies":[{"name":"wp","href":"https:\/\/api.w.org\/{rel}","templated":true}]}}