{"id":73983,"date":"2026-04-29T19:54:34","date_gmt":"2026-04-29T22:54:34","guid":{"rendered":"https:\/\/www.hediyepazar.com\/?product=kota-bayan-ip-askili-beyaz-atlet-6091"},"modified":"2026-04-29T19:54:34","modified_gmt":"2026-04-29T22:54:34","slug":"kota-bayan-ip-askili-beyaz-atlet-6091","status":"publish","type":"product","link":"https:\/\/www.hediyepazar.com\/?product=kota-bayan-ip-askili-beyaz-atlet-6091","title":{"rendered":"Kota Bayan \u0130p Ask\u0131l\u0131 Beyaz Atlet 6091"},"content":{"rendered":"<table style=\"border-collapse:collapse; width:118pt; border:none\" width=\"157\">\n<colgroup>\n<col style=\"width:118pt\" width=\"157\" \/>\n\t<\/colgroup>\n<tbody>\n<tr height=\"20\" style=\"height:15.0pt\">\n<td class=\"xl65\" height=\"20\" style=\"border:none; height:15.0pt; width:118pt; vertical-align:middle; padding-top:1px; padding-right:1px; padding-left:1px; white-space:nowrap\" width=\"157\"><span style=\"font-size:11pt\"><span style=\"color:black\"><span style=\"font-weight:400\"><span style=\"font-style:normal\"><span style=\"text-decoration:none\"><span style=\"font-family:Calibri,sans-serif\">Kota Bayan \u0130p Ask\u0131l\u0131 Beyaz Atlet 6091<\/p>\n<p>\t\t\tSat\u0131n ald\u0131\u011f\u0131n\u0131z bu &uuml;r&uuml;n %100 orijinal ve y&uuml;ksek teknoloji ile &uuml;retilmi\u015f bir &uuml;r&uuml;nd&uuml;r.<br \/>\n\t\t\tBu &uuml;r&uuml;n, teniniz ile bar\u0131\u015f\u0131k, sa\u011fl\u0131\u011f\u0131n\u0131za &ouml;zen g&ouml;steren,<br \/>\n\t\t\tcildinize nefes ald\u0131ran ve t&uuml;m g&uuml;n giyime uygun \u015fekilde tasarlanm\u0131\u015ft\u0131r.<br \/>\n\t\t\tSat\u0131n ald\u0131\u011f\u0131n\u0131z bu &uuml;r&uuml;n %100 orijinal ve y&uuml;ksek teknoloji ile &uuml;retilmi\u015f bir &uuml;r&uuml;nd&uuml;r.<br \/>\n\t\t\tBu &uuml;r&uuml;n, teniniz ile bar\u0131\u015f\u0131k, sa\u011fl\u0131\u011f\u0131n\u0131za &ouml;zen g&ouml;steren,<br \/>\n\t\t\tcildinize nefes ald\u0131ran ve t&uuml;m g&uuml;n giyime uygun \u015fekilde tasarlanm\u0131\u015ft\u0131r.<br \/>\n\t\t\t&Uuml;r&uuml;n %82 Pamuk %8 Elastan<br \/>\n\t\t\t30 derecede y\u0131kan\u0131r. D&uuml;\u015f&uuml;k ayarda &uuml;t&uuml;lenir.<\/span><\/span><\/span><\/span><\/span><\/span><\/td>\n<\/tr>\n<\/tbody>\n<\/table>\n","protected":false},"excerpt":{"rendered":"<p>Kota Bayan \u0130p Ask\u0131l\u0131 Beyaz Atlet 6091<\/p>\n","protected":false},"featured_media":71760,"comment_status":"open","ping_status":"closed","template":"","meta":{"_kad_post_transparent":"","_kad_post_title":"","_kad_post_layout":"","_kad_post_sidebar_id":"","_kad_post_content_style":"","_kad_post_vertical_padding":"","_kad_post_feature":"","_kad_post_feature_position":"","_kad_post_header":false,"_kad_post_footer":false,"_kad_post_classname":""},"product_brand":[],"product_cat":[550,538,537],"product_tag":[],"class_list":{"0":"post-73983","1":"product","2":"type-product","3":"status-publish","4":"has-post-thumbnail","6":"product_cat-atlet-body","7":"product_cat-ic-giyim","8":"product_cat-kadin","10":"first","11":"instock","12":"shipping-taxable","13":"purchasable","14":"product-type-simple","15":"entry","16":"content-bg","17":"loop-entry"},"_links":{"self":[{"href":"https:\/\/www.hediyepazar.com\/index.php?rest_route=\/wp\/v2\/product\/73983","targetHints":{"allow":["GET"]}}],"collection":[{"href":"https:\/\/www.hediyepazar.com\/index.php?rest_route=\/wp\/v2\/product"}],"about":[{"href":"https:\/\/www.hediyepazar.com\/index.php?rest_route=\/wp\/v2\/types\/product"}],"replies":[{"embeddable":true,"href":"https:\/\/www.hediyepazar.com\/index.php?rest_route=%2Fwp%2Fv2%2Fcomments&post=73983"}],"wp:featuredmedia":[{"embeddable":true,"href":"https:\/\/www.hediyepazar.com\/index.php?rest_route=\/wp\/v2\/media\/71760"}],"wp:attachment":[{"href":"https:\/\/www.hediyepazar.com\/index.php?rest_route=%2Fwp%2Fv2%2Fmedia&parent=73983"}],"wp:term":[{"taxonomy":"product_brand","embeddable":true,"href":"https:\/\/www.hediyepazar.com\/index.php?rest_route=%2Fwp%2Fv2%2Fproduct_brand&post=73983"},{"taxonomy":"product_cat","embeddable":true,"href":"https:\/\/www.hediyepazar.com\/index.php?rest_route=%2Fwp%2Fv2%2Fproduct_cat&post=73983"},{"taxonomy":"product_tag","embeddable":true,"href":"https:\/\/www.hediyepazar.com\/index.php?rest_route=%2Fwp%2Fv2%2Fproduct_tag&post=73983"}],"curies":[{"name":"wp","href":"https:\/\/api.w.org\/{rel}","templated":true}]}}