{"id":74063,"date":"2026-04-29T19:57:07","date_gmt":"2026-04-29T22:57:07","guid":{"rendered":"https:\/\/www.hediyepazar.com\/?product=elite-life-kadin-ince-askili-dikissiz-siyah-bustiyer-851"},"modified":"2026-04-29T19:57:07","modified_gmt":"2026-04-29T22:57:07","slug":"elite-life-kadin-ince-askili-dikissiz-siyah-bustiyer-851","status":"publish","type":"product","link":"https:\/\/www.hediyepazar.com\/?product=elite-life-kadin-ince-askili-dikissiz-siyah-bustiyer-851","title":{"rendered":"Elite Life Kad\u0131n \u0130nce Ask\u0131l\u0131 Diki\u015fsiz Siyah B\u00fcstiyer 851"},"content":{"rendered":"<table style=\"border-collapse:collapse; width:118pt; border:none\" width=\"157\">\n<colgroup>\n<col style=\"width:118pt\" width=\"157\" \/>\n\t<\/colgroup>\n<tbody>\n<tr height=\"20\" style=\"height:15.0pt\">\n<td class=\"xl65\" height=\"20\" style=\"border:none; height:15.0pt; width:118pt; vertical-align:middle; padding-top:1px; padding-right:1px; padding-left:1px; white-space:nowrap\" width=\"157\"><span style=\"font-size:11pt\"><span style=\"color:black\"><span style=\"font-weight:400\"><span style=\"font-style:normal\"><span style=\"text-decoration:none\"><span style=\"font-family:Calibri,sans-serif\">Elite Life 851 Diki\u015fsiz \u0130nce Ask\u0131l\u0131 Siyah B&uuml;stiyer<br \/>\n\t\t\t\u0130z Yapmaz Lazer Kesimdir.<br \/>\n\t\t\t3 boyutlu esneklik sa\u011flar.<br \/>\n\t\t\tYumu\u015fak ve esnek dokusu ile hareket rahatl\u0131\u011f\u0131 sa\u011flar.<br \/>\n\t\t\tNefes alabilen kuma\u015f yap\u0131s\u0131 &ouml;zelli\u011fi ile sa\u011fl\u0131\u011f\u0131n\u0131z\u0131 korur.<br \/>\n\t\t\tDiki\u015fsiz &uuml;retildi\u011fi i&ccedil;in iz yapmaz.<br \/>\n\t\t\tBak\u0131m\u0131 kolayd\u0131r; &ccedil;abuk kurur ve &uuml;t&uuml; gerektirmez<br \/>\n\t\t\t%90 Microfiber PA %10 Elastan<\/span><\/span><\/span><\/span><\/span><\/span><\/td>\n<\/tr>\n<\/tbody>\n<\/table>\n","protected":false},"excerpt":{"rendered":"<p>Elite Life Kad\u0131n \u0130nce Ask\u0131l\u0131 Diki\u015fsiz Siyah B\u00fcstiyer 851<\/p>\n","protected":false},"featured_media":71919,"comment_status":"open","ping_status":"closed","template":"","meta":{"_kad_post_transparent":"","_kad_post_title":"","_kad_post_layout":"","_kad_post_sidebar_id":"","_kad_post_content_style":"","_kad_post_vertical_padding":"","_kad_post_feature":"","_kad_post_feature_position":"","_kad_post_header":false,"_kad_post_footer":false,"_kad_post_classname":""},"product_brand":[],"product_cat":[543,457,537],"product_tag":[],"class_list":{"0":"post-74063","1":"product","2":"type-product","3":"status-publish","4":"has-post-thumbnail","6":"product_cat-bluz-tunik-bustiyer","7":"product_cat-giyim","8":"product_cat-kadin","10":"first","11":"instock","12":"shipping-taxable","13":"purchasable","14":"product-type-simple","15":"entry","16":"content-bg","17":"loop-entry"},"_links":{"self":[{"href":"https:\/\/www.hediyepazar.com\/index.php?rest_route=\/wp\/v2\/product\/74063","targetHints":{"allow":["GET"]}}],"collection":[{"href":"https:\/\/www.hediyepazar.com\/index.php?rest_route=\/wp\/v2\/product"}],"about":[{"href":"https:\/\/www.hediyepazar.com\/index.php?rest_route=\/wp\/v2\/types\/product"}],"replies":[{"embeddable":true,"href":"https:\/\/www.hediyepazar.com\/index.php?rest_route=%2Fwp%2Fv2%2Fcomments&post=74063"}],"wp:featuredmedia":[{"embeddable":true,"href":"https:\/\/www.hediyepazar.com\/index.php?rest_route=\/wp\/v2\/media\/71919"}],"wp:attachment":[{"href":"https:\/\/www.hediyepazar.com\/index.php?rest_route=%2Fwp%2Fv2%2Fmedia&parent=74063"}],"wp:term":[{"taxonomy":"product_brand","embeddable":true,"href":"https:\/\/www.hediyepazar.com\/index.php?rest_route=%2Fwp%2Fv2%2Fproduct_brand&post=74063"},{"taxonomy":"product_cat","embeddable":true,"href":"https:\/\/www.hediyepazar.com\/index.php?rest_route=%2Fwp%2Fv2%2Fproduct_cat&post=74063"},{"taxonomy":"product_tag","embeddable":true,"href":"https:\/\/www.hediyepazar.com\/index.php?rest_route=%2Fwp%2Fv2%2Fproduct_tag&post=74063"}],"curies":[{"name":"wp","href":"https:\/\/api.w.org\/{rel}","templated":true}]}}