{"id":74068,"date":"2026-04-29T19:57:17","date_gmt":"2026-04-29T22:57:17","guid":{"rendered":"https:\/\/www.hediyepazar.com\/?product=3-adet-tutku-kadin-ip-askili-gri-citcitli-body-0148"},"modified":"2026-04-29T19:57:17","modified_gmt":"2026-04-29T22:57:17","slug":"3-adet-tutku-kadin-ip-askili-gri-citcitli-body-0148","status":"publish","type":"product","link":"https:\/\/www.hediyepazar.com\/?product=3-adet-tutku-kadin-ip-askili-gri-citcitli-body-0148","title":{"rendered":"3 adet Tutku Kad\u0131n \u0130p Ask\u0131l\u0131 Gri \u00c7\u0131t\u00e7\u0131tl\u0131 Body 0148"},"content":{"rendered":"<table style=\"border-collapse:collapse; width:118pt; border:none\" width=\"157\">\n<colgroup>\n<col style=\"width:118pt\" width=\"157\" \/>\n\t<\/colgroup>\n<tbody>\n<tr height=\"20\" style=\"height:15.0pt\">\n<td class=\"xl65\" height=\"20\" style=\"border:none; height:15.0pt; width:118pt; vertical-align:middle; padding-top:1px; padding-right:1px; padding-left:1px; white-space:nowrap\" width=\"157\"><span style=\"font-size:11pt\"><span style=\"color:black\"><span style=\"font-weight:400\"><span style=\"font-style:normal\"><span style=\"text-decoration:none\"><span style=\"font-family:Calibri,sans-serif\">3 adet Kad\u0131n \u0130p Ask\u0131l\u0131 Gri &Ccedil;\u0131t&ccedil;\u0131tl\u0131 Body 0148<br \/>\n\t\t\tTutku Bayan \u0130p Ask\u0131l\u0131 Badi %100 pamuk ipli\u011finden &uuml;retilmi\u015ftir.<br \/>\n\t\t\tPenye kuma\u015f, Ribana kuma\u015fa g&ouml;re daha ince bir dokuya sahiptir.<br \/>\n\t\t\tT&uuml;m &ccedil;e\u015fitler teniniz ile bar\u0131\u015f\u0131k, cilde nefes ald\u0131ran, t&uuml;m g&uuml;n giyime uygun \u015fekilde tasarlanm\u0131\u015ft\u0131r.<br \/>\n\t\t\tY\u0131kama talimatlar\u0131na uygun \u015fekilde y\u0131karsan\u0131z uzun s&uuml;re kuma\u015f kalitesinden &ouml;d&uuml;n vermeden kullanabilece\u011finiz &uuml;r&uuml;nlerdendir.<br \/>\n\t\t\t%96 pamuk %4 likra<br \/>\n\t\t\tmodelin &ouml;l&ccedil;&uuml;leri: Boy: 1.78, g&ouml;\u011f&uuml;s: 89, bel: 64, kal&ccedil;a: 92<br \/>\n\t\t\tnumune bedeni: S<\/span><\/span><\/span><\/span><\/span><\/span><\/td>\n<\/tr>\n<\/tbody>\n<\/table>\n","protected":false},"excerpt":{"rendered":"<p>3 adet Tutku Kad\u0131n \u0130p Ask\u0131l\u0131 Gri \u00c7\u0131t\u00e7\u0131tl\u0131 Body 0148<\/p>\n","protected":false},"featured_media":71929,"comment_status":"open","ping_status":"closed","template":"","meta":{"_kad_post_transparent":"","_kad_post_title":"","_kad_post_layout":"","_kad_post_sidebar_id":"","_kad_post_content_style":"","_kad_post_vertical_padding":"","_kad_post_feature":"","_kad_post_feature_position":"","_kad_post_header":false,"_kad_post_footer":false,"_kad_post_classname":""},"product_brand":[],"product_cat":[550,538,537],"product_tag":[],"class_list":{"0":"post-74068","1":"product","2":"type-product","3":"status-publish","4":"has-post-thumbnail","6":"product_cat-atlet-body","7":"product_cat-ic-giyim","8":"product_cat-kadin","10":"first","11":"instock","12":"shipping-taxable","13":"purchasable","14":"product-type-simple","15":"entry","16":"content-bg","17":"loop-entry"},"_links":{"self":[{"href":"https:\/\/www.hediyepazar.com\/index.php?rest_route=\/wp\/v2\/product\/74068","targetHints":{"allow":["GET"]}}],"collection":[{"href":"https:\/\/www.hediyepazar.com\/index.php?rest_route=\/wp\/v2\/product"}],"about":[{"href":"https:\/\/www.hediyepazar.com\/index.php?rest_route=\/wp\/v2\/types\/product"}],"replies":[{"embeddable":true,"href":"https:\/\/www.hediyepazar.com\/index.php?rest_route=%2Fwp%2Fv2%2Fcomments&post=74068"}],"wp:featuredmedia":[{"embeddable":true,"href":"https:\/\/www.hediyepazar.com\/index.php?rest_route=\/wp\/v2\/media\/71929"}],"wp:attachment":[{"href":"https:\/\/www.hediyepazar.com\/index.php?rest_route=%2Fwp%2Fv2%2Fmedia&parent=74068"}],"wp:term":[{"taxonomy":"product_brand","embeddable":true,"href":"https:\/\/www.hediyepazar.com\/index.php?rest_route=%2Fwp%2Fv2%2Fproduct_brand&post=74068"},{"taxonomy":"product_cat","embeddable":true,"href":"https:\/\/www.hediyepazar.com\/index.php?rest_route=%2Fwp%2Fv2%2Fproduct_cat&post=74068"},{"taxonomy":"product_tag","embeddable":true,"href":"https:\/\/www.hediyepazar.com\/index.php?rest_route=%2Fwp%2Fv2%2Fproduct_tag&post=74068"}],"curies":[{"name":"wp","href":"https:\/\/api.w.org\/{rel}","templated":true}]}}