{"id":74166,"date":"2026-04-29T20:01:29","date_gmt":"2026-04-29T23:01:29","guid":{"rendered":"https:\/\/www.hediyepazar.com\/?product=ahsap-yaldizli-disbudak-sik-cerezlik-6-li-takim-10x6-cm"},"modified":"2026-04-29T20:01:29","modified_gmt":"2026-04-29T23:01:29","slug":"ahsap-yaldizli-disbudak-sik-cerezlik-6-li-takim-10x6-cm","status":"publish","type":"product","link":"https:\/\/www.hediyepazar.com\/?product=ahsap-yaldizli-disbudak-sik-cerezlik-6-li-takim-10x6-cm","title":{"rendered":"Ah\u015fap Yald\u0131zl\u0131 Di\u015fbudak \u015e\u0131k \u00c7erezlik 6 l\u0131 Tak\u0131m 10&#215;6 cm"},"content":{"rendered":"<table style=\"border-collapse:collapse; width:48pt; border:none\" width=\"64\">\n<colgroup>\n<col style=\"width:48pt\" width=\"64\" \/>\n\t<\/colgroup>\n<tbody>\n<tr height=\"20\" style=\"height:15.0pt\">\n<td height=\"20\" style=\"border:none; height:15.0pt; width:48pt; padding-top:1px; padding-right:1px; padding-left:1px; vertical-align:bottom; white-space:nowrap\" width=\"64\"><span style=\"font-size:11pt\"><span style=\"color:black\"><span style=\"font-weight:400\"><span style=\"font-style:normal\"><span style=\"text-decoration:none\"><span style=\"font-family:Calibri,sans-serif\">Ah\u015fap Yald\u0131zl\u0131 Di\u015fbudak \u015e\u0131k &Ccedil;erezlik 6 l\u0131 Tak\u0131m 10&#215;6 cm<br \/>\n\t\t\tMalzeme : Di\u015fbudak<br \/>\n\t\t\t&Ouml;l&ccedil;&uuml;ler : 10&#215;6 cm<br \/>\n\t\t\t6 adet &ccedil;erezlik g&ouml;nderilecektir<\/span><\/span><\/span><\/span><\/span><\/span><\/td>\n<\/tr>\n<\/tbody>\n<\/table>\n","protected":false},"excerpt":{"rendered":"<p>Ah\u015fap Yald\u0131zl\u0131 Di\u015fbudak \u015e\u0131k \u00c7erezlik 6 l\u0131 Tak\u0131m 10&#215;6 cm<\/p>\n","protected":false},"featured_media":72125,"comment_status":"open","ping_status":"closed","template":"","meta":{"_kad_post_transparent":"","_kad_post_title":"","_kad_post_layout":"","_kad_post_sidebar_id":"","_kad_post_content_style":"","_kad_post_vertical_padding":"","_kad_post_feature":"","_kad_post_feature_position":"","_kad_post_header":false,"_kad_post_footer":false,"_kad_post_classname":""},"product_brand":[],"product_cat":[557,559,558],"product_tag":[],"class_list":{"0":"post-74166","1":"product","2":"type-product","3":"status-publish","4":"has-post-thumbnail","6":"product_cat-ev-yasam","7":"product_cat-sofra","8":"product_cat-sofra-mutfak-2","10":"first","11":"instock","12":"shipping-taxable","13":"purchasable","14":"product-type-simple","15":"entry","16":"content-bg","17":"loop-entry"},"_links":{"self":[{"href":"https:\/\/www.hediyepazar.com\/index.php?rest_route=\/wp\/v2\/product\/74166","targetHints":{"allow":["GET"]}}],"collection":[{"href":"https:\/\/www.hediyepazar.com\/index.php?rest_route=\/wp\/v2\/product"}],"about":[{"href":"https:\/\/www.hediyepazar.com\/index.php?rest_route=\/wp\/v2\/types\/product"}],"replies":[{"embeddable":true,"href":"https:\/\/www.hediyepazar.com\/index.php?rest_route=%2Fwp%2Fv2%2Fcomments&post=74166"}],"wp:featuredmedia":[{"embeddable":true,"href":"https:\/\/www.hediyepazar.com\/index.php?rest_route=\/wp\/v2\/media\/72125"}],"wp:attachment":[{"href":"https:\/\/www.hediyepazar.com\/index.php?rest_route=%2Fwp%2Fv2%2Fmedia&parent=74166"}],"wp:term":[{"taxonomy":"product_brand","embeddable":true,"href":"https:\/\/www.hediyepazar.com\/index.php?rest_route=%2Fwp%2Fv2%2Fproduct_brand&post=74166"},{"taxonomy":"product_cat","embeddable":true,"href":"https:\/\/www.hediyepazar.com\/index.php?rest_route=%2Fwp%2Fv2%2Fproduct_cat&post=74166"},{"taxonomy":"product_tag","embeddable":true,"href":"https:\/\/www.hediyepazar.com\/index.php?rest_route=%2Fwp%2Fv2%2Fproduct_tag&post=74166"}],"curies":[{"name":"wp","href":"https:\/\/api.w.org\/{rel}","templated":true}]}}