{"id":74198,"date":"2026-04-29T20:02:25","date_gmt":"2026-04-29T23:02:25","guid":{"rendered":"https:\/\/www.hediyepazar.com\/?product=kadin-dikissiz-lazer-kesim-esnek-iz-yapmayan-kulot-ten"},"modified":"2026-04-29T20:02:25","modified_gmt":"2026-04-29T23:02:25","slug":"kadin-dikissiz-lazer-kesim-esnek-iz-yapmayan-kulot-ten","status":"publish","type":"product","link":"https:\/\/www.hediyepazar.com\/?product=kadin-dikissiz-lazer-kesim-esnek-iz-yapmayan-kulot-ten","title":{"rendered":"Kad\u0131n Diki\u015fsiz Lazer Kesim Esnek \u0130z yapmayan K\u00fclot Ten"},"content":{"rendered":"<table style=\"border-collapse:collapse; width:86pt; border:none\" width=\"115\">\n<colgroup>\n<col style=\"width:86pt\" width=\"115\" \/>\n\t<\/colgroup>\n<tbody>\n<tr height=\"20\" style=\"height:15.0pt\">\n<td class=\"xl66\" height=\"20\" style=\"border:none; height:15.0pt; width:86pt; vertical-align:middle; white-space:nowrap; padding-top:1px; padding-right:1px; padding-left:1px\" width=\"115\"><span style=\"font-size:11pt\"><span style=\"color:black\"><span style=\"font-weight:400\"><span style=\"font-style:normal\"><span style=\"text-decoration:none\"><span style=\"font-family:Calibri,sans-serif\">Kad\u0131n Diki\u015fsiz Lazer Kesim Esnek \u0130z yapmayan K&uuml;lot Ten<br \/>\n\t\t\t1mm ince ve lazer kesim diki\u015fsiz yap\u0131s\u0131 sayesinde<br \/>\n\t\t\tPantolon , g&uuml;nl&uuml;k k\u0131yafet ,gece k\u0131yafetlerinizde iz yapmaz<br \/>\n\t\t\tOfis , gece daveti, seyahat, yolculuk ve dar k\u0131yafetlerde g&ouml;n&uuml;l rahatl\u0131\u011f\u0131yla kullanabilirsiniz.<br \/>\n\t\t\tHafif ve esnek yap\u0131s\u0131 sayesinde bedeninizi tam kavray\u0131p, i&ccedil; &ccedil;ama\u015f\u0131r\u0131 yokmu\u015f hissi vererek i&ccedil; &ccedil;ama\u015f\u0131r\u0131<br \/>\n\t\t\tizi yapmaz ve&nbsp; g&uuml;n boyu rahat hareket etmenize olanak sunacakt\u0131r.<br \/>\n\t\t\tElastik yap\u0131s\u0131 sayesinde k\u0131vr\u0131lma yapmaz.<br \/>\n\t\t\tNefes alan dokusu ile cildinizi s&uuml;rekli kuru tutar.<br \/>\n\t\t\tSipari\u015fleriniz hijyenik olarak tek tek paketlenerek &ouml;zel po\u015fet i&ccedil;erisinde size ula\u015ft\u0131r\u0131lacakt\u0131r. Sa\u011fl\u0131kl\u0131 g&uuml;nlerde kullan\u0131n<\/p>\n<p>\t\t\tKuma\u015f Cinsi : % 80 Polyamid % 20 likra<\/p>\n<p>\t\t\tPaket i&ccedil;eri\u011fi<br \/>\n\t\t\t1 Adet Diki\u015fsiz Lazer Kesim K&uuml;lot<\/p>\n<p>\t\t\tRenk : Ten<\/span><\/span><\/span><\/span><\/span><\/span><\/td>\n<\/tr>\n<\/tbody>\n<\/table>\n","protected":false},"excerpt":{"rendered":"<p>Kad\u0131n Diki\u015fsiz Lazer Kesim Esnek \u0130z yapmayan K\u00fclot Ten<\/p>\n","protected":false},"featured_media":72189,"comment_status":"open","ping_status":"closed","template":"","meta":{"_kad_post_transparent":"","_kad_post_title":"","_kad_post_layout":"","_kad_post_sidebar_id":"","_kad_post_content_style":"","_kad_post_vertical_padding":"","_kad_post_feature":"","_kad_post_feature_position":"","_kad_post_header":false,"_kad_post_footer":false,"_kad_post_classname":""},"product_brand":[],"product_cat":[538,537,539],"product_tag":[],"class_list":{"0":"post-74198","1":"product","2":"type-product","3":"status-publish","4":"has-post-thumbnail","6":"product_cat-ic-giyim","7":"product_cat-kadin","8":"product_cat-kulot","10":"first","11":"instock","12":"shipping-taxable","13":"purchasable","14":"product-type-simple","15":"entry","16":"content-bg","17":"loop-entry"},"_links":{"self":[{"href":"https:\/\/www.hediyepazar.com\/index.php?rest_route=\/wp\/v2\/product\/74198","targetHints":{"allow":["GET"]}}],"collection":[{"href":"https:\/\/www.hediyepazar.com\/index.php?rest_route=\/wp\/v2\/product"}],"about":[{"href":"https:\/\/www.hediyepazar.com\/index.php?rest_route=\/wp\/v2\/types\/product"}],"replies":[{"embeddable":true,"href":"https:\/\/www.hediyepazar.com\/index.php?rest_route=%2Fwp%2Fv2%2Fcomments&post=74198"}],"wp:featuredmedia":[{"embeddable":true,"href":"https:\/\/www.hediyepazar.com\/index.php?rest_route=\/wp\/v2\/media\/72189"}],"wp:attachment":[{"href":"https:\/\/www.hediyepazar.com\/index.php?rest_route=%2Fwp%2Fv2%2Fmedia&parent=74198"}],"wp:term":[{"taxonomy":"product_brand","embeddable":true,"href":"https:\/\/www.hediyepazar.com\/index.php?rest_route=%2Fwp%2Fv2%2Fproduct_brand&post=74198"},{"taxonomy":"product_cat","embeddable":true,"href":"https:\/\/www.hediyepazar.com\/index.php?rest_route=%2Fwp%2Fv2%2Fproduct_cat&post=74198"},{"taxonomy":"product_tag","embeddable":true,"href":"https:\/\/www.hediyepazar.com\/index.php?rest_route=%2Fwp%2Fv2%2Fproduct_tag&post=74198"}],"curies":[{"name":"wp","href":"https:\/\/api.w.org\/{rel}","templated":true}]}}