{"id":74242,"date":"2026-04-29T20:03:45","date_gmt":"2026-04-29T23:03:45","guid":{"rendered":"https:\/\/www.hediyepazar.com\/?product=tutku-kadin-yuksek-bel-bato-kalin-lastik-kulot-ten"},"modified":"2026-04-29T20:03:45","modified_gmt":"2026-04-29T23:03:45","slug":"tutku-kadin-yuksek-bel-bato-kalin-lastik-kulot-ten","status":"publish","type":"product","link":"https:\/\/www.hediyepazar.com\/?product=tutku-kadin-yuksek-bel-bato-kalin-lastik-kulot-ten","title":{"rendered":"Tutku Kad\u0131n Y\u00fcksek Bel Bato Kal\u0131n Lastik K\u00fclot Ten"},"content":{"rendered":"<table style=\"border-collapse:collapse; width:136pt; border:none\" width=\"181\">\n<colgroup>\n<col style=\"width:136pt\" width=\"181\" \/>\n\t<\/colgroup>\n<tbody>\n<tr height=\"20\" style=\"height:15.0pt\">\n<td class=\"xl65\" height=\"20\" style=\"border:none; height:15.0pt; width:136pt; white-space:nowrap; padding-top:1px; padding-right:1px; padding-left:1px; vertical-align:bottom\" width=\"181\"><span style=\"font-size:11pt\"><span style=\"color:black\"><span style=\"font-weight:400\"><span style=\"font-style:normal\"><span style=\"text-decoration:none\"><span style=\"font-family:Calibri,sans-serif\">Tutku Kad\u0131n Y&uuml;ksek Bel Bato Kal\u0131n Lastik K&uuml;lot Ten<br \/>\n\t\t\t%96 Pamuk % 4 likradan &uuml;retilmi\u015ftir.<br \/>\n\t\t\tPamuklu yap\u0131s\u0131 sayesinde cildiniz nefes al\u0131r ve hareket kabiliyetiniz artar.<br \/>\n\t\t\tY&uuml;ksel bel b&uuml;y&uuml;k beden ve Kal\u0131n Lastikli bato k&uuml;lottur.<br \/>\n\t\t\tTutku marka orijinal &uuml;r&uuml;n g&ouml;nderilmektedir.<br \/>\n\t\t\tSa\u011fl\u0131\u011f\u0131n\u0131z ve rahat\u0131n\u0131z a&ccedil;\u0131s\u0131ndan pamuklu &uuml;r&uuml;nleri tercih ediniz.<br \/>\n\t\t\tY\u0131kama talimatlar\u0131na uyuldu\u011funda uzun &ouml;m&uuml;rl&uuml; olarak kullanabilirsiniz.<br \/>\n\t\t\t&Uuml;r&uuml;nlerimiz tek tek paketlenmi\u015f halde hijyenik olarak g&ouml;nderilmektedir.<br \/>\n\t\t\tSa\u011fl\u0131kl\u0131 g&uuml;nlerde kullan\u0131n.<\/p>\n<p>\t\t\tBeden s\u0131ralamas\u0131<br \/>\n\t\t\tS BEDEN 1 NUMARA<br \/>\n\t\t\tM BEDEN 2 NUMARA<br \/>\n\t\t\tL BEDEN 3 NUMARA<br \/>\n\t\t\tXL BEDEN 4 NUMARA<br \/>\n\t\t\t2XL BEDEN 5 NUMARA<br \/>\n\t\t\t3XL BEDEN 6 NUMARA<\/p>\n<p>\t\t\tPAKET \u0130&Ccedil;ER\u0130\u011e\u0130<br \/>\n\t\t\t1 Adet Bato K&uuml;lot G&ouml;nderilecektir<\/p>\n<p>\t\t\tRENKLER : Ten<\/span><\/span><\/span><\/span><\/span><\/span><\/td>\n<\/tr>\n<\/tbody>\n<\/table>\n","protected":false},"excerpt":{"rendered":"<p>Tutku Kad\u0131n Y\u00fcksek Bel Bato Kal\u0131n Lastik K\u00fclot Ten<\/p>\n","protected":false},"featured_media":72277,"comment_status":"open","ping_status":"closed","template":"","meta":{"_kad_post_transparent":"","_kad_post_title":"","_kad_post_layout":"","_kad_post_sidebar_id":"","_kad_post_content_style":"","_kad_post_vertical_padding":"","_kad_post_feature":"","_kad_post_feature_position":"","_kad_post_header":false,"_kad_post_footer":false,"_kad_post_classname":""},"product_brand":[],"product_cat":[538,537,539],"product_tag":[],"class_list":{"0":"post-74242","1":"product","2":"type-product","3":"status-publish","4":"has-post-thumbnail","6":"product_cat-ic-giyim","7":"product_cat-kadin","8":"product_cat-kulot","10":"first","11":"instock","12":"shipping-taxable","13":"purchasable","14":"product-type-simple","15":"entry","16":"content-bg","17":"loop-entry"},"_links":{"self":[{"href":"https:\/\/www.hediyepazar.com\/index.php?rest_route=\/wp\/v2\/product\/74242","targetHints":{"allow":["GET"]}}],"collection":[{"href":"https:\/\/www.hediyepazar.com\/index.php?rest_route=\/wp\/v2\/product"}],"about":[{"href":"https:\/\/www.hediyepazar.com\/index.php?rest_route=\/wp\/v2\/types\/product"}],"replies":[{"embeddable":true,"href":"https:\/\/www.hediyepazar.com\/index.php?rest_route=%2Fwp%2Fv2%2Fcomments&post=74242"}],"wp:featuredmedia":[{"embeddable":true,"href":"https:\/\/www.hediyepazar.com\/index.php?rest_route=\/wp\/v2\/media\/72277"}],"wp:attachment":[{"href":"https:\/\/www.hediyepazar.com\/index.php?rest_route=%2Fwp%2Fv2%2Fmedia&parent=74242"}],"wp:term":[{"taxonomy":"product_brand","embeddable":true,"href":"https:\/\/www.hediyepazar.com\/index.php?rest_route=%2Fwp%2Fv2%2Fproduct_brand&post=74242"},{"taxonomy":"product_cat","embeddable":true,"href":"https:\/\/www.hediyepazar.com\/index.php?rest_route=%2Fwp%2Fv2%2Fproduct_cat&post=74242"},{"taxonomy":"product_tag","embeddable":true,"href":"https:\/\/www.hediyepazar.com\/index.php?rest_route=%2Fwp%2Fv2%2Fproduct_tag&post=74242"}],"curies":[{"name":"wp","href":"https:\/\/api.w.org\/{rel}","templated":true}]}}