{"id":74291,"date":"2026-04-29T20:04:59","date_gmt":"2026-04-29T23:04:59","guid":{"rendered":"https:\/\/www.hediyepazar.com\/?product=ayak-bakim-seti-topuk-rendeli-5-parca"},"modified":"2026-04-29T20:04:59","modified_gmt":"2026-04-29T23:04:59","slug":"ayak-bakim-seti-topuk-rendeli-5-parca","status":"publish","type":"product","link":"https:\/\/www.hediyepazar.com\/?product=ayak-bakim-seti-topuk-rendeli-5-parca","title":{"rendered":"Ayak Bak\u0131m Seti Topuk Rendeli 5 par\u00e7a"},"content":{"rendered":"<p><span style=\"font-size:11pt\"><span style=\"line-height:normal\"><span style=\"font-family:Calibri,sans-serif\"><span style=\"color:black\">Ki\u015fisel ayak bak\u0131m\u0131nda vazge&ccedil;ilmez olan <\/span><\/span><\/span><\/span><br \/>\n<span style=\"font-size:11pt\"><span style=\"line-height:normal\"><span style=\"font-family:Calibri,sans-serif\"><span style=\"color:black\">ayak t&ouml;rp&uuml;s&uuml; ve rendesi ayn\u0131 set i&ccedil;erisinde. <\/span><\/span><\/span><\/span><br \/>\n<span style=\"font-size:11pt\"><span style=\"line-height:normal\"><span style=\"font-family:Calibri,sans-serif\"><span style=\"color:black\">Ayak formunda olan t\u0131rnak t&ouml;rp&uuml;s&uuml;, t\u0131rnak makas\u0131, <\/span><\/span><\/span><\/span><br \/>\n<span style=\"font-size:11pt\"><span style=\"line-height:normal\"><span style=\"font-family:Calibri,sans-serif\"><span style=\"color:black\">parmak ay\u0131r\u0131c\u0131 ve t\u0131rnak alt\u0131 temizleme &ccedil;ubuklar\u0131 ile <\/span><\/span><\/span><\/span><br \/>\n<span style=\"font-size:11pt\"><span style=\"line-height:normal\"><span style=\"font-family:Calibri,sans-serif\"><span style=\"color:black\">ayak bak\u0131m\u0131na &ouml;nem veren herkeste olmas\u0131 gereken bir settir. <\/span><\/span><\/span><\/span><br \/>\n<span style=\"font-size:11pt\"><span style=\"line-height:normal\"><span style=\"font-family:Calibri,sans-serif\"><span style=\"color:black\">Parmak ay\u0131r\u0131c\u0131 sayesinde oje s&uuml;rmek art\u0131k &ccedil;ok kolay.<\/span><\/span><\/span><\/span><\/p>\n","protected":false},"excerpt":{"rendered":"<p>Ayak Bak\u0131m Seti Topuk Rendeli 5 par\u00e7a<\/p>\n","protected":false},"featured_media":72375,"comment_status":"open","ping_status":"closed","template":"","meta":{"_kad_post_transparent":"","_kad_post_title":"","_kad_post_layout":"","_kad_post_sidebar_id":"","_kad_post_content_style":"","_kad_post_vertical_padding":"","_kad_post_feature":"","_kad_post_feature_position":"","_kad_post_header":false,"_kad_post_footer":false,"_kad_post_classname":""},"product_brand":[],"product_cat":[566,537,564],"product_tag":[],"class_list":{"0":"post-74291","1":"product","2":"type-product","3":"status-publish","4":"has-post-thumbnail","6":"product_cat-cilt-bakimi","7":"product_cat-kadin","8":"product_cat-kadin-kozmetik","10":"first","11":"instock","12":"shipping-taxable","13":"purchasable","14":"product-type-simple","15":"entry","16":"content-bg","17":"loop-entry"},"_links":{"self":[{"href":"https:\/\/www.hediyepazar.com\/index.php?rest_route=\/wp\/v2\/product\/74291","targetHints":{"allow":["GET"]}}],"collection":[{"href":"https:\/\/www.hediyepazar.com\/index.php?rest_route=\/wp\/v2\/product"}],"about":[{"href":"https:\/\/www.hediyepazar.com\/index.php?rest_route=\/wp\/v2\/types\/product"}],"replies":[{"embeddable":true,"href":"https:\/\/www.hediyepazar.com\/index.php?rest_route=%2Fwp%2Fv2%2Fcomments&post=74291"}],"wp:featuredmedia":[{"embeddable":true,"href":"https:\/\/www.hediyepazar.com\/index.php?rest_route=\/wp\/v2\/media\/72375"}],"wp:attachment":[{"href":"https:\/\/www.hediyepazar.com\/index.php?rest_route=%2Fwp%2Fv2%2Fmedia&parent=74291"}],"wp:term":[{"taxonomy":"product_brand","embeddable":true,"href":"https:\/\/www.hediyepazar.com\/index.php?rest_route=%2Fwp%2Fv2%2Fproduct_brand&post=74291"},{"taxonomy":"product_cat","embeddable":true,"href":"https:\/\/www.hediyepazar.com\/index.php?rest_route=%2Fwp%2Fv2%2Fproduct_cat&post=74291"},{"taxonomy":"product_tag","embeddable":true,"href":"https:\/\/www.hediyepazar.com\/index.php?rest_route=%2Fwp%2Fv2%2Fproduct_tag&post=74291"}],"curies":[{"name":"wp","href":"https:\/\/api.w.org\/{rel}","templated":true}]}}