{"id":74380,"date":"2026-04-29T20:07:25","date_gmt":"2026-04-29T23:07:25","guid":{"rendered":"https:\/\/www.hediyepazar.com\/?product=duz-cekme-boncuklu-polyester-yazma-100x100-cm-turquaz"},"modified":"2026-04-29T20:07:25","modified_gmt":"2026-04-29T23:07:25","slug":"duz-cekme-boncuklu-polyester-yazma-100x100-cm-turquaz","status":"publish","type":"product","link":"https:\/\/www.hediyepazar.com\/?product=duz-cekme-boncuklu-polyester-yazma-100x100-cm-turquaz","title":{"rendered":"D\u00fcz \u00c7ekme Boncuklu Polyester Yazma 100&#215;100 cm Turquaz"},"content":{"rendered":"<table style=\"border-collapse:collapse; width:96pt; border:none\" width=\"128\">\n<colgroup>\n<col style=\"width:96pt\" width=\"128\" \/>\n\t<\/colgroup>\n<tbody>\n<tr height=\"20\" style=\"height:15.0pt\">\n<td class=\"xl65\" height=\"20\" style=\"border:none; height:15.0pt; width:96pt; white-space:nowrap; padding-top:1px; padding-right:1px; padding-left:1px; vertical-align:bottom\" width=\"128\"><span style=\"font-size:11pt\"><span style=\"color:black\"><span style=\"font-weight:400\"><span style=\"font-style:normal\"><span style=\"text-decoration:none\"><span style=\"font-family:Calibri,sans-serif\">D&uuml;z &Ccedil;ekme Boncuklu Polyester Yazma 100&#215;100 cm Turquaz<br \/>\n\t\t\tPolyester kuma\u015ftan &uuml;retilmi\u015ftir.<br \/>\n\t\t\tTesett&uuml;r ba\u015f&ouml;rt&uuml;s&uuml; olarak kullan\u0131ld\u0131\u011f\u0131 gibi ev i&ccedil;i \u015f\u0131k pratik g&uuml;ndelik Yazma yazma olarakta kullan\u0131labilir.<br \/>\n\t\t\tZengin renk se&ccedil;ene\u011fine sahiptir.<br \/>\n\t\t\tY\u0131kama talimatlar\u0131na uyuldu\u011funda deforme olmadan uzun y\u0131llar kullanabileceksiniz.<br \/>\n\t\t\t30 derecede a\u011fart\u0131c\u0131 kullanmadan y\u0131kay\u0131n\u0131z.<br \/>\n\t\t\t&Ccedil;abuk kuruma &ouml;zelli\u011fine sahiptir.<br \/>\n\t\t\tFoto\u011fraf &ccedil;ekimlerinden kaynaklanan k&uuml;&ccedil;&uuml;k renk farkl\u0131l\u0131klar\u0131 olabilir.<br \/>\n\t\t\tBoncuk k\u0131s\u0131mlar\u0131 d&acirc;hil 100 x100 cm ebad\u0131ndad\u0131r.<br \/>\n\t\t\tSa\u011fl\u0131kl\u0131 g&uuml;nlerde kullan\u0131n.<br \/>\n\t\t\tPaket i&ccedil;eri\u011fi;<br \/>\n\t\t\t1 Adet D&uuml;z &Ccedil;ekme Boncuklu Polyester Yazma 100&#215;100 cm<br \/>\n\t\t\tRenk :<br \/>\n\t\t\tTurquaz<\/span><\/span><\/span><\/span><\/span><\/span><\/td>\n<\/tr>\n<tr>\n<td class=\"xl63\" height=\"20\" style=\"border:none; height:15.0pt; width:96pt; white-space:nowrap; padding-top:1px; padding-right:1px; padding-left:1px; vertical-align:bottom\" width=\"128\">&nbsp;<\/td>\n<\/tr>\n<\/tbody>\n<\/table>\n","protected":false},"excerpt":{"rendered":"<p>D\u00fcz \u00c7ekme Boncuklu Polyester Yazma 100&#215;100 cm Turquaz<\/p>\n","protected":false},"featured_media":72553,"comment_status":"open","ping_status":"closed","template":"","meta":{"_kad_post_transparent":"","_kad_post_title":"","_kad_post_layout":"","_kad_post_sidebar_id":"","_kad_post_content_style":"","_kad_post_vertical_padding":"","_kad_post_feature":"","_kad_post_feature_position":"","_kad_post_header":false,"_kad_post_footer":false,"_kad_post_classname":""},"product_brand":[],"product_cat":[457,537,547],"product_tag":[],"class_list":{"0":"post-74380","1":"product","2":"type-product","3":"status-publish","4":"has-post-thumbnail","6":"product_cat-giyim","7":"product_cat-kadin","8":"product_cat-tesettur-giyim","10":"first","11":"instock","12":"shipping-taxable","13":"purchasable","14":"product-type-simple","15":"entry","16":"content-bg","17":"loop-entry"},"_links":{"self":[{"href":"https:\/\/www.hediyepazar.com\/index.php?rest_route=\/wp\/v2\/product\/74380","targetHints":{"allow":["GET"]}}],"collection":[{"href":"https:\/\/www.hediyepazar.com\/index.php?rest_route=\/wp\/v2\/product"}],"about":[{"href":"https:\/\/www.hediyepazar.com\/index.php?rest_route=\/wp\/v2\/types\/product"}],"replies":[{"embeddable":true,"href":"https:\/\/www.hediyepazar.com\/index.php?rest_route=%2Fwp%2Fv2%2Fcomments&post=74380"}],"wp:featuredmedia":[{"embeddable":true,"href":"https:\/\/www.hediyepazar.com\/index.php?rest_route=\/wp\/v2\/media\/72553"}],"wp:attachment":[{"href":"https:\/\/www.hediyepazar.com\/index.php?rest_route=%2Fwp%2Fv2%2Fmedia&parent=74380"}],"wp:term":[{"taxonomy":"product_brand","embeddable":true,"href":"https:\/\/www.hediyepazar.com\/index.php?rest_route=%2Fwp%2Fv2%2Fproduct_brand&post=74380"},{"taxonomy":"product_cat","embeddable":true,"href":"https:\/\/www.hediyepazar.com\/index.php?rest_route=%2Fwp%2Fv2%2Fproduct_cat&post=74380"},{"taxonomy":"product_tag","embeddable":true,"href":"https:\/\/www.hediyepazar.com\/index.php?rest_route=%2Fwp%2Fv2%2Fproduct_tag&post=74380"}],"curies":[{"name":"wp","href":"https:\/\/api.w.org\/{rel}","templated":true}]}}