{"id":74388,"date":"2026-04-29T20:07:36","date_gmt":"2026-04-29T23:07:36","guid":{"rendered":"https:\/\/www.hediyepazar.com\/?product=2-adet-tesettur-esarp-ve-sal-klipsi-inci-beyaz"},"modified":"2026-04-29T20:07:36","modified_gmt":"2026-04-29T23:07:36","slug":"2-adet-tesettur-esarp-ve-sal-klipsi-inci-beyaz","status":"publish","type":"product","link":"https:\/\/www.hediyepazar.com\/?product=2-adet-tesettur-esarp-ve-sal-klipsi-inci-beyaz","title":{"rendered":"2 Adet Tesett\u00fcr E\u015farp ve \u015eal Klipsi \u0130nci Beyaz"},"content":{"rendered":"<table style=\"border-collapse:collapse; width:110pt; border:none\" width=\"147\">\n<colgroup>\n<col style=\"width:110pt\" width=\"147\" \/>\n\t<\/colgroup>\n<tbody>\n<tr height=\"20\" style=\"height:15.0pt\">\n<td class=\"xl66\" height=\"20\" style=\"border:none; height:15.0pt; width:110pt; white-space:nowrap; padding-top:1px; padding-right:1px; padding-left:1px; vertical-align:bottom\" width=\"147\"><span style=\"font-size:11pt\"><span style=\"color:black\"><span style=\"font-weight:400\"><span style=\"font-style:normal\"><span style=\"text-decoration:none\"><span style=\"font-family:Calibri,sans-serif\">2 Adet Tesett&uuml;r E\u015farp ve \u015eal Klipsi \u0130nci Beyaz<br \/>\n\t\t\tTesett&uuml;r giyimde \u015f\u0131kl\u0131\u011f\u0131n\u0131z\u0131 tamamlayacak \u015fal ve e\u015farp klipsleri,<br \/>\n\t\t\ts\u0131k\u0131 tutan k\u0131skac\u0131 sayesinde ba\u015f &ouml;rt&uuml;s&uuml; \u015fal ve e\u015farplar\u0131n\u0131zda kaymay\u0131 &ouml;nleyerek<br \/>\n\t\t\t\u015f\u0131k bir g&ouml;r&uuml;nt&uuml; kazand\u0131racak.<br \/>\n\t\t\tSeyahatte ofiste g&uuml;nl&uuml;k ve i\u015f ortam\u0131nda<br \/>\n\t\t\th\u0131zl\u0131 ve pratik kullan\u0131m sa\u011flar.<br \/>\n\t\t\t\u015eal ve e\u015farb\u0131n\u0131z\u0131 zedelemez.<br \/>\n\t\t\tS\u0131k\u0131 tutar.<\/p>\n<p>\t\t\tPaket i&ccedil;eri\u011fi: 2 adet \u015fal e\u015farp klipsi<\/p>\n<p>\t\t\tRenk: \u0130nci Beyaz<\/span><\/span><\/span><\/span><\/span><\/span><\/td>\n<\/tr>\n<\/tbody>\n<\/table>\n","protected":false},"excerpt":{"rendered":"<p>2 Adet Tesett\u00fcr E\u015farp ve \u015eal Klipsi \u0130nci Beyaz<\/p>\n","protected":false},"featured_media":72569,"comment_status":"open","ping_status":"closed","template":"","meta":{"_kad_post_transparent":"","_kad_post_title":"","_kad_post_layout":"","_kad_post_sidebar_id":"","_kad_post_content_style":"","_kad_post_vertical_padding":"","_kad_post_feature":"","_kad_post_feature_position":"","_kad_post_header":false,"_kad_post_footer":false,"_kad_post_classname":""},"product_brand":[],"product_cat":[457,537,547],"product_tag":[],"class_list":{"0":"post-74388","1":"product","2":"type-product","3":"status-publish","4":"has-post-thumbnail","6":"product_cat-giyim","7":"product_cat-kadin","8":"product_cat-tesettur-giyim","10":"first","11":"instock","12":"shipping-taxable","13":"purchasable","14":"product-type-simple","15":"entry","16":"content-bg","17":"loop-entry"},"_links":{"self":[{"href":"https:\/\/www.hediyepazar.com\/index.php?rest_route=\/wp\/v2\/product\/74388","targetHints":{"allow":["GET"]}}],"collection":[{"href":"https:\/\/www.hediyepazar.com\/index.php?rest_route=\/wp\/v2\/product"}],"about":[{"href":"https:\/\/www.hediyepazar.com\/index.php?rest_route=\/wp\/v2\/types\/product"}],"replies":[{"embeddable":true,"href":"https:\/\/www.hediyepazar.com\/index.php?rest_route=%2Fwp%2Fv2%2Fcomments&post=74388"}],"wp:featuredmedia":[{"embeddable":true,"href":"https:\/\/www.hediyepazar.com\/index.php?rest_route=\/wp\/v2\/media\/72569"}],"wp:attachment":[{"href":"https:\/\/www.hediyepazar.com\/index.php?rest_route=%2Fwp%2Fv2%2Fmedia&parent=74388"}],"wp:term":[{"taxonomy":"product_brand","embeddable":true,"href":"https:\/\/www.hediyepazar.com\/index.php?rest_route=%2Fwp%2Fv2%2Fproduct_brand&post=74388"},{"taxonomy":"product_cat","embeddable":true,"href":"https:\/\/www.hediyepazar.com\/index.php?rest_route=%2Fwp%2Fv2%2Fproduct_cat&post=74388"},{"taxonomy":"product_tag","embeddable":true,"href":"https:\/\/www.hediyepazar.com\/index.php?rest_route=%2Fwp%2Fv2%2Fproduct_tag&post=74388"}],"curies":[{"name":"wp","href":"https:\/\/api.w.org\/{rel}","templated":true}]}}