{"id":74524,"date":"2026-04-29T20:11:16","date_gmt":"2026-04-29T23:11:16","guid":{"rendered":"https:\/\/www.hediyepazar.com\/?product=kristal-el-orgu-lif-ipi-cimen-yesili-98229"},"modified":"2026-04-29T20:11:16","modified_gmt":"2026-04-29T23:11:16","slug":"kristal-el-orgu-lif-ipi-cimen-yesili-98229","status":"publish","type":"product","link":"https:\/\/www.hediyepazar.com\/?product=kristal-el-orgu-lif-ipi-cimen-yesili-98229","title":{"rendered":"Kristal El \u00d6rg\u00fc Lif \u0130pi \u00c7imen Ye\u015fili 98229"},"content":{"rendered":"<table style=\"border-collapse:collapse; width:59pt; border:none\" width=\"78\">\n<colgroup>\n<col style=\"width:59pt\" width=\"78\" \/>\n\t<\/colgroup>\n<tbody>\n<tr height=\"20\" style=\"height:15.0pt\">\n<td class=\"xl65\" height=\"20\" style=\"border:none; height:15.0pt; width:59pt; white-space:nowrap; padding-top:1px; padding-right:1px; padding-left:1px; vertical-align:bottom\" width=\"78\"><span style=\"font-size:11pt\"><span style=\"color:black\"><span style=\"font-weight:400\"><span style=\"font-style:normal\"><span style=\"text-decoration:none\"><span style=\"font-family:Calibri,sans-serif\">Kristal El &Ouml;rg&uuml; Lif \u0130pi &Ccedil;imen Ye\u015fili 98229<br \/>\n\t\t\tKullan\u0131lan alanlar: H\u0131rka, kazak, atk\u0131, bere, patik, bebek odas\u0131 tekstili ve daha bir&ccedil;ok &ouml;rg&uuml;de kullan\u0131ma uygundur.<br \/>\n\t\t\tHammaddesi: %100 Akrilik<br \/>\n\t\t\tYumak gramaj\u0131: 100 gr<br \/>\n\t\t\tEtiket metraj\u0131: 475 m<br \/>\n\t\t\tKullan\u0131lan \u015fi\u015f numaralar\u0131: 3 &#8211; 3.5<br \/>\n\t\t\tKullan\u0131lan t\u0131\u011f numaralar\u0131: 3.5<br \/>\n\t\t\t\u0130lmek bilgisi: 10&#215;10 cm &ouml;l&ccedil;&uuml; i&ccedil;in 30 S\u0131ra 21 \u0130lmek<br \/>\n\t\t\tMevsim: K\u0131\u015f, \u0130lkbahar, Yaz, Sonbahar<br \/>\n\t\t\tPaket i&ccedil;eri\u011fi<br \/>\n\t\t\t1 Adet<br \/>\n\t\t\t&nbsp;Kristal El &Ouml;rg&uuml; Lif \u0130pi &Ccedil;imen Ye\u015fili 98229<\/span><\/span><\/span><\/span><\/span><\/span><\/td>\n<\/tr>\n<\/tbody>\n<\/table>\n","protected":false},"excerpt":{"rendered":"<p>Kristal El \u00d6rg\u00fc Lif \u0130pi \u00c7imen Ye\u015fili 98229<\/p>\n","protected":false},"featured_media":72841,"comment_status":"open","ping_status":"closed","template":"","meta":{"_kad_post_transparent":"","_kad_post_title":"","_kad_post_layout":"","_kad_post_sidebar_id":"","_kad_post_content_style":"","_kad_post_vertical_padding":"","_kad_post_feature":"","_kad_post_feature_position":"","_kad_post_header":false,"_kad_post_footer":false,"_kad_post_classname":""},"product_brand":[],"product_cat":[557,568,569],"product_tag":[],"class_list":{"0":"post-74524","1":"product","2":"type-product","3":"status-publish","4":"has-post-thumbnail","6":"product_cat-ev-yasam","7":"product_cat-hobi","8":"product_cat-hobi-malzemeleri","10":"first","11":"instock","12":"shipping-taxable","13":"purchasable","14":"product-type-simple","15":"entry","16":"content-bg","17":"loop-entry"},"_links":{"self":[{"href":"https:\/\/www.hediyepazar.com\/index.php?rest_route=\/wp\/v2\/product\/74524","targetHints":{"allow":["GET"]}}],"collection":[{"href":"https:\/\/www.hediyepazar.com\/index.php?rest_route=\/wp\/v2\/product"}],"about":[{"href":"https:\/\/www.hediyepazar.com\/index.php?rest_route=\/wp\/v2\/types\/product"}],"replies":[{"embeddable":true,"href":"https:\/\/www.hediyepazar.com\/index.php?rest_route=%2Fwp%2Fv2%2Fcomments&post=74524"}],"wp:featuredmedia":[{"embeddable":true,"href":"https:\/\/www.hediyepazar.com\/index.php?rest_route=\/wp\/v2\/media\/72841"}],"wp:attachment":[{"href":"https:\/\/www.hediyepazar.com\/index.php?rest_route=%2Fwp%2Fv2%2Fmedia&parent=74524"}],"wp:term":[{"taxonomy":"product_brand","embeddable":true,"href":"https:\/\/www.hediyepazar.com\/index.php?rest_route=%2Fwp%2Fv2%2Fproduct_brand&post=74524"},{"taxonomy":"product_cat","embeddable":true,"href":"https:\/\/www.hediyepazar.com\/index.php?rest_route=%2Fwp%2Fv2%2Fproduct_cat&post=74524"},{"taxonomy":"product_tag","embeddable":true,"href":"https:\/\/www.hediyepazar.com\/index.php?rest_route=%2Fwp%2Fv2%2Fproduct_tag&post=74524"}],"curies":[{"name":"wp","href":"https:\/\/api.w.org\/{rel}","templated":true}]}}